{"id":612,"date":"2021-03-26T10:04:13","date_gmt":"2021-03-26T10:04:13","guid":{"rendered":"http:\/\/localhost\/nuss\/?page_id=612"},"modified":"2025-05-07T13:14:43","modified_gmt":"2025-05-07T13:14:43","slug":"restaurant","status":"publish","type":"page","link":"https:\/\/chimelongspaceshiphotel.com\/fr\/restaurant\/","title":{"rendered":"Restaurant"},"content":{"rendered":"<div data-elementor-type=\"wp-page\" data-elementor-id=\"612\" class=\"elementor elementor-612\">\n\t\t\t\t\t\t<section class=\"elementor-section elementor-top-section elementor-element elementor-element-e2effe8 elementor-section-boxed elementor-section-gap-beside-yes elementor-section-height-default elementor-section-height-default elementor-section-column-vertical-align-stretch\" data-id=\"e2effe8\" data-element_type=\"section\" data-e-type=\"section\">\n\t\t\t\t\t\t<div class=\"elementor-container elementor-column-gap-extended\">\n\t\t\t\t\t<div class=\"elementor-column elementor-col-100 elementor-top-column elementor-element elementor-element-e18f688\" data-id=\"e18f688\" data-element_type=\"column\" data-e-type=\"column\">\n\t\t\t<div class=\"elementor-widget-wrap elementor-element-populated\">\n\t\t\t\t\t\t<div class=\"elementor-element elementor-element-6db146d elementor-widget__width-initial elementor-invisible elementor-widget elementor-widget-text-editor\" data-id=\"6db146d\" data-element_type=\"widget\" data-e-type=\"widget\" data-settings=\"{&quot;_animation&quot;:&quot;nussFadeInUp&quot;}\" data-widget_type=\"text-editor.default\">\n\t\t\t\t<div class=\"elementor-widget-container\">\n\t\t\t\t\t\t\t\t\t<p>Embarquez pour un voyage culinaire unique au Chimelong Spaceship Hotel de Guangzhou, en Chine, o\u00f9 la restauration transcende l&#039;ordinaire et devient partie int\u00e9grante de votre aventure interstellaire. Nich\u00e9s dans le cadre futuriste de cet h\u00f4tel embl\u00e9matique, int\u00e9gr\u00e9 au vaste complexe touristique Chimelong, les restaurants et l&#039;offre gastronomique sont con\u00e7us pour ravir vos papilles tout en vous immergeant dans un monde de science-fiction. Ici, chaque repas est une mission, chaque bouch\u00e9e une d\u00e9couverte, car l&#039;h\u00f4tel red\u00e9finit la gastronomie avec une touche cosmique.<\/p>\t\t\t\t\t\t\t\t<\/div>\n\t\t\t\t<\/div>\n\t\t\t\t\t<\/div>\n\t\t<\/div>\n\t\t\t\t\t<\/div>\n\t\t<\/section>\n\t\t<div class=\"elementor-element elementor-element-44fc7cb e-flex e-con-boxed e-con e-parent\" data-id=\"44fc7cb\" data-element_type=\"container\" data-e-type=\"container\">\n\t\t\t\t\t<div class=\"e-con-inner\">\n\t\t<div class=\"elementor-element elementor-element-5738bc7 e-con-full e-flex e-con e-child\" data-id=\"5738bc7\" data-element_type=\"container\" data-e-type=\"container\">\n\t\t\t\t<div class=\"elementor-element elementor-element-42d0e5a elementor-widget elementor-widget-image\" data-id=\"42d0e5a\" data-element_type=\"widget\" data-e-type=\"widget\" data-widget_type=\"image.default\">\n\t\t\t\t<div class=\"elementor-widget-container\">\n\t\t\t\t\t\t\t\t\t\t\t\t\t\t\t<img fetchpriority=\"high\" decoding=\"async\" width=\"1280\" height=\"853\" src=\"https:\/\/chimelongspaceshiphotel.com\/wp-content\/uploads\/2025\/05\/Chimelong-Spaceship-Hotel-100.webp\" class=\"attachment-full size-full wp-image-5603\" alt=\"\" srcset=\"https:\/\/chimelongspaceshiphotel.com\/wp-content\/uploads\/2025\/05\/Chimelong-Spaceship-Hotel-100.webp 1280w, https:\/\/chimelongspaceshiphotel.com\/wp-content\/uploads\/2025\/05\/Chimelong-Spaceship-Hotel-100-300x200.webp 300w, https:\/\/chimelongspaceshiphotel.com\/wp-content\/uploads\/2025\/05\/Chimelong-Spaceship-Hotel-100-1024x682.webp 1024w, https:\/\/chimelongspaceshiphotel.com\/wp-content\/uploads\/2025\/05\/Chimelong-Spaceship-Hotel-100-768x512.webp 768w\" sizes=\"(max-width: 1280px) 100vw, 1280px\" \/>\t\t\t\t\t\t\t\t\t\t\t\t\t\t\t<\/div>\n\t\t\t\t<\/div>\n\t\t\t\t<\/div>\n\t\t<div class=\"elementor-element elementor-element-78510d7 e-con-full e-flex e-con e-child\" data-id=\"78510d7\" data-element_type=\"container\" data-e-type=\"container\">\n\t\t\t\t<div class=\"elementor-element elementor-element-58d7e77 elementor-widget elementor-widget-text-editor\" data-id=\"58d7e77\" data-element_type=\"widget\" data-e-type=\"widget\" data-widget_type=\"text-editor.default\">\n\t\t\t\t<div class=\"elementor-widget-container\">\n\t\t\t\t\t\t\t\t\t<p>D\u00e8s votre arriv\u00e9e dans les espaces de restauration du Chimelong Spaceship Hotel, vous serez imm\u00e9diatement transport\u00e9 dans des environnements qui \u00e9voquent la grandeur d&#039;une cuisine de vaisseau spatial ou d&#039;une salle de banquet extraterrestre. Le d\u00e9cor, avec ses touches m\u00e9talliques \u00e9pur\u00e9es, ses n\u00e9ons d&#039;ambiance et ses \u0153uvres d&#039;art sur le th\u00e8me de l&#039;espace, cr\u00e9e un cadre id\u00e9al pour une exp\u00e9rience inoubliable. Que vous d\u00eeniez au restaurant principal, dans un restaurant d\u00e9contract\u00e9 ou dans un restaurant sp\u00e9cialis\u00e9, l&#039;atmosph\u00e8re fait partie int\u00e9grante du repas, transformant chaque instant en sc\u00e8ne d&#039;un film spatial \u00e0 succ\u00e8s.<\/p><p>L&#039;offre culinaire de l&#039;h\u00f4tel est aussi diversifi\u00e9e que les galaxies, s&#039;adressant \u00e0 un large \u00e9ventail de palais et de pr\u00e9f\u00e9rences. Des plats gastronomiques d&#039;inspiration interstellaire alliant saveurs internationales et pr\u00e9sentation avant-gardiste aux plats r\u00e9confortants revisit\u00e9s avec une touche futuriste, les menus sont con\u00e7us pour surprendre et ravir. Savourez des cr\u00e9ations signatures comme les \u00ab\u00a0Plats de fruits de mer galactiques\u00a0\u00bb mettant en vedette les poissons les plus frais des eaux environnantes, ou laissez-vous tenter par les \u00ab\u00a0Cocktails cosmiques\u00a0\u00bb scintillants de paillettes comestibles et de teintes surnaturelles. Pour les familles, des options adapt\u00e9es aux enfants sont propos\u00e9es avec des th\u00e8mes ludiques, transformant m\u00eame les plus difficiles en explorateurs spatiaux enthousiastes.<\/p>\t\t\t\t\t\t\t\t<\/div>\n\t\t\t\t<\/div>\n\t\t\t\t<\/div>\n\t\t\t\t\t<\/div>\n\t\t\t\t<\/div>\n\t\t<div class=\"elementor-element elementor-element-07115d6 e-flex e-con-boxed e-con e-parent\" data-id=\"07115d6\" data-element_type=\"container\" data-e-type=\"container\">\n\t\t\t\t\t<div class=\"e-con-inner\">\n\t\t<div class=\"elementor-element elementor-element-8ea159b e-con-full e-flex e-con e-child\" data-id=\"8ea159b\" data-element_type=\"container\" data-e-type=\"container\">\n\t\t\t\t<div class=\"elementor-element elementor-element-308762f elementor-widget elementor-widget-text-editor\" data-id=\"308762f\" data-element_type=\"widget\" data-e-type=\"widget\" data-widget_type=\"text-editor.default\">\n\t\t\t\t<div class=\"elementor-widget-container\">\n\t\t\t\t\t\t\t\t\t<p>Le Chimelong Spaceship Hotel propose plusieurs restaurants, chacun dot\u00e9 d&#039;un caract\u00e8re unique. Le restaurant principal, v\u00e9ritable c\u0153ur de l&#039;univers culinaire de l&#039;h\u00f4tel, propose des buffets et des plats \u00e0 la carte mettant en valeur les sp\u00e9cialit\u00e9s cantonaises locales et les cuisines du monde entier, tout en offrant une vue panoramique sur le Chimelong Ocean Kingdom ou la mer de Chine m\u00e9ridionale. Pour une exp\u00e9rience plus d\u00e9contract\u00e9e, des comptoirs de restauration rapide et des snack-bars th\u00e9matiques r\u00e9partis dans l&#039;\u00e9tablissement permettent aux aventuriers en d\u00e9placement de se ressourcer sans se fatiguer. Des \u00e9v\u00e9nements gastronomiques sp\u00e9ciaux, tels que des d\u00eeners \u00e0 th\u00e8me ou des tables de chefs, subliment l&#039;exp\u00e9rience et permettent aux clients de d\u00e9couvrir la cr\u00e9ativit\u00e9 de chaque plat.<\/p><p>Au-del\u00e0 de la cuisine elle-m\u00eame, le service des restaurants du Chimelong Spaceship Hotel est assur\u00e9 avec la chaleur et la pr\u00e9cision d&#039;un \u00e9quipage qualifi\u00e9, permettant \u00e0 chaque client de se sentir comme aux commandes de son propre vaisseau spatial. Que vous recherchiez un d\u00eener romantique sous la lumi\u00e8re artificielle des \u00e9toiles, un festin en famille apr\u00e8s une journ\u00e9e de sensations fortes dans le parc ou un en-cas rapide avant votre prochaine aventure, les exp\u00e9riences culinaires sont con\u00e7ues pour vous faire sentir comme chez vous, \u00e0 des millions d&#039;ann\u00e9es-lumi\u00e8re de l&#039;ordinaire.<\/p>\t\t\t\t\t\t\t\t<\/div>\n\t\t\t\t<\/div>\n\t\t\t\t<\/div>\n\t\t<div class=\"elementor-element elementor-element-b3f049c e-con-full e-flex e-con e-child\" data-id=\"b3f049c\" data-element_type=\"container\" data-e-type=\"container\">\n\t\t\t\t<div class=\"elementor-element elementor-element-8a2ef27 elementor-widget elementor-widget-image\" data-id=\"8a2ef27\" data-element_type=\"widget\" data-e-type=\"widget\" data-widget_type=\"image.default\">\n\t\t\t\t<div class=\"elementor-widget-container\">\n\t\t\t\t\t\t\t\t\t\t\t\t\t\t\t<img decoding=\"async\" width=\"1024\" height=\"682\" src=\"https:\/\/chimelongspaceshiphotel.com\/wp-content\/uploads\/2025\/05\/Chimelong-Spaceship-Hotel-43-1024x682.webp\" class=\"attachment-large size-large wp-image-5599\" alt=\"\" srcset=\"https:\/\/chimelongspaceshiphotel.com\/wp-content\/uploads\/2025\/05\/Chimelong-Spaceship-Hotel-43-1024x682.webp 1024w, https:\/\/chimelongspaceshiphotel.com\/wp-content\/uploads\/2025\/05\/Chimelong-Spaceship-Hotel-43-300x200.webp 300w, https:\/\/chimelongspaceshiphotel.com\/wp-content\/uploads\/2025\/05\/Chimelong-Spaceship-Hotel-43-768x512.webp 768w, https:\/\/chimelongspaceshiphotel.com\/wp-content\/uploads\/2025\/05\/Chimelong-Spaceship-Hotel-43.webp 1280w\" sizes=\"(max-width: 1024px) 100vw, 1024px\" \/>\t\t\t\t\t\t\t\t\t\t\t\t\t\t\t<\/div>\n\t\t\t\t<\/div>\n\t\t\t\t<\/div>\n\t\t\t\t\t<\/div>\n\t\t\t\t<\/div>\n\t\t<div class=\"elementor-element elementor-element-b62d376 e-flex e-con-boxed e-con e-parent\" data-id=\"b62d376\" data-element_type=\"container\" data-e-type=\"container\">\n\t\t\t\t\t<div class=\"e-con-inner\">\n\t\t\t\t<div class=\"elementor-element elementor-element-5e796b5 elementor-widget elementor-widget-text-editor\" data-id=\"5e796b5\" data-element_type=\"widget\" data-e-type=\"widget\" data-widget_type=\"text-editor.default\">\n\t\t\t\t<div class=\"elementor-widget-container\">\n\t\t\t\t\t\t\t\t\t<div class=\"markdown-SpwdOz __markdown\" dir=\"auto\"><p>Bienvenue aux fronti\u00e8res gastronomiques du Chimelong Spaceship Hotel, o\u00f9 saveurs et imagination se rencontrent, et o\u00f9 chaque repas est un tremplin vers de nouveaux sommets culinaires. Pr\u00e9parez vos sens \u00e0 un voyage gustatif et gustatif hors du commun.<\/p><\/div>\t\t\t\t\t\t\t\t<\/div>\n\t\t\t\t<\/div>\n\t\t\t\t\t<\/div>\n\t\t\t\t<\/div>\n\t\t\t\t<section class=\"elementor-section elementor-top-section elementor-element elementor-element-5da3c49f elementor-section-stretched elementor-section-boxed elementor-section-gap-beside-yes elementor-section-height-default elementor-section-height-default elementor-section-column-vertical-align-stretch\" data-id=\"5da3c49f\" data-element_type=\"section\" data-e-type=\"section\" data-settings=\"{&quot;background_background&quot;:&quot;classic&quot;,&quot;stretch_section&quot;:&quot;section-stretched&quot;}\">\n\t\t\t\t\t\t<div class=\"elementor-container elementor-column-gap-extended\">\n\t\t\t\t\t<div class=\"elementor-column elementor-col-100 elementor-top-column elementor-element elementor-element-5d86b9d3\" data-id=\"5d86b9d3\" data-element_type=\"column\" data-e-type=\"column\">\n\t\t\t<div class=\"elementor-widget-wrap elementor-element-populated\">\n\t\t\t\t\t\t<div class=\"elementor-element elementor-element-299f29d elementor-widget elementor-widget-heading\" data-id=\"299f29d\" data-element_type=\"widget\" data-e-type=\"widget\" data-widget_type=\"heading.default\">\n\t\t\t\t<div class=\"elementor-widget-container\">\n\t\t\t\t\t<h2 class=\"elementor-heading-title elementor-size-default\">Ch\u00e8que disponible <\/h2>\t\t\t\t<\/div>\n\t\t\t\t<\/div>\n\t\t\t\t<div class=\"elementor-element elementor-element-1b9b082e elementor-widget elementor-widget-text-editor\" data-id=\"1b9b082e\" data-element_type=\"widget\" data-e-type=\"widget\" data-widget_type=\"text-editor.default\">\n\t\t\t\t<div class=\"elementor-widget-container\">\n\t\t\t\t\t\t\t\t\t<iframe border=\"0\" src=\"https:\/\/www.trip.com\/partners\/ad\/S3465275?Allianceid=5415915&#038;SID=204953624&#038;trip_sub1=\" style=\"width:900px;height:200px\" frameborder=\"0\" scrolling=\"no\" id=\"S3465275\"><\/iframe>\t\t\t\t\t\t\t\t<\/div>\n\t\t\t\t<\/div>\n\t\t\t\t\t<\/div>\n\t\t<\/div>\n\t\t\t\t\t<\/div>\n\t\t<\/section>\n\t\t<div class=\"elementor-element elementor-element-07413d8 e-flex e-con-boxed e-con e-parent\" data-id=\"07413d8\" data-element_type=\"container\" data-e-type=\"container\">\n\t\t\t\t\t<div class=\"e-con-inner\">\n\t\t\t\t<div class=\"elementor-element elementor-element-fd59a08 elementor-widget elementor-widget-heading\" data-id=\"fd59a08\" data-element_type=\"widget\" data-e-type=\"widget\" data-widget_type=\"heading.default\">\n\t\t\t\t<div class=\"elementor-widget-container\">\n\t\t\t\t\t<h2 class=\"elementor-heading-title elementor-size-default\">D\u00eener au Chimelong Spaceship Hotel\u00a0: 3 restaurants sur place\n\n<\/h2>\t\t\t\t<\/div>\n\t\t\t\t<\/div>\n\t\t\t\t<div class=\"elementor-element elementor-element-4762638 elementor-widget elementor-widget-text-editor\" data-id=\"4762638\" data-element_type=\"widget\" data-e-type=\"widget\" data-widget_type=\"text-editor.default\">\n\t\t\t\t<div class=\"elementor-widget-container\">\n\t\t\t\t\t\t\t\t\t<p>Le Chimelong Spaceship Hotel propose une exp\u00e9rience culinaire exceptionnelle avec ses trois restaurants \u00e0 th\u00e8me. Voici un aper\u00e7u des options de restauration disponibles\u00a0:<\/p><hr \/><p><strong>1. Restaurant buffet marin (\u6c34\u624b\u81ea\u52a9\u9910\u5385)<\/strong><\/p><ul><li><strong>Style<\/strong>: Buffet<\/li><li><strong>Cuisine<\/strong>: Asiatique et chinois<\/li><li><strong>Heures<\/strong>: Petit-d\u00e9jeuner (7h00-10h30) | D\u00eener (17h30-21h30)<\/li><li><strong>Ambiance<\/strong>:Moderne et anim\u00e9, parfait pour les familles et les repas d\u00e9contract\u00e9s.<\/li><li><strong>Points forts<\/strong>Id\u00e9al pour des repas copieux et vari\u00e9s. Les clients appr\u00e9cient souvent son petit-d\u00e9jeuner copieux et son menu pour le d\u00eener.<\/li><\/ul><hr \/><p><strong>2. Restaurant Corail (\u73ca\u745a\u9910\u5385)<\/strong><\/p><ul><li><strong>Style<\/strong>: Buffet<\/li><li><strong>Cuisine<\/strong>:International (sp\u00e9cialit\u00e9s exactes non pr\u00e9cis\u00e9es)<\/li><li><strong>Heures<\/strong>: D\u00e9jeuner (11h30-14h30)<\/li><li><strong>Ambiance<\/strong>:Romantique et serein, id\u00e9al pour un repas de midi d\u00e9contract\u00e9.<\/li><li><strong>Points forts<\/strong>:Une option plus calme pour le d\u00e9jeuner, proposant des plats frais et savoureux dans un cadre \u00e9l\u00e9gant.<\/li><\/ul><hr \/><p><strong>3. Restaurant avec piscine \u00e0 d\u00e9bordement (\u65e0\u8fb9\u9645\u6cf3\u6c60\u9910\u5385)<\/strong><\/p><ul><li><strong>Style<\/strong>: \u00c0 la carte<\/li><li><strong>Cuisine<\/strong>:Non sp\u00e9cifi\u00e9 (probablement international ou fusion)<\/li><li><strong>Heures<\/strong>: D\u00eener (17h30-21h30)<\/li><li><strong>Ambiance<\/strong>:Moderne avec vue sur la piscine, alliant sophistication et d\u00e9tente.<\/li><li><strong>Points forts<\/strong>D\u00eenez au bord de la piscine \u00e0 d\u00e9bordement pour une soir\u00e9e m\u00e9morable. Id\u00e9al pour les couples ou ceux qui recherchent un d\u00eener raffin\u00e9.<\/li><\/ul><hr \/><p><strong>Commentaires des clients<\/strong>Les visiteurs mentionnent souvent les d\u00e9licieux buffets et la commodit\u00e9 de la diversit\u00e9 des options de restauration propos\u00e9es au sein de l&#039;h\u00f4tel. Si les buffets du petit-d\u00e9jeuner et du d\u00eener sont appr\u00e9ci\u00e9s pour leur vari\u00e9t\u00e9, certains soulignent que des options de cuisine internationale suppl\u00e9mentaires pourraient enrichir l&#039;exp\u00e9rience.<\/p><p>Que vous fassiez le plein d&#039;\u00e9nergie pour une journ\u00e9e \u00e0 Chimelong Parks ou que vous vous d\u00e9tendiez apr\u00e8s des aventures, ces restaurants r\u00e9pondent \u00e0 tous les go\u00fbts et \u00e0 toutes les humeurs\u00a0! \ud83d\ude80\ud83c\udf7d\ufe0f<\/p>\t\t\t\t\t\t\t\t<\/div>\n\t\t\t\t<\/div>\n\t\t\t\t\t<\/div>\n\t\t\t\t<\/div>\n\t\t<div class=\"elementor-element elementor-element-e1a73dc e-flex e-con-boxed e-con e-parent\" data-id=\"e1a73dc\" data-element_type=\"container\" data-e-type=\"container\">\n\t\t\t\t\t<div class=\"e-con-inner\">\n\t\t\t\t<div class=\"elementor-element elementor-element-324893e elementor-widget elementor-widget-nuss-image-gallery\" data-id=\"324893e\" data-element_type=\"widget\" data-e-type=\"widget\" data-widget_type=\"nuss-image-gallery.default\">\n\t\t\t\t<div class=\"elementor-widget-container\">\n\t\t\t\t\t\t\t<div class=\"nuss-grid-wrapper\" data-grid=\"{&quot;type&quot;:&quot;grid&quot;,&quot;ratio&quot;:null,&quot;columns&quot;:3,&quot;gutter&quot;:30}\">\r\n\t\t\t<div class=\"nuss-grid lazy-grid\">\r\n\t\t\t\t<div class=\"grid-sizer\"><\/div>\r\n\r\n\t\t\t\t\t\t\t\t\t\t\t\t<div class=\"grid-item\">\r\n\t\t\t\t\t\t<div class=\"nuss-box\">\t\t<div class=\"nuss-image image\">\r\n\t\t\t<img decoding=\"async\"  src=\"https:\/\/chimelongspaceshiphotel.com\/wp-content\/uploads\/2025\/05\/Chimelong-Spaceship-Hotel-103.webp\" alt=\"H\u00f4tel vaisseau spatial Chimelong (103)\" \/>\t\t<\/div>\r\n\t\t\t\t<\/div>\t\t\t\t\t<\/div>\r\n\t\t\t\t\t\t<div class=\"grid-item\">\r\n\t\t\t\t\t\t<div class=\"nuss-box\">\t\t<div class=\"nuss-image image\">\r\n\t\t\t<img decoding=\"async\"  src=\"https:\/\/chimelongspaceshiphotel.com\/wp-content\/uploads\/2025\/05\/Chimelong-Spaceship-Hotel-87.webp\" alt=\"H\u00f4tel vaisseau spatial Chimelong (87)\" \/>\t\t<\/div>\r\n\t\t\t\t<\/div>\t\t\t\t\t<\/div>\r\n\t\t\t\t\t\t<div class=\"grid-item\">\r\n\t\t\t\t\t\t<div class=\"nuss-box\">\t\t<div class=\"nuss-image image\">\r\n\t\t\t<img decoding=\"async\"  src=\"https:\/\/chimelongspaceshiphotel.com\/wp-content\/uploads\/2025\/05\/Chimelong-Spaceship-Hotel-78.webp\" alt=\"H\u00f4tel vaisseau spatial Chimelong (78)\" \/>\t\t<\/div>\r\n\t\t\t\t<\/div>\t\t\t\t\t<\/div>\r\n\t\t\t\t\t\t<div class=\"grid-item\">\r\n\t\t\t\t\t\t<div class=\"nuss-box\">\t\t<div class=\"nuss-image image\">\r\n\t\t\t<img decoding=\"async\"  src=\"https:\/\/chimelongspaceshiphotel.com\/wp-content\/uploads\/2025\/05\/Chimelong-Spaceship-Hotel-68.webp\" alt=\"H\u00f4tel vaisseau spatial Chimelong (68)\" \/>\t\t<\/div>\r\n\t\t\t\t<\/div>\t\t\t\t\t<\/div>\r\n\t\t\t\t\t\t<div class=\"grid-item\">\r\n\t\t\t\t\t\t<div class=\"nuss-box\">\t\t<div class=\"nuss-image image\">\r\n\t\t\t<img decoding=\"async\"  src=\"https:\/\/chimelongspaceshiphotel.com\/wp-content\/uploads\/2025\/05\/Chimelong-Spaceship-Hotel-65.webp\" alt=\"H\u00f4tel vaisseau spatial Chimelong (65)\" \/>\t\t<\/div>\r\n\t\t\t\t<\/div>\t\t\t\t\t<\/div>\r\n\t\t\t\t\t\t<div class=\"grid-item\">\r\n\t\t\t\t\t\t<div class=\"nuss-box\">\t\t<div class=\"nuss-image image\">\r\n\t\t\t<img decoding=\"async\"  src=\"https:\/\/chimelongspaceshiphotel.com\/wp-content\/uploads\/2025\/05\/Chimelong-Spaceship-Hotel-63.webp\" alt=\"H\u00f4tel vaisseau spatial Chimelong (63)\" \/>\t\t<\/div>\r\n\t\t\t\t<\/div>\t\t\t\t\t<\/div>\r\n\t\t\t\t\t\t<div class=\"grid-item\">\r\n\t\t\t\t\t\t<div class=\"nuss-box\">\t\t<div class=\"nuss-image image\">\r\n\t\t\t<img decoding=\"async\"  src=\"https:\/\/chimelongspaceshiphotel.com\/wp-content\/uploads\/2025\/05\/Chimelong-Spaceship-Hotel-52.webp\" alt=\"H\u00f4tel vaisseau spatial Chimelong (52)\" \/>\t\t<\/div>\r\n\t\t\t\t<\/div>\t\t\t\t\t<\/div>\r\n\t\t\t\t\t\t<div class=\"grid-item\">\r\n\t\t\t\t\t\t<div class=\"nuss-box\">\t\t<div class=\"nuss-image image\">\r\n\t\t\t<img decoding=\"async\"  src=\"https:\/\/chimelongspaceshiphotel.com\/wp-content\/uploads\/2025\/05\/Chimelong-Spaceship-Hotel-48.webp\" alt=\"H\u00f4tel vaisseau spatial Chimelong (48)\" \/>\t\t<\/div>\r\n\t\t\t\t<\/div>\t\t\t\t\t<\/div>\r\n\t\t\t\t\t\t<div class=\"grid-item\">\r\n\t\t\t\t\t\t<div class=\"nuss-box\">\t\t<div class=\"nuss-image image\">\r\n\t\t\t<img decoding=\"async\"  src=\"https:\/\/chimelongspaceshiphotel.com\/wp-content\/uploads\/2025\/05\/Chimelong-Spaceship-Hotel-30.webp\" alt=\"H\u00f4tel vaisseau spatial Chimelong (30)\" \/>\t\t<\/div>\r\n\t\t\t\t<\/div>\t\t\t\t\t<\/div>\r\n\t\t\t\t\t\t<div class=\"grid-item\">\r\n\t\t\t\t\t\t<div class=\"nuss-box\">\t\t<div class=\"nuss-image image\">\r\n\t\t\t<img decoding=\"async\"  src=\"https:\/\/chimelongspaceshiphotel.com\/wp-content\/uploads\/2025\/05\/Chimelong-Spaceship-Hotel-20.webp\" alt=\"H\u00f4tel vaisseau spatial Chimelong (20)\" \/>\t\t<\/div>\r\n\t\t\t\t<\/div>\t\t\t\t\t<\/div>\r\n\t\t\t\t\t\t<div class=\"grid-item\">\r\n\t\t\t\t\t\t<div class=\"nuss-box\">\t\t<div class=\"nuss-image image\">\r\n\t\t\t<img decoding=\"async\"  src=\"https:\/\/chimelongspaceshiphotel.com\/wp-content\/uploads\/2025\/05\/Chimelong-Spaceship-Hotel-67.webp\" alt=\"H\u00f4tel vaisseau spatial Chimelong (67)\" \/>\t\t<\/div>\r\n\t\t\t\t<\/div>\t\t\t\t\t<\/div>\r\n\t\t\t\t\t\t<div class=\"grid-item\">\r\n\t\t\t\t\t\t<div class=\"nuss-box\">\t\t<div class=\"nuss-image image\">\r\n\t\t\t<img decoding=\"async\"  src=\"https:\/\/chimelongspaceshiphotel.com\/wp-content\/uploads\/2025\/05\/Chimelong-Spaceship-Hotel-62.webp\" alt=\"H\u00f4tel vaisseau spatial Chimelong (62)\" \/>\t\t<\/div>\r\n\t\t\t\t<\/div>\t\t\t\t\t<\/div>\r\n\t\t\t\t\t\t<div class=\"grid-item\">\r\n\t\t\t\t\t\t<div class=\"nuss-box\">\t\t<div class=\"nuss-image image\">\r\n\t\t\t<img decoding=\"async\"  src=\"https:\/\/chimelongspaceshiphotel.com\/wp-content\/uploads\/2025\/05\/Chimelong-Spaceship-Hotel-51.webp\" alt=\"H\u00f4tel vaisseau spatial Chimelong (51)\" \/>\t\t<\/div>\r\n\t\t\t\t<\/div>\t\t\t\t\t<\/div>\r\n\t\t\t\t\t\t<div class=\"grid-item\">\r\n\t\t\t\t\t\t<div class=\"nuss-box\">\t\t<div class=\"nuss-image image\">\r\n\t\t\t<img decoding=\"async\"  src=\"https:\/\/chimelongspaceshiphotel.com\/wp-content\/uploads\/2025\/05\/Chimelong-Spaceship-Hotel-43.webp\" alt=\"H\u00f4tel vaisseau spatial Chimelong (43)\" \/>\t\t<\/div>\r\n\t\t\t\t<\/div>\t\t\t\t\t<\/div>\r\n\t\t\t\t\t\t<div class=\"grid-item\">\r\n\t\t\t\t\t\t<div class=\"nuss-box\">\t\t<div class=\"nuss-image image\">\r\n\t\t\t<img decoding=\"async\"  src=\"https:\/\/chimelongspaceshiphotel.com\/wp-content\/uploads\/2025\/05\/Chimelong-Spaceship-Hotel-37.webp\" alt=\"H\u00f4tel vaisseau spatial Chimelong (37)\" \/>\t\t<\/div>\r\n\t\t\t\t<\/div>\t\t\t\t\t<\/div>\r\n\t\t\t\t\t\t<div class=\"grid-item\">\r\n\t\t\t\t\t\t<div class=\"nuss-box\">\t\t<div class=\"nuss-image image\">\r\n\t\t\t<img decoding=\"async\"  src=\"https:\/\/chimelongspaceshiphotel.com\/wp-content\/uploads\/2025\/05\/Chimelong-Spaceship-Hotel-21.webp\" alt=\"H\u00f4tel vaisseau spatial Chimelong (21)\" \/>\t\t<\/div>\r\n\t\t\t\t<\/div>\t\t\t\t\t<\/div>\r\n\t\t\t\t\t\t<div class=\"grid-item\">\r\n\t\t\t\t\t\t<div class=\"nuss-box\">\t\t<div class=\"nuss-image image\">\r\n\t\t\t<img decoding=\"async\"  src=\"https:\/\/chimelongspaceshiphotel.com\/wp-content\/uploads\/2025\/05\/Chimelong-Spaceship-Hotel-13.webp\" alt=\"H\u00f4tel vaisseau spatial Chimelong (13)\" \/>\t\t<\/div>\r\n\t\t\t\t<\/div>\t\t\t\t\t<\/div>\r\n\t\t\t\t\t\t<div class=\"grid-item\">\r\n\t\t\t\t\t\t<div class=\"nuss-box\">\t\t<div class=\"nuss-image image\">\r\n\t\t\t<img decoding=\"async\"  src=\"https:\/\/chimelongspaceshiphotel.com\/wp-content\/uploads\/2025\/05\/Chimelong-Spaceship-Hotel-96.webp\" alt=\"H\u00f4tel vaisseau spatial Chimelong (96)\" \/>\t\t<\/div>\r\n\t\t\t\t<\/div>\t\t\t\t\t<\/div>\r\n\t\t\t\t\t\t\t\r\n\t\t\t<\/div>\r\n\t\t<\/div>\r\n\t\t\t\t\t\t<\/div>\n\t\t\t\t<\/div>\n\t\t\t\t\t<\/div>\n\t\t\t\t<\/div>\n\t\t\t\t<\/div>","protected":false},"excerpt":{"rendered":"<p>Embark on a culinary voyage unlike any other at the Chimelong Spaceship Hotel in Guangzhou, China, where dining transcends the ordinary and becomes an integral part of your interstellar adventure. Nestled within the futuristic confines of this iconic hotel, part of the sprawling Chimelong Tourist Resort, the restaurants and food offerings are designed to tantalize [&hellip;]<\/p>\n","protected":false},"author":1,"featured_media":0,"parent":0,"menu_order":0,"comment_status":"closed","ping_status":"closed","template":"","meta":{"footnotes":""},"class_list":["post-612","page","type-page","status-publish","hentry","post-no-thumbnail"],"_links":{"self":[{"href":"https:\/\/chimelongspaceshiphotel.com\/fr\/wp-json\/wp\/v2\/pages\/612","targetHints":{"allow":["GET"]}}],"collection":[{"href":"https:\/\/chimelongspaceshiphotel.com\/fr\/wp-json\/wp\/v2\/pages"}],"about":[{"href":"https:\/\/chimelongspaceshiphotel.com\/fr\/wp-json\/wp\/v2\/types\/page"}],"author":[{"embeddable":true,"href":"https:\/\/chimelongspaceshiphotel.com\/fr\/wp-json\/wp\/v2\/users\/1"}],"replies":[{"embeddable":true,"href":"https:\/\/chimelongspaceshiphotel.com\/fr\/wp-json\/wp\/v2\/comments?post=612"}],"version-history":[{"count":0,"href":"https:\/\/chimelongspaceshiphotel.com\/fr\/wp-json\/wp\/v2\/pages\/612\/revisions"}],"wp:attachment":[{"href":"https:\/\/chimelongspaceshiphotel.com\/fr\/wp-json\/wp\/v2\/media?parent=612"}],"curies":[{"name":"wp","href":"https:\/\/api.w.org\/{rel}","templated":true}]}}