{"id":2106,"date":"2021-03-25T04:08:26","date_gmt":"2021-03-25T04:08:26","guid":{"rendered":"http:\/\/localhost\/nuss\/?page_id=298"},"modified":"2025-12-04T15:08:35","modified_gmt":"2025-12-04T15:08:35","slug":"experiences","status":"publish","type":"page","link":"https:\/\/chimelongspaceshiphotel.com\/fr\/experiences\/","title":{"rendered":"Exp\u00e9riences"},"content":{"rendered":"<div data-elementor-type=\"wp-page\" data-elementor-id=\"2106\" class=\"elementor elementor-2106\">\n\t\t\t\t\t\t<section class=\"elementor-section elementor-top-section elementor-element elementor-element-1954ffc elementor-section-boxed elementor-section-gap-beside-yes elementor-section-height-default elementor-section-height-default elementor-section-column-vertical-align-stretch\" data-id=\"1954ffc\" data-element_type=\"section\" data-e-type=\"section\">\n\t\t\t\t\t\t<div class=\"elementor-container elementor-column-gap-extended\">\n\t\t\t\t\t<div class=\"elementor-column elementor-col-100 elementor-top-column elementor-element elementor-element-86aebc5\" data-id=\"86aebc5\" data-element_type=\"column\" data-e-type=\"column\">\n\t\t\t<div class=\"elementor-widget-wrap elementor-element-populated\">\n\t\t\t\t\t\t<div class=\"elementor-element elementor-element-11803d1 elementor-widget__width-initial elementor-invisible elementor-widget elementor-widget-text-editor\" data-id=\"11803d1\" data-element_type=\"widget\" data-e-type=\"widget\" data-settings=\"{&quot;_animation&quot;:&quot;nussFadeInUp&quot;}\" data-widget_type=\"text-editor.default\">\n\t\t\t\t<div class=\"elementor-widget-container\">\n\t\t\t\t\t\t\t\t\t<h3>Un voyage galactique \u00e0 travers les commentaires des clients<\/h3>\t\t\t\t\t\t\t\t<\/div>\n\t\t\t\t<\/div>\n\t\t\t\t\t<\/div>\n\t\t<\/div>\n\t\t\t\t\t<\/div>\n\t\t<\/section>\n\t\t\t\t<section class=\"elementor-section elementor-top-section elementor-element elementor-element-b2344ff elementor-section-gap-beside-no elementor-section-boxed elementor-section-height-default elementor-section-height-default elementor-section-column-vertical-align-stretch\" data-id=\"b2344ff\" data-element_type=\"section\" data-e-type=\"section\">\n\t\t\t\t\t\t<div class=\"elementor-container elementor-column-gap-extended\">\n\t\t\t\t\t<div class=\"elementor-column elementor-col-50 elementor-top-column elementor-element elementor-element-4698ec8\" data-id=\"4698ec8\" data-element_type=\"column\" data-e-type=\"column\">\n\t\t\t<div class=\"elementor-widget-wrap elementor-element-populated\">\n\t\t\t\t\t\t<div class=\"elementor-element elementor-element-88e5290 elementor-invisible nuss-elementor-loading nuss-slide-in-right elementor-widget elementor-widget-image\" data-id=\"88e5290\" data-element_type=\"widget\" data-e-type=\"widget\" data-settings=\"{&quot;_animation&quot;:&quot;nussSlideInRight&quot;}\" data-widget_type=\"image.default\">\n\t\t\t\t<div class=\"elementor-widget-container\">\n\t\t\t\t\t\t\t\t\t\t\t\t\t\t\t<img fetchpriority=\"high\" decoding=\"async\" width=\"1138\" height=\"853\" src=\"https:\/\/chimelongspaceshiphotel.com\/wp-content\/uploads\/2025\/05\/Chimelong-Spaceship-Hotel-101.webp\" class=\"attachment-full size-full wp-image-5655\" alt=\"\" srcset=\"https:\/\/chimelongspaceshiphotel.com\/wp-content\/uploads\/2025\/05\/Chimelong-Spaceship-Hotel-101.webp 1138w, https:\/\/chimelongspaceshiphotel.com\/wp-content\/uploads\/2025\/05\/Chimelong-Spaceship-Hotel-101-300x225.webp 300w, https:\/\/chimelongspaceshiphotel.com\/wp-content\/uploads\/2025\/05\/Chimelong-Spaceship-Hotel-101-1024x768.webp 1024w, https:\/\/chimelongspaceshiphotel.com\/wp-content\/uploads\/2025\/05\/Chimelong-Spaceship-Hotel-101-768x576.webp 768w\" sizes=\"(max-width: 1138px) 100vw, 1138px\" \/>\t\t\t\t\t\t\t\t\t\t\t\t\t\t\t<\/div>\n\t\t\t\t<\/div>\n\t\t\t\t\t<\/div>\n\t\t<\/div>\n\t\t\t\t<div class=\"elementor-column elementor-col-50 elementor-top-column elementor-element elementor-element-4b9e677\" data-id=\"4b9e677\" data-element_type=\"column\" data-e-type=\"column\">\n\t\t\t<div class=\"elementor-widget-wrap elementor-element-populated\">\n\t\t\t\t\t\t<div class=\"elementor-element elementor-element-bc0b7e2 elementor-invisible elementor-widget elementor-widget-text-editor\" data-id=\"bc0b7e2\" data-element_type=\"widget\" data-e-type=\"widget\" data-settings=\"{&quot;_animation&quot;:&quot;nussFadeInUp&quot;}\" data-widget_type=\"text-editor.default\">\n\t\t\t\t<div class=\"elementor-widget-container\">\n\t\t\t\t\t\t\t\t\t<p>Embarquez pour un voyage \u00e0 travers les \u00e9toiles sans jamais quitter la Terre au Chimelong Spaceship Hotel, une destination unique \u00e0 Zhuhai, en Chine, o\u00f9 design futuriste et luxe incomparable se conjuguent. Nich\u00e9 au c\u0153ur du Chimelong Tourist Resort, ce joyau 5 \u00e9toiles captive l&#039;imagination des voyageurs du monde entier depuis son ouverture en 2021. Avec son architecture impressionnante rappelant celle d&#039;un vaisseau spatial, ses int\u00e9rieurs immersifs sur le th\u00e8me de l&#039;espace et sa proximit\u00e9 avec le Chimelong Ocean Kingdom, mondialement connu, l&#039;h\u00f4tel promet une exp\u00e9rience hors du commun m\u00ealant aventure, d\u00e9tente et innovation. Mais que pensent r\u00e9ellement les clients de leur s\u00e9jour dans ce sanctuaire cosmique\u00a0? Plongeons dans les exp\u00e9riences et les avis clients qui brossent un tableau saisissant de la vie \u00e0 bord de ce vaisseau spatial extraordinaire.<\/p>\t\t\t\t\t\t\t\t<\/div>\n\t\t\t\t<\/div>\n\t\t\t\t\t<\/div>\n\t\t<\/div>\n\t\t\t\t\t<\/div>\n\t\t<\/section>\n\t\t\t\t<section class=\"elementor-section elementor-top-section elementor-element elementor-element-575fc68 elementor-section-gap-beside-no elementor-section-boxed elementor-section-height-default elementor-section-height-default elementor-section-column-vertical-align-stretch\" data-id=\"575fc68\" data-element_type=\"section\" data-e-type=\"section\">\n\t\t\t\t\t\t<div class=\"elementor-container elementor-column-gap-extended\">\n\t\t\t\t\t<div class=\"elementor-column elementor-col-50 elementor-top-column elementor-element elementor-element-dd03a56\" data-id=\"dd03a56\" data-element_type=\"column\" data-e-type=\"column\">\n\t\t\t<div class=\"elementor-widget-wrap elementor-element-populated\">\n\t\t\t\t\t\t<div class=\"elementor-element elementor-element-78ab5be elementor-invisible nuss-elementor-loading nuss-slide-in-right elementor-widget elementor-widget-image\" data-id=\"78ab5be\" data-element_type=\"widget\" data-e-type=\"widget\" data-settings=\"{&quot;_animation&quot;:&quot;nussSlideInRight&quot;}\" data-widget_type=\"image.default\">\n\t\t\t\t<div class=\"elementor-widget-container\">\n\t\t\t\t\t\t\t\t\t\t\t\t\t\t\t<img decoding=\"async\" width=\"1280\" height=\"853\" src=\"https:\/\/chimelongspaceshiphotel.com\/wp-content\/uploads\/2025\/05\/Chimelong-Spaceship-Hotel-92.webp\" class=\"attachment-full size-full wp-image-5653\" alt=\"\" srcset=\"https:\/\/chimelongspaceshiphotel.com\/wp-content\/uploads\/2025\/05\/Chimelong-Spaceship-Hotel-92.webp 1280w, https:\/\/chimelongspaceshiphotel.com\/wp-content\/uploads\/2025\/05\/Chimelong-Spaceship-Hotel-92-300x200.webp 300w, https:\/\/chimelongspaceshiphotel.com\/wp-content\/uploads\/2025\/05\/Chimelong-Spaceship-Hotel-92-1024x682.webp 1024w, https:\/\/chimelongspaceshiphotel.com\/wp-content\/uploads\/2025\/05\/Chimelong-Spaceship-Hotel-92-768x512.webp 768w\" sizes=\"(max-width: 1280px) 100vw, 1280px\" \/>\t\t\t\t\t\t\t\t\t\t\t\t\t\t\t<\/div>\n\t\t\t\t<\/div>\n\t\t\t\t\t<\/div>\n\t\t<\/div>\n\t\t\t\t<div class=\"elementor-column elementor-col-50 elementor-top-column elementor-element elementor-element-364a6b2\" data-id=\"364a6b2\" data-element_type=\"column\" data-e-type=\"column\">\n\t\t\t<div class=\"elementor-widget-wrap elementor-element-populated\">\n\t\t\t\t\t\t<div class=\"elementor-element elementor-element-ccbb94d elementor-invisible elementor-widget elementor-widget-text-editor\" data-id=\"ccbb94d\" data-element_type=\"widget\" data-e-type=\"widget\" data-settings=\"{&quot;_animation&quot;:&quot;nussFadeInUp&quot;}\" data-widget_type=\"text-editor.default\">\n\t\t\t\t<div class=\"elementor-widget-container\">\n\t\t\t\t\t\t\t\t\t<p>Au Chimelong Spaceship Hotel, les retours clients r\u00e9v\u00e8lent un th\u00e8me r\u00e9current\u00a0: il ne s&#039;agit pas seulement d&#039;un h\u00f4tel, mais d&#039;une destination qui red\u00e9finit l&#039;hospitalit\u00e9 par sa cr\u00e9ativit\u00e9 et son souci du d\u00e9tail. Avec plus de 1\u00a0250 chambres et suites, chacune con\u00e7ue pour transporter les visiteurs aux confins de l&#039;univers, l&#039;h\u00f4tel a recueilli des milliers d&#039;avis sur les principales plateformes d&#039;agences de voyages en ligne (OTA) comme Trip.com, Booking.com, Agoda.com, entre autres. Avec une note globale impressionnante de 9,4 sur 10, bas\u00e9e sur plus de 13\u00a0000 avis, il est clair que cette retraite interstellaire a marqu\u00e9 ses visiteurs \u00e0 jamais. Les clients d\u00e9crivent souvent leur s\u00e9jour comme \u00ab\u00a0un voyage au-del\u00e0 de l&#039;imagination\u00a0\u00bb, louant la fusion harmonieuse entre l&#039;\u00e9merveillement th\u00e9matique et le confort d&#039;un complexe h\u00f4telier de luxe. Qu&#039;il s&#039;agisse de familles en qu\u00eate d&#039;une escapade magique, de couples en escapade romantique ou d&#039;aventuriers solitaires en qu\u00eate d&#039;extraordinaire, les avis refl\u00e8tent un sentiment quasi universel d&#039;\u00e9merveillement et de satisfaction.<\/p>\t\t\t\t\t\t\t\t<\/div>\n\t\t\t\t<\/div>\n\t\t\t\t\t<\/div>\n\t\t<\/div>\n\t\t\t\t\t<\/div>\n\t\t<\/section>\n\t\t\t\t<section class=\"elementor-section elementor-top-section elementor-element elementor-element-7853fd5 elementor-section-gap-beside-no elementor-section-boxed elementor-section-height-default elementor-section-height-default elementor-section-column-vertical-align-stretch\" data-id=\"7853fd5\" data-element_type=\"section\" data-e-type=\"section\">\n\t\t\t\t\t\t<div class=\"elementor-container elementor-column-gap-extended\">\n\t\t\t\t\t<div class=\"elementor-column elementor-col-50 elementor-top-column elementor-element elementor-element-9a8fa64\" data-id=\"9a8fa64\" data-element_type=\"column\" data-e-type=\"column\">\n\t\t\t<div class=\"elementor-widget-wrap elementor-element-populated\">\n\t\t\t\t\t\t<div class=\"elementor-element elementor-element-6f7d3f1 elementor-invisible nuss-elementor-loading nuss-slide-in-right elementor-widget elementor-widget-image\" data-id=\"6f7d3f1\" data-element_type=\"widget\" data-e-type=\"widget\" data-settings=\"{&quot;_animation&quot;:&quot;nussSlideInRight&quot;}\" data-widget_type=\"image.default\">\n\t\t\t\t<div class=\"elementor-widget-container\">\n\t\t\t\t\t\t\t\t\t\t\t\t\t\t\t<img decoding=\"async\" width=\"1280\" height=\"853\" src=\"https:\/\/chimelongspaceshiphotel.com\/wp-content\/uploads\/2025\/05\/Chimelong-Spaceship-Hotel-103.webp\" class=\"attachment-full size-full wp-image-5613\" alt=\"\" srcset=\"https:\/\/chimelongspaceshiphotel.com\/wp-content\/uploads\/2025\/05\/Chimelong-Spaceship-Hotel-103.webp 1280w, https:\/\/chimelongspaceshiphotel.com\/wp-content\/uploads\/2025\/05\/Chimelong-Spaceship-Hotel-103-300x200.webp 300w, https:\/\/chimelongspaceshiphotel.com\/wp-content\/uploads\/2025\/05\/Chimelong-Spaceship-Hotel-103-1024x682.webp 1024w, https:\/\/chimelongspaceshiphotel.com\/wp-content\/uploads\/2025\/05\/Chimelong-Spaceship-Hotel-103-768x512.webp 768w\" sizes=\"(max-width: 1280px) 100vw, 1280px\" \/>\t\t\t\t\t\t\t\t\t\t\t\t\t\t\t<\/div>\n\t\t\t\t<\/div>\n\t\t\t\t\t<\/div>\n\t\t<\/div>\n\t\t\t\t<div class=\"elementor-column elementor-col-50 elementor-top-column elementor-element elementor-element-abd874b\" data-id=\"abd874b\" data-element_type=\"column\" data-e-type=\"column\">\n\t\t\t<div class=\"elementor-widget-wrap elementor-element-populated\">\n\t\t\t\t\t\t<div class=\"elementor-element elementor-element-a80ff28 elementor-invisible elementor-widget elementor-widget-text-editor\" data-id=\"a80ff28\" data-element_type=\"widget\" data-e-type=\"widget\" data-settings=\"{&quot;_animation&quot;:&quot;nussFadeInUp&quot;}\" data-widget_type=\"text-editor.default\">\n\t\t\t\t<div class=\"elementor-widget-container\">\n\t\t\t\t\t\t\t\t\t<p>Sur <strong>Trip.com<\/strong>, o\u00f9 l&#039;h\u00f4tel obtient souvent une note sup\u00e9rieure \u00e0 9,4 sur 10, les voyageurs s&#039;extasient sur la d\u00e9coration soign\u00e9e sur le th\u00e8me de l&#039;espace qui impr\u00e8gne chaque recoin de l&#039;\u00e9tablissement. Un critique a not\u00e9 : \u00ab D\u00e8s l&#039;entr\u00e9e dans le hall, on a l&#039;impression d&#039;embarquer dans un vaisseau spatial en direction des \u00e9toiles. Le souci du d\u00e9tail dans les chambres, avec son \u00e9clairage inspir\u00e9 de la galaxie et ses gadgets futuristes, a donn\u00e9 \u00e0 mes enfants l&#039;impression d&#039;\u00eatre de v\u00e9ritables astronautes ! \u00bb Nombreux sont ceux qui soulignent \u00e9galement le service exceptionnel, le personnel \u00e9tant d\u00e9crit comme \u00ab chaleureux, attentionn\u00e9 et toujours pr\u00eat \u00e0 aider \u00bb, veillant \u00e0 ce que la mission de chaque client soit un succ\u00e8s. La proximit\u00e9 du Chimelong Ocean Kingdom est un autre point fort r\u00e9current, les familles appr\u00e9ciant la facilit\u00e9 de combiner une aventure dans un parc d&#039;attractions avec un s\u00e9jour luxueux. Cependant, quelques critiques mentionnent l&#039;affluence aux heures de pointe \u00e0 l&#039;enregistrement, mais la plupart s&#039;accordent \u00e0 dire que l&#039;attente en vaut la peine.<\/p>\t\t\t\t\t\t\t\t<\/div>\n\t\t\t\t<\/div>\n\t\t\t\t\t<\/div>\n\t\t<\/div>\n\t\t\t\t\t<\/div>\n\t\t<\/section>\n\t\t\t\t<section class=\"elementor-section elementor-top-section elementor-element elementor-element-98e8321 elementor-section-gap-beside-no elementor-section-boxed elementor-section-height-default elementor-section-height-default elementor-section-column-vertical-align-stretch\" data-id=\"98e8321\" data-element_type=\"section\" data-e-type=\"section\">\n\t\t\t\t\t\t<div class=\"elementor-container elementor-column-gap-extended\">\n\t\t\t\t\t<div class=\"elementor-column elementor-col-50 elementor-top-column elementor-element elementor-element-b761801\" data-id=\"b761801\" data-element_type=\"column\" data-e-type=\"column\">\n\t\t\t<div class=\"elementor-widget-wrap elementor-element-populated\">\n\t\t\t\t\t\t<div class=\"elementor-element elementor-element-f202217 elementor-invisible nuss-elementor-loading nuss-slide-in-right elementor-widget elementor-widget-image\" data-id=\"f202217\" data-element_type=\"widget\" data-e-type=\"widget\" data-settings=\"{&quot;_animation&quot;:&quot;nussSlideInRight&quot;}\" data-widget_type=\"image.default\">\n\t\t\t\t<div class=\"elementor-widget-container\">\n\t\t\t\t\t\t\t\t\t\t\t\t\t\t\t<img loading=\"lazy\" decoding=\"async\" width=\"1280\" height=\"852\" src=\"https:\/\/chimelongspaceshiphotel.com\/wp-content\/uploads\/2025\/05\/Chimelong-Spaceship-Hotel-99.webp\" class=\"attachment-full size-full wp-image-5670\" alt=\"\" srcset=\"https:\/\/chimelongspaceshiphotel.com\/wp-content\/uploads\/2025\/05\/Chimelong-Spaceship-Hotel-99.webp 1280w, https:\/\/chimelongspaceshiphotel.com\/wp-content\/uploads\/2025\/05\/Chimelong-Spaceship-Hotel-99-300x200.webp 300w, https:\/\/chimelongspaceshiphotel.com\/wp-content\/uploads\/2025\/05\/Chimelong-Spaceship-Hotel-99-1024x682.webp 1024w, https:\/\/chimelongspaceshiphotel.com\/wp-content\/uploads\/2025\/05\/Chimelong-Spaceship-Hotel-99-768x511.webp 768w\" sizes=\"(max-width: 1280px) 100vw, 1280px\" \/>\t\t\t\t\t\t\t\t\t\t\t\t\t\t\t<\/div>\n\t\t\t\t<\/div>\n\t\t\t\t\t<\/div>\n\t\t<\/div>\n\t\t\t\t<div class=\"elementor-column elementor-col-50 elementor-top-column elementor-element elementor-element-0d2b854\" data-id=\"0d2b854\" data-element_type=\"column\" data-e-type=\"column\">\n\t\t\t<div class=\"elementor-widget-wrap elementor-element-populated\">\n\t\t\t\t\t\t<div class=\"elementor-element elementor-element-d68355f elementor-invisible elementor-widget elementor-widget-text-editor\" data-id=\"d68355f\" data-element_type=\"widget\" data-e-type=\"widget\" data-settings=\"{&quot;_animation&quot;:&quot;nussFadeInUp&quot;}\" data-widget_type=\"text-editor.default\">\n\t\t\t\t<div class=\"elementor-widget-container\">\n\t\t\t\t\t\t\t\t\t<p>Plus sur <strong>Booking.com<\/strong>, o\u00f9 l&#039;h\u00f4tel obtient une note exceptionnelle de 9,3 sur 10, les commentaires font \u00e9cho \u00e0 des sentiments similaires d&#039;\u00e9merveillement et de ravissement. Les clients appr\u00e9cient fr\u00e9quemment les \u00e9quipements innovants, tels que les syst\u00e8mes de contr\u00f4le intelligents des chambres permettant de personnaliser facilement l&#039;\u00e9clairage et la temp\u00e9rature. Un commentaire r\u00e9cent affirmait\u00a0: \u00ab\u00a0La suite Space a d\u00e9pass\u00e9 mes attentes\u00a0: dormir dans un lit king-size sous un ciel \u00e9toil\u00e9 \u00e9tait surr\u00e9aliste. Les \u00e9quipements de la salle de bain \u00e9taient de premier ordre et la vue sur la mer de Chine m\u00e9ridionale \u00e9tait \u00e0 couper le souffle.\u00a0\u00bb Les options de restauration de l&#039;h\u00f4tel sont \u00e9galement tr\u00e8s appr\u00e9ci\u00e9es, avec plusieurs restaurants sur place proposant une cuisine vari\u00e9e r\u00e9pondant aux go\u00fbts internationaux. Certains commentaires constructifs soulignent des barri\u00e8res linguistiques occasionnelles avec le personnel, bien que l&#039;hospitalit\u00e9 g\u00e9n\u00e9rale soit qualifi\u00e9e de \u00ab\u00a0classe internationale\u00a0\u00bb par la majorit\u00e9.<\/p>\t\t\t\t\t\t\t\t<\/div>\n\t\t\t\t<\/div>\n\t\t\t\t\t<\/div>\n\t\t<\/div>\n\t\t\t\t\t<\/div>\n\t\t<\/section>\n\t\t\t\t<section class=\"elementor-section elementor-top-section elementor-element elementor-element-3a6482e elementor-section-gap-beside-no elementor-section-boxed elementor-section-height-default elementor-section-height-default elementor-section-column-vertical-align-stretch\" data-id=\"3a6482e\" data-element_type=\"section\" data-e-type=\"section\">\n\t\t\t\t\t\t<div class=\"elementor-container elementor-column-gap-extended\">\n\t\t\t\t\t<div class=\"elementor-column elementor-col-50 elementor-top-column elementor-element elementor-element-885ce92\" data-id=\"885ce92\" data-element_type=\"column\" data-e-type=\"column\">\n\t\t\t<div class=\"elementor-widget-wrap elementor-element-populated\">\n\t\t\t\t\t\t<div class=\"elementor-element elementor-element-e824b2d elementor-invisible nuss-elementor-loading nuss-slide-in-right elementor-widget elementor-widget-image\" data-id=\"e824b2d\" data-element_type=\"widget\" data-e-type=\"widget\" data-settings=\"{&quot;_animation&quot;:&quot;nussSlideInRight&quot;}\" data-widget_type=\"image.default\">\n\t\t\t\t<div class=\"elementor-widget-container\">\n\t\t\t\t\t\t\t\t\t\t\t\t\t\t\t<img loading=\"lazy\" decoding=\"async\" width=\"2100\" height=\"1399\" src=\"https:\/\/chimelongspaceshiphotel.com\/wp-content\/uploads\/2025\/05\/ChimelongSpaceshipHotel_banner.jpg\" class=\"attachment-full size-full wp-image-5495\" alt=\"\" srcset=\"https:\/\/chimelongspaceshiphotel.com\/wp-content\/uploads\/2025\/05\/ChimelongSpaceshipHotel_banner.jpg 2100w, https:\/\/chimelongspaceshiphotel.com\/wp-content\/uploads\/2025\/05\/ChimelongSpaceshipHotel_banner-300x200.jpg 300w, https:\/\/chimelongspaceshiphotel.com\/wp-content\/uploads\/2025\/05\/ChimelongSpaceshipHotel_banner-1024x682.jpg 1024w, https:\/\/chimelongspaceshiphotel.com\/wp-content\/uploads\/2025\/05\/ChimelongSpaceshipHotel_banner-768x512.jpg 768w, https:\/\/chimelongspaceshiphotel.com\/wp-content\/uploads\/2025\/05\/ChimelongSpaceshipHotel_banner-1536x1023.jpg 1536w, https:\/\/chimelongspaceshiphotel.com\/wp-content\/uploads\/2025\/05\/ChimelongSpaceshipHotel_banner-2048x1364.jpg 2048w\" sizes=\"(max-width: 2100px) 100vw, 2100px\" \/>\t\t\t\t\t\t\t\t\t\t\t\t\t\t\t<\/div>\n\t\t\t\t<\/div>\n\t\t\t\t\t<\/div>\n\t\t<\/div>\n\t\t\t\t<div class=\"elementor-column elementor-col-50 elementor-top-column elementor-element elementor-element-1addd1f\" data-id=\"1addd1f\" data-element_type=\"column\" data-e-type=\"column\">\n\t\t\t<div class=\"elementor-widget-wrap elementor-element-populated\">\n\t\t\t\t\t\t<div class=\"elementor-element elementor-element-a113780 elementor-invisible elementor-widget elementor-widget-text-editor\" data-id=\"a113780\" data-element_type=\"widget\" data-e-type=\"widget\" data-settings=\"{&quot;_animation&quot;:&quot;nussFadeInUp&quot;}\" data-widget_type=\"text-editor.default\">\n\t\t\t\t<div class=\"elementor-widget-container\">\n\t\t\t\t\t\t\t\t\t<p><strong>Agoda.com<\/strong> Les utilisateurs, qui attribuent \u00e0 l&#039;h\u00f4tel une moyenne de 9,2 sur 10, mettent souvent l&#039;accent sur le rapport qualit\u00e9-prix et l&#039;exp\u00e9rience unique qui distinguent le Chimelong Spaceship Hotel des h\u00e9bergements de luxe traditionnels. Un client a d\u00e9clar\u00e9 : \u00ab Ce n&#039;est pas seulement un endroit o\u00f9 dormir, c&#039;est une v\u00e9ritable aventure. Le th\u00e8me spatial est parfaitement mis en valeur, des syst\u00e8mes de divertissement interactifs aux bruits d&#039;ambiance d&#039;un vaisseau spatial dans les couloirs. \u00c7a vaut vraiment le coup ! \u00bb Les familles et les groupes appr\u00e9cient particuli\u00e8rement les chambres spacieuses et les installations adapt\u00e9es aux enfants, tandis que les voyageurs seuls et les couples appr\u00e9cient l&#039;ambiance paisible de certains espaces, id\u00e9ale pour se d\u00e9tendre apr\u00e8s une journ\u00e9e d&#039;exploration. Quelques avis mentionnent des probl\u00e8mes de connexion Wi-Fi dans certaines zones, mais ces commentaires sont rares parmi les nombreux t\u00e9moignages \u00e9logieux.<\/p><p>Sur d&#039;autres plateformes comme <strong>Expedia<\/strong> et <strong>Hotels.com<\/strong>Le bilan reste extr\u00eamement positif, avec des notes oscillant r\u00e9guli\u00e8rement entre 4,7 et 4,9 sur 5. Les clients soulignent souvent la capacit\u00e9 de l&#039;h\u00f4tel \u00e0 r\u00e9pondre \u00e0 un large \u00e9ventail de besoins, qu&#039;il s&#039;agisse d&#039;offrir une exp\u00e9rience magique aux enfants ou d&#039;offrir des espaces sophistiqu\u00e9s aux voyageurs d&#039;affaires. Le centre de fitness, la piscine et le spa sont fr\u00e9quemment cit\u00e9s comme d&#039;excellents atouts pour le s\u00e9jour, tandis que les \u00e9v\u00e9nements et activit\u00e9s th\u00e9matiques organis\u00e9s par l&#039;h\u00f4tel, souvent li\u00e9s \u00e0 l&#039;espace, ajoutent une touche d&#039;excitation suppl\u00e9mentaire. Un utilisateur d&#039;Expedia a parfaitement r\u00e9sum\u00e9 ce sentiment\u00a0: \u00ab\u00a0Le Chimelong Spaceship Hotel ne se contente pas de r\u00e9pondre aux attentes\u00a0; il les propulse en orbite. Je n&#039;ai jamais s\u00e9journ\u00e9 dans un endroit pareil et j&#039;ai h\u00e2te d&#039;y retourner.\u00a0\u00bb<\/p>\t\t\t\t\t\t\t\t<\/div>\n\t\t\t\t<\/div>\n\t\t\t\t\t<\/div>\n\t\t<\/div>\n\t\t\t\t\t<\/div>\n\t\t<\/section>\n\t\t<div class=\"elementor-element elementor-element-dc41815 e-flex e-con-boxed e-con e-parent\" data-id=\"dc41815\" data-element_type=\"container\" data-e-type=\"container\">\n\t\t\t\t\t<div class=\"e-con-inner\">\n\t\t\t\t<div class=\"elementor-element elementor-element-1984a37 elementor-widget elementor-widget-text-editor\" data-id=\"1984a37\" data-element_type=\"widget\" data-e-type=\"widget\" data-widget_type=\"text-editor.default\">\n\t\t\t\t<div class=\"elementor-widget-container\">\n\t\t\t\t\t\t\t\t\t<p>Au-del\u00e0 des chiffres et des \u00e9toiles, les t\u00e9moignages des clients r\u00e9v\u00e8lent l&#039;impact \u00e9motionnel d&#039;un s\u00e9jour au Chimelong Spaceship Hotel. Les parents d\u00e9crivent la joie sur le visage de leurs enfants lorsqu&#039;ils explorent des chambres con\u00e7ues comme des capsules spatiales, tandis que les couples se rem\u00e9morent des soir\u00e9es romantiques pass\u00e9es sous un ciel \u00e9toil\u00e9 simul\u00e9. Les voyageurs d&#039;affaires appr\u00e9cient les salles de conf\u00e9rence modernes, associ\u00e9es \u00e0 un environnement propice \u00e0 la cr\u00e9ativit\u00e9. M\u00eame les critiques occasionnelles \u2013 comme les temps d&#039;attente en haute saison ou les petits probl\u00e8mes de maintenance \u2013 sont souvent formul\u00e9es avec la conviction que l&#039;ambition m\u00eame du concept de l&#039;h\u00f4tel en fait une r\u00e9f\u00e9rence dans le secteur de l&#039;h\u00f4tellerie.<\/p><p>En r\u00e9sum\u00e9, l&#039;exp\u00e9rience client au Chimelong Spaceship Hotel, telle que refl\u00e9t\u00e9e par les avis des agences de voyages en ligne et les t\u00e9moignages personnels, dresse le portrait d&#039;une destination hors du commun. Avec une note moyenne de 9,4\/10 sur plus de 13\u00a0000 avis, il est \u00e9vident que cet h\u00f4tel ma\u00eetrise l&#039;art d&#039;allier immersion th\u00e9matique, luxe et confort. Qu&#039;il s&#039;agisse de son design innovant, de son service exceptionnel ou de sa proximit\u00e9 magique avec l&#039;un des plus grands parcs d&#039;attractions d&#039;Asie, les clients s&#039;accordent \u00e0 dire qu&#039;un s\u00e9jour ici est une v\u00e9ritable aventure. Pour ceux qui envisagent une visite, le consensus est clair\u00a0: pr\u00e9parez-vous \u00e0 \u00eatre \u00e9merveill\u00e9s, inspir\u00e9s et transport\u00e9s dans un monde o\u00f9 les fronti\u00e8res de la Terre s&#039;estompent et o\u00f9 les merveilles du cosmos prennent vie. Le Chimelong Spaceship Hotel n&#039;est pas seulement un lieu de s\u00e9jour, c&#039;est un tremplin pour des souvenirs inoubliables.<\/p>\t\t\t\t\t\t\t\t<\/div>\n\t\t\t\t<\/div>\n\t\t\t\t\t<\/div>\n\t\t\t\t<\/div>\n\t\t\t\t<\/div>","protected":false},"excerpt":{"rendered":"<p>A Galactic Journey Through Guest Feedback Embark on a voyage through the stars without ever leaving Earth at Chimelong Spaceship Hotel, a one-of-a-kind destination in Zhuhai, China, where futuristic design meets unparalleled luxury. Nestled in the heart of the Chimelong Tourist Resort, this 5-star marvel has captivated the imaginations of travelers from around the globe [&hellip;]<\/p>\n","protected":false},"author":1,"featured_media":0,"parent":0,"menu_order":0,"comment_status":"closed","ping_status":"closed","template":"","meta":{"footnotes":""},"class_list":["post-2106","page","type-page","status-publish","hentry","post-no-thumbnail"],"_links":{"self":[{"href":"https:\/\/chimelongspaceshiphotel.com\/fr\/wp-json\/wp\/v2\/pages\/2106","targetHints":{"allow":["GET"]}}],"collection":[{"href":"https:\/\/chimelongspaceshiphotel.com\/fr\/wp-json\/wp\/v2\/pages"}],"about":[{"href":"https:\/\/chimelongspaceshiphotel.com\/fr\/wp-json\/wp\/v2\/types\/page"}],"author":[{"embeddable":true,"href":"https:\/\/chimelongspaceshiphotel.com\/fr\/wp-json\/wp\/v2\/users\/1"}],"replies":[{"embeddable":true,"href":"https:\/\/chimelongspaceshiphotel.com\/fr\/wp-json\/wp\/v2\/comments?post=2106"}],"version-history":[{"count":0,"href":"https:\/\/chimelongspaceshiphotel.com\/fr\/wp-json\/wp\/v2\/pages\/2106\/revisions"}],"wp:attachment":[{"href":"https:\/\/chimelongspaceshiphotel.com\/fr\/wp-json\/wp\/v2\/media?parent=2106"}],"curies":[{"name":"wp","href":"https:\/\/api.w.org\/{rel}","templated":true}]}}