{"id":612,"date":"2021-03-26T10:04:13","date_gmt":"2021-03-26T10:04:13","guid":{"rendered":"http:\/\/localhost\/nuss\/?page_id=612"},"modified":"2025-05-07T13:14:43","modified_gmt":"2025-05-07T13:14:43","slug":"restaurante","status":"publish","type":"page","link":"https:\/\/chimelongspaceshiphotel.com\/es\/restaurante\/","title":{"rendered":"Restaurante"},"content":{"rendered":"<div data-elementor-type=\"wp-page\" data-elementor-id=\"612\" class=\"elementor elementor-612\">\n\t\t\t\t\t\t<section class=\"elementor-section elementor-top-section elementor-element elementor-element-e2effe8 elementor-section-boxed elementor-section-gap-beside-yes elementor-section-height-default elementor-section-height-default elementor-section-column-vertical-align-stretch\" data-id=\"e2effe8\" data-element_type=\"section\" data-e-type=\"section\">\n\t\t\t\t\t\t<div class=\"elementor-container elementor-column-gap-extended\">\n\t\t\t\t\t<div class=\"elementor-column elementor-col-100 elementor-top-column elementor-element elementor-element-e18f688\" data-id=\"e18f688\" data-element_type=\"column\" data-e-type=\"column\">\n\t\t\t<div class=\"elementor-widget-wrap elementor-element-populated\">\n\t\t\t\t\t\t<div class=\"elementor-element elementor-element-6db146d elementor-widget__width-initial elementor-invisible elementor-widget elementor-widget-text-editor\" data-id=\"6db146d\" data-element_type=\"widget\" data-e-type=\"widget\" data-settings=\"{&quot;_animation&quot;:&quot;nussFadeInUp&quot;}\" data-widget_type=\"text-editor.default\">\n\t\t\t\t<div class=\"elementor-widget-container\">\n\t\t\t\t\t\t\t\t\t<p>Emb\u00e1rcate en un viaje culinario sin igual en el Hotel Chimelong Spaceship de Cant\u00f3n, China, donde la gastronom\u00eda trasciende lo com\u00fan y se convierte en parte integral de tu aventura interestelar. Enclavado en los futuristas confines de este ic\u00f3nico hotel, parte del extenso Complejo Tur\u00edstico Chimelong, los restaurantes y la oferta gastron\u00f3mica est\u00e1n dise\u00f1ados para deleitar tu paladar mientras te sumerges en un mundo de maravillas de ciencia ficci\u00f3n. Aqu\u00ed, cada comida es una misi\u00f3n, cada bocado un descubrimiento, ya que el hotel redefine la gastronom\u00eda con un toque c\u00f3smico.<\/p>\t\t\t\t\t\t\t\t<\/div>\n\t\t\t\t<\/div>\n\t\t\t\t\t<\/div>\n\t\t<\/div>\n\t\t\t\t\t<\/div>\n\t\t<\/section>\n\t\t<div class=\"elementor-element elementor-element-44fc7cb e-flex e-con-boxed e-con e-parent\" data-id=\"44fc7cb\" data-element_type=\"container\" data-e-type=\"container\">\n\t\t\t\t\t<div class=\"e-con-inner\">\n\t\t<div class=\"elementor-element elementor-element-5738bc7 e-con-full e-flex e-con e-child\" data-id=\"5738bc7\" data-element_type=\"container\" data-e-type=\"container\">\n\t\t\t\t<div class=\"elementor-element elementor-element-42d0e5a elementor-widget elementor-widget-image\" data-id=\"42d0e5a\" data-element_type=\"widget\" data-e-type=\"widget\" data-widget_type=\"image.default\">\n\t\t\t\t<div class=\"elementor-widget-container\">\n\t\t\t\t\t\t\t\t\t\t\t\t\t\t\t<img fetchpriority=\"high\" decoding=\"async\" width=\"1280\" height=\"853\" src=\"https:\/\/chimelongspaceshiphotel.com\/wp-content\/uploads\/2025\/05\/Chimelong-Spaceship-Hotel-100.webp\" class=\"attachment-full size-full wp-image-5603\" alt=\"\" srcset=\"https:\/\/chimelongspaceshiphotel.com\/wp-content\/uploads\/2025\/05\/Chimelong-Spaceship-Hotel-100.webp 1280w, https:\/\/chimelongspaceshiphotel.com\/wp-content\/uploads\/2025\/05\/Chimelong-Spaceship-Hotel-100-300x200.webp 300w, https:\/\/chimelongspaceshiphotel.com\/wp-content\/uploads\/2025\/05\/Chimelong-Spaceship-Hotel-100-1024x682.webp 1024w, https:\/\/chimelongspaceshiphotel.com\/wp-content\/uploads\/2025\/05\/Chimelong-Spaceship-Hotel-100-768x512.webp 768w\" sizes=\"(max-width: 1280px) 100vw, 1280px\" \/>\t\t\t\t\t\t\t\t\t\t\t\t\t\t\t<\/div>\n\t\t\t\t<\/div>\n\t\t\t\t<\/div>\n\t\t<div class=\"elementor-element elementor-element-78510d7 e-con-full e-flex e-con e-child\" data-id=\"78510d7\" data-element_type=\"container\" data-e-type=\"container\">\n\t\t\t\t<div class=\"elementor-element elementor-element-58d7e77 elementor-widget elementor-widget-text-editor\" data-id=\"58d7e77\" data-element_type=\"widget\" data-e-type=\"widget\" data-widget_type=\"text-editor.default\">\n\t\t\t\t<div class=\"elementor-widget-container\">\n\t\t\t\t\t\t\t\t\t<p>Al entrar en los comedores del Hotel Chimelong Spaceship, te transportar\u00e1s de inmediato a ambientes que evocan la majestuosidad de la cocina de una nave espacial o el sal\u00f3n de banquetes de un mundo extraterrestre. La decoraci\u00f3n, con elegantes detalles met\u00e1licos, luces de ne\u00f3n y arte espacial, crea el ambiente perfecto para una experiencia inolvidable. Ya sea que cenes en el restaurante principal, en un restaurante informal o en un local especializado, el ambiente es tan parte de la comida como la propia comida, haciendo que cada momento se sienta como una escena de una pel\u00edcula espacial de gran \u00e9xito.<\/p><p>La oferta culinaria del hotel es tan diversa como las galaxias, satisfaciendo una amplia gama de paladares y preferencias. Desde platos gourmet de inspiraci\u00f3n interestelar que fusionan sabores internacionales con una presentaci\u00f3n vanguardista hasta platos tradicionales y reconfortantes reinventados con un toque futurista, los men\u00fas est\u00e1n dise\u00f1ados para sorprender y deleitar. Disfrute de creaciones exclusivas como los &quot;Platos de Mariscos Gal\u00e1cticos&quot;, elaborados con la pesca m\u00e1s fresca de aguas cercanas, o del\u00e9itese con los &quot;C\u00f3cteles C\u00f3smicos&quot;, que brillan con purpurina comestible y tonos de otro mundo. Para las familias, se presentan opciones para ni\u00f1os con tem\u00e1ticas divertidas, convirtiendo incluso a los comensales m\u00e1s exigentes en \u00e1vidos exploradores espaciales.<\/p>\t\t\t\t\t\t\t\t<\/div>\n\t\t\t\t<\/div>\n\t\t\t\t<\/div>\n\t\t\t\t\t<\/div>\n\t\t\t\t<\/div>\n\t\t<div class=\"elementor-element elementor-element-07115d6 e-flex e-con-boxed e-con e-parent\" data-id=\"07115d6\" data-element_type=\"container\" data-e-type=\"container\">\n\t\t\t\t\t<div class=\"e-con-inner\">\n\t\t<div class=\"elementor-element elementor-element-8ea159b e-con-full e-flex e-con e-child\" data-id=\"8ea159b\" data-element_type=\"container\" data-e-type=\"container\">\n\t\t\t\t<div class=\"elementor-element elementor-element-308762f elementor-widget elementor-widget-text-editor\" data-id=\"308762f\" data-element_type=\"widget\" data-e-type=\"widget\" data-widget_type=\"text-editor.default\">\n\t\t\t\t<div class=\"elementor-widget-container\">\n\t\t\t\t\t\t\t\t\t<p>El Hotel Chimelong Spaceship cuenta con m\u00faltiples restaurantes, cada uno con su propia personalidad. El restaurante principal es el coraz\u00f3n del universo culinario del hotel, ofreciendo opciones de buffet y a la carta que combinan exquisiteces cantonesas locales con cocina internacional, con vistas panor\u00e1micas al Reino Oce\u00e1nico de Chimelong o al Mar de China Meridional. Para una experiencia m\u00e1s informal, los mostradores de comida r\u00e1pida y los bares tem\u00e1ticos repartidos por todo el hotel garantizan que los aventureros m\u00e1s activos puedan reponer fuerzas sin perder el ritmo. Eventos gastron\u00f3micos especiales, como cenas tem\u00e1ticas o experiencias en la mesa del chef, elevan la experiencia a\u00fan m\u00e1s, permitiendo a los hu\u00e9spedes sumergirse en la creatividad detr\u00e1s de cada plato.<\/p><p>M\u00e1s all\u00e1 de la comida, el servicio en los restaurantes del Hotel Chimelong Spaceship se ofrece con la calidez y precisi\u00f3n de una tripulaci\u00f3n altamente capacitada, asegurando que cada hu\u00e9sped se sienta como el capit\u00e1n de su propia nave espacial. Ya sea que busque una cena rom\u00e1ntica bajo la luz artificial de las estrellas, un fest\u00edn familiar despu\u00e9s de un d\u00eda de aventuras en el parque o un refrigerio r\u00e1pido antes de su pr\u00f3xima aventura, las experiencias gastron\u00f3micas aqu\u00ed est\u00e1n dise\u00f1adas para hacerle sentir como en casa, a millones de a\u00f1os luz de distancia de lo com\u00fan.<\/p>\t\t\t\t\t\t\t\t<\/div>\n\t\t\t\t<\/div>\n\t\t\t\t<\/div>\n\t\t<div class=\"elementor-element elementor-element-b3f049c e-con-full e-flex e-con e-child\" data-id=\"b3f049c\" data-element_type=\"container\" data-e-type=\"container\">\n\t\t\t\t<div class=\"elementor-element elementor-element-8a2ef27 elementor-widget elementor-widget-image\" data-id=\"8a2ef27\" data-element_type=\"widget\" data-e-type=\"widget\" data-widget_type=\"image.default\">\n\t\t\t\t<div class=\"elementor-widget-container\">\n\t\t\t\t\t\t\t\t\t\t\t\t\t\t\t<img decoding=\"async\" width=\"1024\" height=\"682\" src=\"https:\/\/chimelongspaceshiphotel.com\/wp-content\/uploads\/2025\/05\/Chimelong-Spaceship-Hotel-43-1024x682.webp\" class=\"attachment-large size-large wp-image-5599\" alt=\"\" srcset=\"https:\/\/chimelongspaceshiphotel.com\/wp-content\/uploads\/2025\/05\/Chimelong-Spaceship-Hotel-43-1024x682.webp 1024w, https:\/\/chimelongspaceshiphotel.com\/wp-content\/uploads\/2025\/05\/Chimelong-Spaceship-Hotel-43-300x200.webp 300w, https:\/\/chimelongspaceshiphotel.com\/wp-content\/uploads\/2025\/05\/Chimelong-Spaceship-Hotel-43-768x512.webp 768w, https:\/\/chimelongspaceshiphotel.com\/wp-content\/uploads\/2025\/05\/Chimelong-Spaceship-Hotel-43.webp 1280w\" sizes=\"(max-width: 1024px) 100vw, 1024px\" \/>\t\t\t\t\t\t\t\t\t\t\t\t\t\t\t<\/div>\n\t\t\t\t<\/div>\n\t\t\t\t<\/div>\n\t\t\t\t\t<\/div>\n\t\t\t\t<\/div>\n\t\t<div class=\"elementor-element elementor-element-b62d376 e-flex e-con-boxed e-con e-parent\" data-id=\"b62d376\" data-element_type=\"container\" data-e-type=\"container\">\n\t\t\t\t\t<div class=\"e-con-inner\">\n\t\t\t\t<div class=\"elementor-element elementor-element-5e796b5 elementor-widget elementor-widget-text-editor\" data-id=\"5e796b5\" data-element_type=\"widget\" data-e-type=\"widget\" data-widget_type=\"text-editor.default\">\n\t\t\t\t<div class=\"elementor-widget-container\">\n\t\t\t\t\t\t\t\t\t<div class=\"markdown-SpwdOz __markdown\" dir=\"auto\"><p>Bienvenido a la frontera gastron\u00f3mica del Hotel Chimelong Spaceship, donde los sabores se fusionan con la imaginaci\u00f3n, y cada comida es una plataforma de lanzamiento hacia nuevas alturas culinarias. Prepare sus sentidos para un viaje a trav\u00e9s del sabor y un ambiente verdaderamente excepcional.<\/p><\/div>\t\t\t\t\t\t\t\t<\/div>\n\t\t\t\t<\/div>\n\t\t\t\t\t<\/div>\n\t\t\t\t<\/div>\n\t\t\t\t<section class=\"elementor-section elementor-top-section elementor-element elementor-element-5da3c49f elementor-section-stretched elementor-section-boxed elementor-section-gap-beside-yes elementor-section-height-default elementor-section-height-default elementor-section-column-vertical-align-stretch\" data-id=\"5da3c49f\" data-element_type=\"section\" data-e-type=\"section\" data-settings=\"{&quot;background_background&quot;:&quot;classic&quot;,&quot;stretch_section&quot;:&quot;section-stretched&quot;}\">\n\t\t\t\t\t\t<div class=\"elementor-container elementor-column-gap-extended\">\n\t\t\t\t\t<div class=\"elementor-column elementor-col-100 elementor-top-column elementor-element elementor-element-5d86b9d3\" data-id=\"5d86b9d3\" data-element_type=\"column\" data-e-type=\"column\">\n\t\t\t<div class=\"elementor-widget-wrap elementor-element-populated\">\n\t\t\t\t\t\t<div class=\"elementor-element elementor-element-299f29d elementor-widget elementor-widget-heading\" data-id=\"299f29d\" data-element_type=\"widget\" data-e-type=\"widget\" data-widget_type=\"heading.default\">\n\t\t\t\t<div class=\"elementor-widget-container\">\n\t\t\t\t\t<h2 class=\"elementor-heading-title elementor-size-default\">Consultar disponibilidad <\/h2>\t\t\t\t<\/div>\n\t\t\t\t<\/div>\n\t\t\t\t<div class=\"elementor-element elementor-element-1b9b082e elementor-widget elementor-widget-text-editor\" data-id=\"1b9b082e\" data-element_type=\"widget\" data-e-type=\"widget\" data-widget_type=\"text-editor.default\">\n\t\t\t\t<div class=\"elementor-widget-container\">\n\t\t\t\t\t\t\t\t\t<iframe border=\"0\" src=\"https:\/\/www.trip.com\/partners\/ad\/S3465275?Allianceid=5415915&#038;SID=204953624&#038;trip_sub1=\" style=\"width:900px;height:200px\" frameborder=\"0\" scrolling=\"no\" id=\"S3465275\"><\/iframe>\t\t\t\t\t\t\t\t<\/div>\n\t\t\t\t<\/div>\n\t\t\t\t\t<\/div>\n\t\t<\/div>\n\t\t\t\t\t<\/div>\n\t\t<\/section>\n\t\t<div class=\"elementor-element elementor-element-07413d8 e-flex e-con-boxed e-con e-parent\" data-id=\"07413d8\" data-element_type=\"container\" data-e-type=\"container\">\n\t\t\t\t\t<div class=\"e-con-inner\">\n\t\t\t\t<div class=\"elementor-element elementor-element-fd59a08 elementor-widget elementor-widget-heading\" data-id=\"fd59a08\" data-element_type=\"widget\" data-e-type=\"widget\" data-widget_type=\"heading.default\">\n\t\t\t\t<div class=\"elementor-widget-container\">\n\t\t\t\t\t<h2 class=\"elementor-heading-title elementor-size-default\">Restaurantes en el Hotel Chimelong Spaceship: 3 restaurantes en el hotel\n\n<\/h2>\t\t\t\t<\/div>\n\t\t\t\t<\/div>\n\t\t\t\t<div class=\"elementor-element elementor-element-4762638 elementor-widget elementor-widget-text-editor\" data-id=\"4762638\" data-element_type=\"widget\" data-e-type=\"widget\" data-widget_type=\"text-editor.default\">\n\t\t\t\t<div class=\"elementor-widget-container\">\n\t\t\t\t\t\t\t\t\t<p>El Hotel Chimelong Spaceship ofrece una experiencia culinaria excepcional con sus tres restaurantes tem\u00e1ticos. Aqu\u00ed tiene una gu\u00eda de las opciones gastron\u00f3micas disponibles:<\/p><hr \/><p><strong>1. Restaurante Buffet Marinero (\u6c34\u624b\u81ea\u52a9\u9910\u5385)<\/strong><\/p><ul><li><strong>Estilo<\/strong>: Buf\u00e9<\/li><li><strong>Cocina<\/strong>:Asi\u00e1tico y chino<\/li><li><strong>Horas<\/strong>Desayuno (7:00\u201310:30) | Cena (17:30\u201321:30)<\/li><li><strong>Ambiente<\/strong>:Moderno y animado, perfecto para familias y cenas informales.<\/li><li><strong>Reflejos<\/strong>Ideal para comidas abundantes con una amplia variedad de platos. Los hu\u00e9spedes suelen elogiar su variedad de desayunos y cenas.<\/li><\/ul><hr \/><p><strong>2. Restaurante Coral (\u73ca\u745a\u9910\u5385)<\/strong><\/p><ul><li><strong>Estilo<\/strong>: Buf\u00e9<\/li><li><strong>Cocina<\/strong>:Internacional (especialidades exactas no especificadas)<\/li><li><strong>Horas<\/strong>:Almuerzo (11:30 a. m. a 2:30 p. m.)<\/li><li><strong>Ambiente<\/strong>:Rom\u00e1ntico y sereno, ideal para una comida relajada al mediod\u00eda.<\/li><li><strong>Reflejos<\/strong>:Una opci\u00f3n m\u00e1s tranquila para el almuerzo, que ofrece platos frescos y sabrosos en un ambiente elegante.<\/li><\/ul><hr \/><p><strong>3. Restaurante con piscina infinita (\u65e0\u8fb9\u9645\u6cf3\u6c60\u9910\u5385)<\/strong><\/p><ul><li><strong>Estilo<\/strong>:A la carta<\/li><li><strong>Cocina<\/strong>:No especificado (probablemente internacional o fusi\u00f3n)<\/li><li><strong>Horas<\/strong>:Cena (17:30\u201321:30 h)<\/li><li><strong>Ambiente<\/strong>:Moderno con vistas a la piscina, combinando sofisticaci\u00f3n y relajaci\u00f3n.<\/li><li><strong>Reflejos<\/strong>Cene junto a la piscina infinita para una velada inolvidable. Ideal para parejas o para quienes buscan una cena con estilo.<\/li><\/ul><hr \/><p><strong>Comentarios de los hu\u00e9spedes<\/strong>Los visitantes suelen mencionar las deliciosas opciones de buffet y la comodidad de contar con diversas opciones gastron\u00f3micas dentro del hotel. Si bien se elogia la variedad de los buffets de desayuno y cena, algunos se\u00f1alan que opciones adicionales de cocina internacional podr\u00edan enriquecer la experiencia.<\/p><p>Ya sea que est\u00e9s recargando energ\u00edas para un d\u00eda en Chimelong Parks o relaj\u00e1ndote despu\u00e9s de las aventuras, \u00a1estos restaurantes satisfacen todos los gustos y estados de \u00e1nimo! \ud83d\ude80\ud83c\udf7d\ufe0f<\/p>\t\t\t\t\t\t\t\t<\/div>\n\t\t\t\t<\/div>\n\t\t\t\t\t<\/div>\n\t\t\t\t<\/div>\n\t\t<div class=\"elementor-element elementor-element-e1a73dc e-flex e-con-boxed e-con e-parent\" data-id=\"e1a73dc\" data-element_type=\"container\" data-e-type=\"container\">\n\t\t\t\t\t<div class=\"e-con-inner\">\n\t\t\t\t<div class=\"elementor-element elementor-element-324893e elementor-widget elementor-widget-nuss-image-gallery\" data-id=\"324893e\" data-element_type=\"widget\" data-e-type=\"widget\" data-widget_type=\"nuss-image-gallery.default\">\n\t\t\t\t<div class=\"elementor-widget-container\">\n\t\t\t\t\t\t\t<div class=\"nuss-grid-wrapper\" data-grid=\"{&quot;type&quot;:&quot;grid&quot;,&quot;ratio&quot;:null,&quot;columns&quot;:3,&quot;gutter&quot;:30}\">\r\n\t\t\t<div class=\"nuss-grid lazy-grid\">\r\n\t\t\t\t<div class=\"grid-sizer\"><\/div>\r\n\r\n\t\t\t\t\t\t\t\t\t\t\t\t<div class=\"grid-item\">\r\n\t\t\t\t\t\t<div class=\"nuss-box\">\t\t<div class=\"nuss-image image\">\r\n\t\t\t<img decoding=\"async\"  src=\"https:\/\/chimelongspaceshiphotel.com\/wp-content\/uploads\/2025\/05\/Chimelong-Spaceship-Hotel-103.webp\" alt=\"Hotel Nave Espacial Chimelong (103)\" \/>\t\t<\/div>\r\n\t\t\t\t<\/div>\t\t\t\t\t<\/div>\r\n\t\t\t\t\t\t<div class=\"grid-item\">\r\n\t\t\t\t\t\t<div class=\"nuss-box\">\t\t<div class=\"nuss-image image\">\r\n\t\t\t<img decoding=\"async\"  src=\"https:\/\/chimelongspaceshiphotel.com\/wp-content\/uploads\/2025\/05\/Chimelong-Spaceship-Hotel-87.webp\" alt=\"Hotel Nave Espacial Chimelong (87)\" \/>\t\t<\/div>\r\n\t\t\t\t<\/div>\t\t\t\t\t<\/div>\r\n\t\t\t\t\t\t<div class=\"grid-item\">\r\n\t\t\t\t\t\t<div class=\"nuss-box\">\t\t<div class=\"nuss-image image\">\r\n\t\t\t<img decoding=\"async\"  src=\"https:\/\/chimelongspaceshiphotel.com\/wp-content\/uploads\/2025\/05\/Chimelong-Spaceship-Hotel-78.webp\" alt=\"Hotel Nave Espacial Chimelong (78)\" \/>\t\t<\/div>\r\n\t\t\t\t<\/div>\t\t\t\t\t<\/div>\r\n\t\t\t\t\t\t<div class=\"grid-item\">\r\n\t\t\t\t\t\t<div class=\"nuss-box\">\t\t<div class=\"nuss-image image\">\r\n\t\t\t<img decoding=\"async\"  src=\"https:\/\/chimelongspaceshiphotel.com\/wp-content\/uploads\/2025\/05\/Chimelong-Spaceship-Hotel-68.webp\" alt=\"Hotel Nave Espacial Chimelong (68)\" \/>\t\t<\/div>\r\n\t\t\t\t<\/div>\t\t\t\t\t<\/div>\r\n\t\t\t\t\t\t<div class=\"grid-item\">\r\n\t\t\t\t\t\t<div class=\"nuss-box\">\t\t<div class=\"nuss-image image\">\r\n\t\t\t<img decoding=\"async\"  src=\"https:\/\/chimelongspaceshiphotel.com\/wp-content\/uploads\/2025\/05\/Chimelong-Spaceship-Hotel-65.webp\" alt=\"Hotel Nave Espacial Chimelong (65)\" \/>\t\t<\/div>\r\n\t\t\t\t<\/div>\t\t\t\t\t<\/div>\r\n\t\t\t\t\t\t<div class=\"grid-item\">\r\n\t\t\t\t\t\t<div class=\"nuss-box\">\t\t<div class=\"nuss-image image\">\r\n\t\t\t<img decoding=\"async\"  src=\"https:\/\/chimelongspaceshiphotel.com\/wp-content\/uploads\/2025\/05\/Chimelong-Spaceship-Hotel-63.webp\" alt=\"Hotel Nave Espacial Chimelong (63)\" \/>\t\t<\/div>\r\n\t\t\t\t<\/div>\t\t\t\t\t<\/div>\r\n\t\t\t\t\t\t<div class=\"grid-item\">\r\n\t\t\t\t\t\t<div class=\"nuss-box\">\t\t<div class=\"nuss-image image\">\r\n\t\t\t<img decoding=\"async\"  src=\"https:\/\/chimelongspaceshiphotel.com\/wp-content\/uploads\/2025\/05\/Chimelong-Spaceship-Hotel-52.webp\" alt=\"Hotel Nave Espacial Chimelong (52)\" \/>\t\t<\/div>\r\n\t\t\t\t<\/div>\t\t\t\t\t<\/div>\r\n\t\t\t\t\t\t<div class=\"grid-item\">\r\n\t\t\t\t\t\t<div class=\"nuss-box\">\t\t<div class=\"nuss-image image\">\r\n\t\t\t<img decoding=\"async\"  src=\"https:\/\/chimelongspaceshiphotel.com\/wp-content\/uploads\/2025\/05\/Chimelong-Spaceship-Hotel-48.webp\" alt=\"Hotel Nave Espacial Chimelong (48)\" \/>\t\t<\/div>\r\n\t\t\t\t<\/div>\t\t\t\t\t<\/div>\r\n\t\t\t\t\t\t<div class=\"grid-item\">\r\n\t\t\t\t\t\t<div class=\"nuss-box\">\t\t<div class=\"nuss-image image\">\r\n\t\t\t<img decoding=\"async\"  src=\"https:\/\/chimelongspaceshiphotel.com\/wp-content\/uploads\/2025\/05\/Chimelong-Spaceship-Hotel-30.webp\" alt=\"Hotel Nave Espacial Chimelong (30)\" \/>\t\t<\/div>\r\n\t\t\t\t<\/div>\t\t\t\t\t<\/div>\r\n\t\t\t\t\t\t<div class=\"grid-item\">\r\n\t\t\t\t\t\t<div class=\"nuss-box\">\t\t<div class=\"nuss-image image\">\r\n\t\t\t<img decoding=\"async\"  src=\"https:\/\/chimelongspaceshiphotel.com\/wp-content\/uploads\/2025\/05\/Chimelong-Spaceship-Hotel-20.webp\" alt=\"Hotel Nave Espacial Chimelong (20)\" \/>\t\t<\/div>\r\n\t\t\t\t<\/div>\t\t\t\t\t<\/div>\r\n\t\t\t\t\t\t<div class=\"grid-item\">\r\n\t\t\t\t\t\t<div class=\"nuss-box\">\t\t<div class=\"nuss-image image\">\r\n\t\t\t<img decoding=\"async\"  src=\"https:\/\/chimelongspaceshiphotel.com\/wp-content\/uploads\/2025\/05\/Chimelong-Spaceship-Hotel-67.webp\" alt=\"Hotel Nave Espacial Chimelong (67)\" \/>\t\t<\/div>\r\n\t\t\t\t<\/div>\t\t\t\t\t<\/div>\r\n\t\t\t\t\t\t<div class=\"grid-item\">\r\n\t\t\t\t\t\t<div class=\"nuss-box\">\t\t<div class=\"nuss-image image\">\r\n\t\t\t<img decoding=\"async\"  src=\"https:\/\/chimelongspaceshiphotel.com\/wp-content\/uploads\/2025\/05\/Chimelong-Spaceship-Hotel-62.webp\" alt=\"Hotel Nave Espacial Chimelong (62)\" \/>\t\t<\/div>\r\n\t\t\t\t<\/div>\t\t\t\t\t<\/div>\r\n\t\t\t\t\t\t<div class=\"grid-item\">\r\n\t\t\t\t\t\t<div class=\"nuss-box\">\t\t<div class=\"nuss-image image\">\r\n\t\t\t<img decoding=\"async\"  src=\"https:\/\/chimelongspaceshiphotel.com\/wp-content\/uploads\/2025\/05\/Chimelong-Spaceship-Hotel-51.webp\" alt=\"Hotel Nave Espacial Chimelong (51)\" \/>\t\t<\/div>\r\n\t\t\t\t<\/div>\t\t\t\t\t<\/div>\r\n\t\t\t\t\t\t<div class=\"grid-item\">\r\n\t\t\t\t\t\t<div class=\"nuss-box\">\t\t<div class=\"nuss-image image\">\r\n\t\t\t<img decoding=\"async\"  src=\"https:\/\/chimelongspaceshiphotel.com\/wp-content\/uploads\/2025\/05\/Chimelong-Spaceship-Hotel-43.webp\" alt=\"Hotel Nave Espacial Chimelong (43)\" \/>\t\t<\/div>\r\n\t\t\t\t<\/div>\t\t\t\t\t<\/div>\r\n\t\t\t\t\t\t<div class=\"grid-item\">\r\n\t\t\t\t\t\t<div class=\"nuss-box\">\t\t<div class=\"nuss-image image\">\r\n\t\t\t<img decoding=\"async\"  src=\"https:\/\/chimelongspaceshiphotel.com\/wp-content\/uploads\/2025\/05\/Chimelong-Spaceship-Hotel-37.webp\" alt=\"Hotel Nave Espacial Chimelong (37)\" \/>\t\t<\/div>\r\n\t\t\t\t<\/div>\t\t\t\t\t<\/div>\r\n\t\t\t\t\t\t<div class=\"grid-item\">\r\n\t\t\t\t\t\t<div class=\"nuss-box\">\t\t<div class=\"nuss-image image\">\r\n\t\t\t<img decoding=\"async\"  src=\"https:\/\/chimelongspaceshiphotel.com\/wp-content\/uploads\/2025\/05\/Chimelong-Spaceship-Hotel-21.webp\" alt=\"Hotel Nave Espacial Chimelong (21)\" \/>\t\t<\/div>\r\n\t\t\t\t<\/div>\t\t\t\t\t<\/div>\r\n\t\t\t\t\t\t<div class=\"grid-item\">\r\n\t\t\t\t\t\t<div class=\"nuss-box\">\t\t<div class=\"nuss-image image\">\r\n\t\t\t<img decoding=\"async\"  src=\"https:\/\/chimelongspaceshiphotel.com\/wp-content\/uploads\/2025\/05\/Chimelong-Spaceship-Hotel-13.webp\" alt=\"Hotel Nave Espacial Chimelong (13)\" \/>\t\t<\/div>\r\n\t\t\t\t<\/div>\t\t\t\t\t<\/div>\r\n\t\t\t\t\t\t<div class=\"grid-item\">\r\n\t\t\t\t\t\t<div class=\"nuss-box\">\t\t<div class=\"nuss-image image\">\r\n\t\t\t<img decoding=\"async\"  src=\"https:\/\/chimelongspaceshiphotel.com\/wp-content\/uploads\/2025\/05\/Chimelong-Spaceship-Hotel-96.webp\" alt=\"Hotel Nave Espacial Chimelong (96)\" \/>\t\t<\/div>\r\n\t\t\t\t<\/div>\t\t\t\t\t<\/div>\r\n\t\t\t\t\t\t\t\r\n\t\t\t<\/div>\r\n\t\t<\/div>\r\n\t\t\t\t\t\t<\/div>\n\t\t\t\t<\/div>\n\t\t\t\t\t<\/div>\n\t\t\t\t<\/div>\n\t\t\t\t<\/div>","protected":false},"excerpt":{"rendered":"<p>Embark on a culinary voyage unlike any other at the Chimelong Spaceship Hotel in Guangzhou, China, where dining transcends the ordinary and becomes an integral part of your interstellar adventure. Nestled within the futuristic confines of this iconic hotel, part of the sprawling Chimelong Tourist Resort, the restaurants and food offerings are designed to tantalize [&hellip;]<\/p>\n","protected":false},"author":1,"featured_media":0,"parent":0,"menu_order":0,"comment_status":"closed","ping_status":"closed","template":"","meta":{"footnotes":""},"class_list":["post-612","page","type-page","status-publish","hentry","post-no-thumbnail"],"_links":{"self":[{"href":"https:\/\/chimelongspaceshiphotel.com\/es\/wp-json\/wp\/v2\/pages\/612","targetHints":{"allow":["GET"]}}],"collection":[{"href":"https:\/\/chimelongspaceshiphotel.com\/es\/wp-json\/wp\/v2\/pages"}],"about":[{"href":"https:\/\/chimelongspaceshiphotel.com\/es\/wp-json\/wp\/v2\/types\/page"}],"author":[{"embeddable":true,"href":"https:\/\/chimelongspaceshiphotel.com\/es\/wp-json\/wp\/v2\/users\/1"}],"replies":[{"embeddable":true,"href":"https:\/\/chimelongspaceshiphotel.com\/es\/wp-json\/wp\/v2\/comments?post=612"}],"version-history":[{"count":0,"href":"https:\/\/chimelongspaceshiphotel.com\/es\/wp-json\/wp\/v2\/pages\/612\/revisions"}],"wp:attachment":[{"href":"https:\/\/chimelongspaceshiphotel.com\/es\/wp-json\/wp\/v2\/media?parent=612"}],"curies":[{"name":"gracias","href":"https:\/\/api.w.org\/{rel}","templated":true}]}}