{"id":5266,"date":"2021-07-18T08:03:35","date_gmt":"2021-07-18T08:03:35","guid":{"rendered":"https:\/\/nuss.uxper.co\/luxury-resort\/?page_id=5266"},"modified":"2025-12-04T15:08:05","modified_gmt":"2025-12-04T15:08:05","slug":"sobre-nosotros","status":"publish","type":"page","link":"https:\/\/chimelongspaceshiphotel.com\/es\/sobre-nosotros\/","title":{"rendered":"Sobre nosotros"},"content":{"rendered":"<div data-elementor-type=\"wp-page\" data-elementor-id=\"5266\" class=\"elementor elementor-5266\">\n\t\t\t\t\t\t<section class=\"elementor-section elementor-top-section elementor-element elementor-element-10416953 elementor-section-boxed elementor-section-gap-beside-yes elementor-section-height-default elementor-section-height-default elementor-section-column-vertical-align-stretch\" data-id=\"10416953\" data-element_type=\"section\" data-e-type=\"section\">\n\t\t\t\t\t\t<div class=\"elementor-container elementor-column-gap-extended\">\n\t\t\t\t\t<div class=\"elementor-column elementor-col-100 elementor-top-column elementor-element elementor-element-29c6aa8\" data-id=\"29c6aa8\" data-element_type=\"column\" data-e-type=\"column\">\n\t\t\t<div class=\"elementor-widget-wrap elementor-element-populated\">\n\t\t\t\t\t\t<div class=\"elementor-element elementor-element-7be18fe7 elementor-widget__width-initial elementor-invisible elementor-widget elementor-widget-text-editor\" data-id=\"7be18fe7\" data-element_type=\"widget\" data-e-type=\"widget\" data-settings=\"{&quot;_animation&quot;:&quot;nussFadeInUp&quot;}\" data-widget_type=\"text-editor.default\">\n\t\t\t\t<div class=\"elementor-widget-container\">\n\t\t\t\t\t\t\t\t\t<p>Enclavado en el coraz\u00f3n de Guangzhou, China, el Hotel Chimelong Spaceship se alza como un referente de dise\u00f1o futurista y hospitalidad inigualable. Esta maravilla arquitect\u00f3nica, parte del extenso complejo tur\u00edstico Chimelong, no es solo un lugar para alojarse, sino un viaje inmersivo al mundo de la ciencia ficci\u00f3n y la innovaci\u00f3n. Con la forma de una colosal nave interestelar, el hotel cautiva la imaginaci\u00f3n de viajeros de todo el mundo, ofreciendo una experiencia \u00fanica que combina tecnolog\u00eda de vanguardia con un confort de lujo.<\/p>\t\t\t\t\t\t\t\t<\/div>\n\t\t\t\t<\/div>\n\t\t\t\t\t<\/div>\n\t\t<\/div>\n\t\t\t\t\t<\/div>\n\t\t<\/section>\n\t\t<div class=\"elementor-element elementor-element-c6a62eb e-flex e-con-boxed e-con e-parent\" data-id=\"c6a62eb\" data-element_type=\"container\" data-e-type=\"container\">\n\t\t\t\t\t<div class=\"e-con-inner\">\n\t\t<div class=\"elementor-element elementor-element-0a27fa2 e-con-full e-flex e-con e-child\" data-id=\"0a27fa2\" data-element_type=\"container\" data-e-type=\"container\">\n\t\t\t\t<div class=\"elementor-element elementor-element-03f7656 elementor-widget elementor-widget-nuss-heading\" data-id=\"03f7656\" data-element_type=\"widget\" data-e-type=\"widget\" data-widget_type=\"nuss-heading.default\">\n\t\t\t\t<div class=\"elementor-widget-container\">\n\t\t\t\t\t\t\t<div class=\"nuss-modern-heading\">\r\n\t\t\t\t\t\t<div class=\"heading-secondary-wrap\">\r\n\t\t\t\t<h3 class=\"heading-secondary elementor-heading-title\">Hotel nave espacial Chimelong<\/h3>\t\t\t<\/div>\r\n\t\t\r\n\t\t\t\r\n\t\t\t\r\n\t\t\t\t\t<\/div>\r\n\t\t\t\t\t<\/div>\n\t\t\t\t<\/div>\n\t\t\t\t<div class=\"elementor-element elementor-element-1b0018e elementor-widget elementor-widget-text-editor\" data-id=\"1b0018e\" data-element_type=\"widget\" data-e-type=\"widget\" data-widget_type=\"text-editor.default\">\n\t\t\t\t<div class=\"elementor-widget-container\">\n\t\t\t\t\t\t\t\t\t<p>Al acercarse al Hotel Chimelong Spaceship, su elegante exterior met\u00e1lico resplandece bajo el sol, evocando la imagen de una nave espacial lista para despegar hacia lo desconocido. Abarcando una impresionante zona dentro del Reino Oce\u00e1nico de Chimelong, uno de los parques tem\u00e1ticos marinos m\u00e1s grandes del mundo, el hotel goza de una ubicaci\u00f3n estrat\u00e9gica para brindar a sus hu\u00e9spedes un acceso sin problemas a emocionantes atracciones, maravillas acu\u00e1ticas y un sinf\u00edn de entretenimiento. Ya sea que viaje en familia en busca de aventuras, en pareja en una escapada rom\u00e1ntica o como un explorador solitario con un gusto por lo extraordinario, este hotel le promete una escapada fuera de lo com\u00fan.<\/p>\t\t\t\t\t\t\t\t<\/div>\n\t\t\t\t<\/div>\n\t\t\t\t<\/div>\n\t\t<div class=\"elementor-element elementor-element-e366e00 e-con-full e-flex e-con e-child\" data-id=\"e366e00\" data-element_type=\"container\" data-e-type=\"container\">\n\t\t\t\t<div class=\"elementor-element elementor-element-7f2c125 elementor-widget elementor-widget-image\" data-id=\"7f2c125\" data-element_type=\"widget\" data-e-type=\"widget\" data-widget_type=\"image.default\">\n\t\t\t\t<div class=\"elementor-widget-container\">\n\t\t\t\t\t\t\t\t\t\t\t\t\t\t\t<img fetchpriority=\"high\" decoding=\"async\" width=\"1024\" height=\"768\" src=\"https:\/\/chimelongspaceshiphotel.com\/wp-content\/uploads\/2025\/05\/Chimelong-Spaceship-Hotel-73-1024x768.webp\" class=\"attachment-large size-large wp-image-5668\" alt=\"\" srcset=\"https:\/\/chimelongspaceshiphotel.com\/wp-content\/uploads\/2025\/05\/Chimelong-Spaceship-Hotel-73-1024x768.webp 1024w, https:\/\/chimelongspaceshiphotel.com\/wp-content\/uploads\/2025\/05\/Chimelong-Spaceship-Hotel-73-300x225.webp 300w, https:\/\/chimelongspaceshiphotel.com\/wp-content\/uploads\/2025\/05\/Chimelong-Spaceship-Hotel-73-768x576.webp 768w, https:\/\/chimelongspaceshiphotel.com\/wp-content\/uploads\/2025\/05\/Chimelong-Spaceship-Hotel-73.webp 1138w\" sizes=\"(max-width: 1024px) 100vw, 1024px\" \/>\t\t\t\t\t\t\t\t\t\t\t\t\t\t\t<\/div>\n\t\t\t\t<\/div>\n\t\t\t\t<\/div>\n\t\t\t\t\t<\/div>\n\t\t\t\t<\/div>\n\t\t\t\t<section class=\"elementor-section elementor-top-section elementor-element elementor-element-29fb8578 elementor-section-height-min-height elementor-section-stretched elementor-section-full_width elementor-section-items-stretch elementor-section-height-default elementor-section-column-vertical-align-stretch\" data-id=\"29fb8578\" data-element_type=\"section\" data-e-type=\"section\" data-settings=\"{&quot;stretch_section&quot;:&quot;section-stretched&quot;}\">\n\t\t\t\t\t\t<div class=\"elementor-container elementor-column-gap-no\">\n\t\t\t\t\t<div class=\"elementor-column elementor-col-50 elementor-top-column elementor-element elementor-element-40ac270b\" data-id=\"40ac270b\" data-element_type=\"column\" data-e-type=\"column\">\n\t\t\t<div class=\"elementor-widget-wrap elementor-element-populated\">\n\t\t\t\t\t\t<div class=\"elementor-element elementor-element-20872773 elementor-widget__width-initial elementor-widget-mobile__width-inherit elementor-invisible nuss-elementor-loading nuss-slide-in-right elementor-widget elementor-widget-image\" data-id=\"20872773\" data-element_type=\"widget\" data-e-type=\"widget\" data-settings=\"{&quot;_animation&quot;:&quot;nussSlideInRight&quot;}\" data-widget_type=\"image.default\">\n\t\t\t\t<div class=\"elementor-widget-container\">\n\t\t\t\t\t\t\t\t\t\t\t\t\t\t\t<img decoding=\"async\" width=\"1280\" height=\"853\" src=\"https:\/\/chimelongspaceshiphotel.com\/wp-content\/uploads\/2025\/05\/Chimelong-Spaceship-Hotel-40.webp\" class=\"attachment-full size-full wp-image-5650\" alt=\"\" srcset=\"https:\/\/chimelongspaceshiphotel.com\/wp-content\/uploads\/2025\/05\/Chimelong-Spaceship-Hotel-40.webp 1280w, https:\/\/chimelongspaceshiphotel.com\/wp-content\/uploads\/2025\/05\/Chimelong-Spaceship-Hotel-40-300x200.webp 300w, https:\/\/chimelongspaceshiphotel.com\/wp-content\/uploads\/2025\/05\/Chimelong-Spaceship-Hotel-40-1024x682.webp 1024w, https:\/\/chimelongspaceshiphotel.com\/wp-content\/uploads\/2025\/05\/Chimelong-Spaceship-Hotel-40-768x512.webp 768w\" sizes=\"(max-width: 1280px) 100vw, 1280px\" \/>\t\t\t\t\t\t\t\t\t\t\t\t\t\t\t<\/div>\n\t\t\t\t<\/div>\n\t\t\t\t\t<\/div>\n\t\t<\/div>\n\t\t\t\t<div class=\"elementor-column elementor-col-50 elementor-top-column elementor-element elementor-element-2dac103\" data-id=\"2dac103\" data-element_type=\"column\" data-e-type=\"column\">\n\t\t\t<div class=\"elementor-widget-wrap elementor-element-populated\">\n\t\t\t\t\t\t<div class=\"elementor-element elementor-element-7df0054f elementor-invisible elementor-widget elementor-widget-nuss-heading\" data-id=\"7df0054f\" data-element_type=\"widget\" data-e-type=\"widget\" data-settings=\"{&quot;_animation&quot;:&quot;nussFadeInUp&quot;}\" data-widget_type=\"nuss-heading.default\">\n\t\t\t\t<div class=\"elementor-widget-container\">\n\t\t\t\t\t\t\t<div class=\"nuss-modern-heading\">\r\n\t\t\t\r\n\t\t\t\t\t\t<div class=\"heading-primary-wrap\">\r\n\t\t\t\t<h4 class=\"heading-primary elementor-heading-title\">Desde 2021<\/h4>\t\t\t<\/div>\r\n\t\t\r\n\t\t\t\t\t\t<div class=\"heading-divider-wrap\">\r\n\t\t\t\t<div class=\"heading-divider\" style=\"left: 0px;top: 6px\"><\/div>\r\n\t\t\t<\/div>\r\n\t\r\n\t\t\t\t\t<\/div>\r\n\t\t\t\t\t<\/div>\n\t\t\t\t<\/div>\n\t\t\t\t<div class=\"elementor-element elementor-element-1ab88d95 elementor-invisible elementor-widget elementor-widget-heading\" data-id=\"1ab88d95\" data-element_type=\"widget\" data-e-type=\"widget\" data-settings=\"{&quot;_animation&quot;:&quot;nussFadeInUp&quot;}\" data-widget_type=\"heading.default\">\n\t\t\t\t<div class=\"elementor-widget-container\">\n\t\t\t\t\t<h3 class=\"elementor-heading-title elementor-size-default\">Hotel nave espacial Chimelong<\/h3>\t\t\t\t<\/div>\n\t\t\t\t<\/div>\n\t\t\t\t<div class=\"elementor-element elementor-element-6f1b8966 elementor-invisible elementor-widget elementor-widget-text-editor\" data-id=\"6f1b8966\" data-element_type=\"widget\" data-e-type=\"widget\" data-settings=\"{&quot;_animation&quot;:&quot;nussFadeInUp&quot;}\" data-widget_type=\"text-editor.default\">\n\t\t\t\t<div class=\"elementor-widget-container\">\n\t\t\t\t\t\t\t\t\t<p>Al entrar, se transportar\u00e1 a un mundo donde cada detalle refleja una tem\u00e1tica c\u00f3smica. El vest\u00edbulo, con su iluminaci\u00f3n ambiental y decoraci\u00f3n futurista, se siente como el centro de mando de una nave espacial, con pantallas interactivas y vistas panor\u00e1micas que crean el ambiente perfecto para una estancia de otro mundo. El hotel cuenta con cientos de habitaciones y suites de dise\u00f1o \u00fanico, cada una equipada con comodidades de vanguardia y con impresionantes vistas del parque circundante o del resplandeciente Mar de China Meridional. Desde el momento del check-in, no ser\u00e1 solo un hu\u00e9sped: ser\u00e1 un viajero en una aventura gal\u00e1ctica.<\/p><p>Adem\u00e1s de su impresionante dise\u00f1o, el Chimelong Spaceship Hotel se enorgullece de ofrecer un servicio excepcional y experiencias personalizadas. Los hu\u00e9spedes pueden disfrutar de una variedad de opciones gastron\u00f3micas, desde restaurantes de tem\u00e1tica intergal\u00e1ctica que sirven cocina gourmet hasta restaurantes informales que ofrecen refrigerios r\u00e1pidos para quienes deseen regresar a la emoci\u00f3n del parque. El hotel tambi\u00e9n ofrece acceso exclusivo a Chimelong Ocean Kingdom, lo que permite a los visitantes explorar fascinantes exhibiciones marinas, emocionantes atracciones y espect\u00e1culos cautivadores sin salir de la burbuja imaginativa del resort.<\/p>\t\t\t\t\t\t\t\t<\/div>\n\t\t\t\t<\/div>\n\t\t\t\t\t<\/div>\n\t\t<\/div>\n\t\t\t\t\t<\/div>\n\t\t<\/section>\n\t\t\t\t<section class=\"elementor-section elementor-top-section elementor-element elementor-element-bd76079 elementor-section-height-min-height elementor-section-stretched elementor-section-full_width elementor-section-items-stretch elementor-section-height-default elementor-section-column-vertical-align-stretch\" data-id=\"bd76079\" data-element_type=\"section\" data-e-type=\"section\" data-settings=\"{&quot;stretch_section&quot;:&quot;section-stretched&quot;}\">\n\t\t\t\t\t\t<div class=\"elementor-container elementor-column-gap-no\">\n\t\t\t\t\t<div class=\"elementor-column elementor-col-50 elementor-top-column elementor-element elementor-element-cb44317\" data-id=\"cb44317\" data-element_type=\"column\" data-e-type=\"column\">\n\t\t\t<div class=\"elementor-widget-wrap elementor-element-populated\">\n\t\t\t\t\t\t<div class=\"elementor-element elementor-element-b8bcc94 elementor-invisible elementor-widget elementor-widget-nuss-heading\" data-id=\"b8bcc94\" data-element_type=\"widget\" data-e-type=\"widget\" data-settings=\"{&quot;_animation&quot;:&quot;nussFadeInUp&quot;}\" data-widget_type=\"nuss-heading.default\">\n\t\t\t\t<div class=\"elementor-widget-container\">\n\t\t\t\t\t\t\t<div class=\"nuss-modern-heading\">\r\n\t\t\t\r\n\t\t\t\t\t\t<div class=\"heading-primary-wrap\">\r\n\t\t\t\t<h4 class=\"heading-primary elementor-heading-title\">Desde 2021<\/h4>\t\t\t<\/div>\r\n\t\t\r\n\t\t\t\t\t\t<div class=\"heading-divider-wrap\">\r\n\t\t\t\t<div class=\"heading-divider\" style=\"left: 0px;top: 6px\"><\/div>\r\n\t\t\t<\/div>\r\n\t\r\n\t\t\t\t\t<\/div>\r\n\t\t\t\t\t<\/div>\n\t\t\t\t<\/div>\n\t\t\t\t<div class=\"elementor-element elementor-element-b031136 elementor-invisible elementor-widget elementor-widget-heading\" data-id=\"b031136\" data-element_type=\"widget\" data-e-type=\"widget\" data-settings=\"{&quot;_animation&quot;:&quot;nussFadeInUp&quot;}\" data-widget_type=\"heading.default\">\n\t\t\t\t<div class=\"elementor-widget-container\">\n\t\t\t\t\t<h3 class=\"elementor-heading-title elementor-size-default\">Hotel nave espacial Chimelong<\/h3>\t\t\t\t<\/div>\n\t\t\t\t<\/div>\n\t\t\t\t<div class=\"elementor-element elementor-element-0c67d7d elementor-invisible elementor-widget elementor-widget-text-editor\" data-id=\"0c67d7d\" data-element_type=\"widget\" data-e-type=\"widget\" data-settings=\"{&quot;_animation&quot;:&quot;nussFadeInUp&quot;}\" data-widget_type=\"text-editor.default\">\n\t\t\t\t<div class=\"elementor-widget-container\">\n\t\t\t\t\t\t\t\t\t<p>Adem\u00e1s de su impresionante dise\u00f1o, el Chimelong Spaceship Hotel se enorgullece de ofrecer un servicio excepcional y experiencias personalizadas. Los hu\u00e9spedes pueden disfrutar de una variedad de opciones gastron\u00f3micas, desde restaurantes de tem\u00e1tica intergal\u00e1ctica que sirven cocina gourmet hasta restaurantes informales que ofrecen refrigerios r\u00e1pidos para quienes deseen regresar a la emoci\u00f3n del parque. El hotel tambi\u00e9n ofrece acceso exclusivo a Chimelong Ocean Kingdom, lo que permite a los visitantes explorar fascinantes exhibiciones marinas, emocionantes atracciones y espect\u00e1culos cautivadores sin salir de la burbuja imaginativa del resort.<\/p><p>Para quienes buscan relajarse despu\u00e9s de un d\u00eda de exploraci\u00f3n, el hotel ofrece una variedad de instalaciones de bienestar, incluyendo un spa que incorpora elementos futuristas en sus tratamientos, creando un ambiente sereno para desconectar. Ni\u00f1os y adultos pueden disfrutar de \u00e1reas recreativas, juegos interactivos y actividades tem\u00e1ticas que mantienen vivo el esp\u00edritu de descubrimiento durante su estancia.<\/p><p>El Chimelong Spaceship Hotel es m\u00e1s que un simple destino; es un testimonio de la creatividad humana y las infinitas posibilidades de viajar. Invita a los hu\u00e9spedes a so\u00f1ar m\u00e1s all\u00e1 de las estrellas, a la vez que los envuelve en la calidez de una hospitalidad de primera clase. Ya sea que le atraiga el encanto de su dise\u00f1o innovador, la emoci\u00f3n de las atracciones cercanas o la promesa de una estancia inigualable, este hotel est\u00e1 listo para redefinir el significado de las vacaciones. Bienvenido a bordo del Chimelong Spaceship Hotel: prep\u00e1rese para un viaje verdaderamente extraordinario.<\/p>\t\t\t\t\t\t\t\t<\/div>\n\t\t\t\t<\/div>\n\t\t\t\t\t<\/div>\n\t\t<\/div>\n\t\t\t\t<div class=\"elementor-column elementor-col-50 elementor-top-column elementor-element elementor-element-dc5d68b\" data-id=\"dc5d68b\" data-element_type=\"column\" data-e-type=\"column\">\n\t\t\t<div class=\"elementor-widget-wrap elementor-element-populated\">\n\t\t\t\t\t\t<div class=\"elementor-element elementor-element-4dfbb77 elementor-widget__width-initial elementor-widget-mobile__width-inherit elementor-invisible nuss-elementor-loading nuss-slide-in-right elementor-widget elementor-widget-image\" data-id=\"4dfbb77\" data-element_type=\"widget\" data-e-type=\"widget\" data-settings=\"{&quot;_animation&quot;:&quot;nussSlideInRight&quot;}\" data-widget_type=\"image.default\">\n\t\t\t\t<div class=\"elementor-widget-container\">\n\t\t\t\t\t\t\t\t\t\t\t\t\t\t\t<img decoding=\"async\" width=\"1280\" height=\"852\" src=\"https:\/\/chimelongspaceshiphotel.com\/wp-content\/uploads\/2025\/05\/Chimelong-Spaceship-Hotel-99.webp\" class=\"attachment-full size-full wp-image-5670\" alt=\"\" srcset=\"https:\/\/chimelongspaceshiphotel.com\/wp-content\/uploads\/2025\/05\/Chimelong-Spaceship-Hotel-99.webp 1280w, https:\/\/chimelongspaceshiphotel.com\/wp-content\/uploads\/2025\/05\/Chimelong-Spaceship-Hotel-99-300x200.webp 300w, https:\/\/chimelongspaceshiphotel.com\/wp-content\/uploads\/2025\/05\/Chimelong-Spaceship-Hotel-99-1024x682.webp 1024w, https:\/\/chimelongspaceshiphotel.com\/wp-content\/uploads\/2025\/05\/Chimelong-Spaceship-Hotel-99-768x511.webp 768w\" sizes=\"(max-width: 1280px) 100vw, 1280px\" \/>\t\t\t\t\t\t\t\t\t\t\t\t\t\t\t<\/div>\n\t\t\t\t<\/div>\n\t\t\t\t\t<\/div>\n\t\t<\/div>\n\t\t\t\t\t<\/div>\n\t\t<\/section>\n\t\t\t\t<\/div>","protected":false},"excerpt":{"rendered":"<p>Nestled in the heart of Guangzhou, China, the Chimelong Spaceship Hotel stands as a beacon of futuristic design and unparalleled hospitality. This architectural marvel, part of the expansive Chimelong Tourist Resort, is not just a place to stay\u2014it&#8217;s an immersive journey into the realm of science fiction and innovation. Shaped like a colossal interstellar vessel, [&hellip;]<\/p>\n","protected":false},"author":1,"featured_media":0,"parent":0,"menu_order":0,"comment_status":"closed","ping_status":"closed","template":"","meta":{"footnotes":""},"class_list":["post-5266","page","type-page","status-publish","hentry","post-no-thumbnail"],"_links":{"self":[{"href":"https:\/\/chimelongspaceshiphotel.com\/es\/wp-json\/wp\/v2\/pages\/5266","targetHints":{"allow":["GET"]}}],"collection":[{"href":"https:\/\/chimelongspaceshiphotel.com\/es\/wp-json\/wp\/v2\/pages"}],"about":[{"href":"https:\/\/chimelongspaceshiphotel.com\/es\/wp-json\/wp\/v2\/types\/page"}],"author":[{"embeddable":true,"href":"https:\/\/chimelongspaceshiphotel.com\/es\/wp-json\/wp\/v2\/users\/1"}],"replies":[{"embeddable":true,"href":"https:\/\/chimelongspaceshiphotel.com\/es\/wp-json\/wp\/v2\/comments?post=5266"}],"version-history":[{"count":0,"href":"https:\/\/chimelongspaceshiphotel.com\/es\/wp-json\/wp\/v2\/pages\/5266\/revisions"}],"wp:attachment":[{"href":"https:\/\/chimelongspaceshiphotel.com\/es\/wp-json\/wp\/v2\/media?parent=5266"}],"curies":[{"name":"gracias","href":"https:\/\/api.w.org\/{rel}","templated":true}]}}