{"id":2106,"date":"2021-03-25T04:08:26","date_gmt":"2021-03-25T04:08:26","guid":{"rendered":"http:\/\/localhost\/nuss\/?page_id=298"},"modified":"2025-12-04T15:08:35","modified_gmt":"2025-12-04T15:08:35","slug":"experiencias","status":"publish","type":"page","link":"https:\/\/chimelongspaceshiphotel.com\/es\/experiencias\/","title":{"rendered":"Experiencias"},"content":{"rendered":"<div data-elementor-type=\"wp-page\" data-elementor-id=\"2106\" class=\"elementor elementor-2106\">\n\t\t\t\t\t\t<section class=\"elementor-section elementor-top-section elementor-element elementor-element-1954ffc elementor-section-boxed elementor-section-gap-beside-yes elementor-section-height-default elementor-section-height-default elementor-section-column-vertical-align-stretch\" data-id=\"1954ffc\" data-element_type=\"section\" data-e-type=\"section\">\n\t\t\t\t\t\t<div class=\"elementor-container elementor-column-gap-extended\">\n\t\t\t\t\t<div class=\"elementor-column elementor-col-100 elementor-top-column elementor-element elementor-element-86aebc5\" data-id=\"86aebc5\" data-element_type=\"column\" data-e-type=\"column\">\n\t\t\t<div class=\"elementor-widget-wrap elementor-element-populated\">\n\t\t\t\t\t\t<div class=\"elementor-element elementor-element-11803d1 elementor-widget__width-initial elementor-invisible elementor-widget elementor-widget-text-editor\" data-id=\"11803d1\" data-element_type=\"widget\" data-e-type=\"widget\" data-settings=\"{&quot;_animation&quot;:&quot;nussFadeInUp&quot;}\" data-widget_type=\"text-editor.default\">\n\t\t\t\t<div class=\"elementor-widget-container\">\n\t\t\t\t\t\t\t\t\t<h3>Un viaje gal\u00e1ctico a trav\u00e9s de los comentarios de los hu\u00e9spedes<\/h3>\t\t\t\t\t\t\t\t<\/div>\n\t\t\t\t<\/div>\n\t\t\t\t\t<\/div>\n\t\t<\/div>\n\t\t\t\t\t<\/div>\n\t\t<\/section>\n\t\t\t\t<section class=\"elementor-section elementor-top-section elementor-element elementor-element-b2344ff elementor-section-gap-beside-no elementor-section-boxed elementor-section-height-default elementor-section-height-default elementor-section-column-vertical-align-stretch\" data-id=\"b2344ff\" data-element_type=\"section\" data-e-type=\"section\">\n\t\t\t\t\t\t<div class=\"elementor-container elementor-column-gap-extended\">\n\t\t\t\t\t<div class=\"elementor-column elementor-col-50 elementor-top-column elementor-element elementor-element-4698ec8\" data-id=\"4698ec8\" data-element_type=\"column\" data-e-type=\"column\">\n\t\t\t<div class=\"elementor-widget-wrap elementor-element-populated\">\n\t\t\t\t\t\t<div class=\"elementor-element elementor-element-88e5290 elementor-invisible nuss-elementor-loading nuss-slide-in-right elementor-widget elementor-widget-image\" data-id=\"88e5290\" data-element_type=\"widget\" data-e-type=\"widget\" data-settings=\"{&quot;_animation&quot;:&quot;nussSlideInRight&quot;}\" data-widget_type=\"image.default\">\n\t\t\t\t<div class=\"elementor-widget-container\">\n\t\t\t\t\t\t\t\t\t\t\t\t\t\t\t<img fetchpriority=\"high\" decoding=\"async\" width=\"1138\" height=\"853\" src=\"https:\/\/chimelongspaceshiphotel.com\/wp-content\/uploads\/2025\/05\/Chimelong-Spaceship-Hotel-101.webp\" class=\"attachment-full size-full wp-image-5655\" alt=\"\" srcset=\"https:\/\/chimelongspaceshiphotel.com\/wp-content\/uploads\/2025\/05\/Chimelong-Spaceship-Hotel-101.webp 1138w, https:\/\/chimelongspaceshiphotel.com\/wp-content\/uploads\/2025\/05\/Chimelong-Spaceship-Hotel-101-300x225.webp 300w, https:\/\/chimelongspaceshiphotel.com\/wp-content\/uploads\/2025\/05\/Chimelong-Spaceship-Hotel-101-1024x768.webp 1024w, https:\/\/chimelongspaceshiphotel.com\/wp-content\/uploads\/2025\/05\/Chimelong-Spaceship-Hotel-101-768x576.webp 768w\" sizes=\"(max-width: 1138px) 100vw, 1138px\" \/>\t\t\t\t\t\t\t\t\t\t\t\t\t\t\t<\/div>\n\t\t\t\t<\/div>\n\t\t\t\t\t<\/div>\n\t\t<\/div>\n\t\t\t\t<div class=\"elementor-column elementor-col-50 elementor-top-column elementor-element elementor-element-4b9e677\" data-id=\"4b9e677\" data-element_type=\"column\" data-e-type=\"column\">\n\t\t\t<div class=\"elementor-widget-wrap elementor-element-populated\">\n\t\t\t\t\t\t<div class=\"elementor-element elementor-element-bc0b7e2 elementor-invisible elementor-widget elementor-widget-text-editor\" data-id=\"bc0b7e2\" data-element_type=\"widget\" data-e-type=\"widget\" data-settings=\"{&quot;_animation&quot;:&quot;nussFadeInUp&quot;}\" data-widget_type=\"text-editor.default\">\n\t\t\t\t<div class=\"elementor-widget-container\">\n\t\t\t\t\t\t\t\t\t<p>Emb\u00e1rcate en un viaje a trav\u00e9s de las estrellas sin salir de la Tierra en el Chimelong Spaceship Hotel, un destino \u00fanico en Zhuhai, China, donde el dise\u00f1o futurista se fusiona con un lujo inigualable. Enclavado en el coraz\u00f3n del complejo tur\u00edstico de Chimelong, esta maravilla de 5 estrellas ha cautivado la imaginaci\u00f3n de viajeros de todo el mundo desde su gran inauguraci\u00f3n en 2021. Con su imponente arquitectura de nave espacial, sus interiores inmersivos de tem\u00e1tica espacial y su proximidad al mundialmente famoso Chimelong Ocean Kingdom, el hotel promete una experiencia excepcional que combina aventura, relajaci\u00f3n e innovaci\u00f3n. Pero, \u00bfqu\u00e9 opinan realmente los hu\u00e9spedes de su estancia en este santuario c\u00f3smico? Analicemos en profundidad las experiencias y rese\u00f1as de los clientes que ofrecen una v\u00edvida imagen de la vida a bordo de esta extraordinaria nave espacial.<\/p>\t\t\t\t\t\t\t\t<\/div>\n\t\t\t\t<\/div>\n\t\t\t\t\t<\/div>\n\t\t<\/div>\n\t\t\t\t\t<\/div>\n\t\t<\/section>\n\t\t\t\t<section class=\"elementor-section elementor-top-section elementor-element elementor-element-575fc68 elementor-section-gap-beside-no elementor-section-boxed elementor-section-height-default elementor-section-height-default elementor-section-column-vertical-align-stretch\" data-id=\"575fc68\" data-element_type=\"section\" data-e-type=\"section\">\n\t\t\t\t\t\t<div class=\"elementor-container elementor-column-gap-extended\">\n\t\t\t\t\t<div class=\"elementor-column elementor-col-50 elementor-top-column elementor-element elementor-element-dd03a56\" data-id=\"dd03a56\" data-element_type=\"column\" data-e-type=\"column\">\n\t\t\t<div class=\"elementor-widget-wrap elementor-element-populated\">\n\t\t\t\t\t\t<div class=\"elementor-element elementor-element-78ab5be elementor-invisible nuss-elementor-loading nuss-slide-in-right elementor-widget elementor-widget-image\" data-id=\"78ab5be\" data-element_type=\"widget\" data-e-type=\"widget\" data-settings=\"{&quot;_animation&quot;:&quot;nussSlideInRight&quot;}\" data-widget_type=\"image.default\">\n\t\t\t\t<div class=\"elementor-widget-container\">\n\t\t\t\t\t\t\t\t\t\t\t\t\t\t\t<img decoding=\"async\" width=\"1280\" height=\"853\" src=\"https:\/\/chimelongspaceshiphotel.com\/wp-content\/uploads\/2025\/05\/Chimelong-Spaceship-Hotel-92.webp\" class=\"attachment-full size-full wp-image-5653\" alt=\"\" srcset=\"https:\/\/chimelongspaceshiphotel.com\/wp-content\/uploads\/2025\/05\/Chimelong-Spaceship-Hotel-92.webp 1280w, https:\/\/chimelongspaceshiphotel.com\/wp-content\/uploads\/2025\/05\/Chimelong-Spaceship-Hotel-92-300x200.webp 300w, https:\/\/chimelongspaceshiphotel.com\/wp-content\/uploads\/2025\/05\/Chimelong-Spaceship-Hotel-92-1024x682.webp 1024w, https:\/\/chimelongspaceshiphotel.com\/wp-content\/uploads\/2025\/05\/Chimelong-Spaceship-Hotel-92-768x512.webp 768w\" sizes=\"(max-width: 1280px) 100vw, 1280px\" \/>\t\t\t\t\t\t\t\t\t\t\t\t\t\t\t<\/div>\n\t\t\t\t<\/div>\n\t\t\t\t\t<\/div>\n\t\t<\/div>\n\t\t\t\t<div class=\"elementor-column elementor-col-50 elementor-top-column elementor-element elementor-element-364a6b2\" data-id=\"364a6b2\" data-element_type=\"column\" data-e-type=\"column\">\n\t\t\t<div class=\"elementor-widget-wrap elementor-element-populated\">\n\t\t\t\t\t\t<div class=\"elementor-element elementor-element-ccbb94d elementor-invisible elementor-widget elementor-widget-text-editor\" data-id=\"ccbb94d\" data-element_type=\"widget\" data-e-type=\"widget\" data-settings=\"{&quot;_animation&quot;:&quot;nussFadeInUp&quot;}\" data-widget_type=\"text-editor.default\">\n\t\t\t\t<div class=\"elementor-widget-container\">\n\t\t\t\t\t\t\t\t\t<p>En el Chimelong Spaceship Hotel, las opiniones de los hu\u00e9spedes revelan un tema recurrente: no se trata solo de un hotel, sino de un destino que redefine la hospitalidad a trav\u00e9s de la creatividad y la atenci\u00f3n al detalle. Con m\u00e1s de 1250 habitaciones y suites, cada una dise\u00f1ada para transportar a los visitantes a las profundidades del universo, el hotel ha recibido miles de rese\u00f1as en las principales plataformas de agencias de viajes en l\u00ednea (OTA) como Trip.com, Booking.com, Agoda.com y otras. Con una impresionante calificaci\u00f3n global de 9,4 sobre 10 basada en m\u00e1s de 13\u00a0000 opiniones, es evidente que este refugio interestelar ha dejado una huella imborrable en sus visitantes. Los hu\u00e9spedes suelen describir su estancia como &quot;un viaje inimaginable&quot;, elogiando la perfecta fusi\u00f3n de la magia tem\u00e1tica con las comodidades de un resort de lujo. Ya sean familias que buscan una escapada m\u00e1gica, parejas en una escapada rom\u00e1ntica o aventureros en solitario que anhelan algo extraordinario, las rese\u00f1as reflejan una sensaci\u00f3n casi universal de asombro y satisfacci\u00f3n.<\/p>\t\t\t\t\t\t\t\t<\/div>\n\t\t\t\t<\/div>\n\t\t\t\t\t<\/div>\n\t\t<\/div>\n\t\t\t\t\t<\/div>\n\t\t<\/section>\n\t\t\t\t<section class=\"elementor-section elementor-top-section elementor-element elementor-element-7853fd5 elementor-section-gap-beside-no elementor-section-boxed elementor-section-height-default elementor-section-height-default elementor-section-column-vertical-align-stretch\" data-id=\"7853fd5\" data-element_type=\"section\" data-e-type=\"section\">\n\t\t\t\t\t\t<div class=\"elementor-container elementor-column-gap-extended\">\n\t\t\t\t\t<div class=\"elementor-column elementor-col-50 elementor-top-column elementor-element elementor-element-9a8fa64\" data-id=\"9a8fa64\" data-element_type=\"column\" data-e-type=\"column\">\n\t\t\t<div class=\"elementor-widget-wrap elementor-element-populated\">\n\t\t\t\t\t\t<div class=\"elementor-element elementor-element-6f7d3f1 elementor-invisible nuss-elementor-loading nuss-slide-in-right elementor-widget elementor-widget-image\" data-id=\"6f7d3f1\" data-element_type=\"widget\" data-e-type=\"widget\" data-settings=\"{&quot;_animation&quot;:&quot;nussSlideInRight&quot;}\" data-widget_type=\"image.default\">\n\t\t\t\t<div class=\"elementor-widget-container\">\n\t\t\t\t\t\t\t\t\t\t\t\t\t\t\t<img decoding=\"async\" width=\"1280\" height=\"853\" src=\"https:\/\/chimelongspaceshiphotel.com\/wp-content\/uploads\/2025\/05\/Chimelong-Spaceship-Hotel-103.webp\" class=\"attachment-full size-full wp-image-5613\" alt=\"\" srcset=\"https:\/\/chimelongspaceshiphotel.com\/wp-content\/uploads\/2025\/05\/Chimelong-Spaceship-Hotel-103.webp 1280w, https:\/\/chimelongspaceshiphotel.com\/wp-content\/uploads\/2025\/05\/Chimelong-Spaceship-Hotel-103-300x200.webp 300w, https:\/\/chimelongspaceshiphotel.com\/wp-content\/uploads\/2025\/05\/Chimelong-Spaceship-Hotel-103-1024x682.webp 1024w, https:\/\/chimelongspaceshiphotel.com\/wp-content\/uploads\/2025\/05\/Chimelong-Spaceship-Hotel-103-768x512.webp 768w\" sizes=\"(max-width: 1280px) 100vw, 1280px\" \/>\t\t\t\t\t\t\t\t\t\t\t\t\t\t\t<\/div>\n\t\t\t\t<\/div>\n\t\t\t\t\t<\/div>\n\t\t<\/div>\n\t\t\t\t<div class=\"elementor-column elementor-col-50 elementor-top-column elementor-element elementor-element-abd874b\" data-id=\"abd874b\" data-element_type=\"column\" data-e-type=\"column\">\n\t\t\t<div class=\"elementor-widget-wrap elementor-element-populated\">\n\t\t\t\t\t\t<div class=\"elementor-element elementor-element-a80ff28 elementor-invisible elementor-widget elementor-widget-text-editor\" data-id=\"a80ff28\" data-element_type=\"widget\" data-e-type=\"widget\" data-settings=\"{&quot;_animation&quot;:&quot;nussFadeInUp&quot;}\" data-widget_type=\"text-editor.default\">\n\t\t\t\t<div class=\"elementor-widget-container\">\n\t\t\t\t\t\t\t\t\t<p>En <strong>Trip.com<\/strong>En el hotel, donde a menudo se obtienen puntuaciones superiores a 9,4 sobre 10, los viajeros elogian la meticulosa decoraci\u00f3n de tem\u00e1tica espacial que impregna cada rinc\u00f3n del establecimiento. Un usuario coment\u00f3: \u00abDesde el momento en que entras al vest\u00edbulo, te sientes como si estuvieras subiendo a una nave espacial rumbo a las estrellas. La atenci\u00f3n al detalle en las habitaciones, con iluminaci\u00f3n inspirada en la galaxia y dispositivos futuristas, \u00a1hizo que mis hijos se sintieran como verdaderos astronautas!\u00bb. Muchos tambi\u00e9n destacan el excepcional servicio, con un personal descrito como \u00abc\u00e1lido, atento y siempre dispuesto a ayudar\u00bb, lo que garantiza el \u00e9xito de cada misi\u00f3n de los hu\u00e9spedes. La proximidad a Chimelong Ocean Kingdom es otro punto a destacar, y las familias aprecian la facilidad de combinar la aventura en un parque tem\u00e1tico con una estancia de lujo. Sin embargo, algunas rese\u00f1as mencionan aglomeraciones en hora punta al momento del check-in, aunque la mayor\u00eda coincide en que la experiencia vale la pena la espera.<\/p>\t\t\t\t\t\t\t\t<\/div>\n\t\t\t\t<\/div>\n\t\t\t\t\t<\/div>\n\t\t<\/div>\n\t\t\t\t\t<\/div>\n\t\t<\/section>\n\t\t\t\t<section class=\"elementor-section elementor-top-section elementor-element elementor-element-98e8321 elementor-section-gap-beside-no elementor-section-boxed elementor-section-height-default elementor-section-height-default elementor-section-column-vertical-align-stretch\" data-id=\"98e8321\" data-element_type=\"section\" data-e-type=\"section\">\n\t\t\t\t\t\t<div class=\"elementor-container elementor-column-gap-extended\">\n\t\t\t\t\t<div class=\"elementor-column elementor-col-50 elementor-top-column elementor-element elementor-element-b761801\" data-id=\"b761801\" data-element_type=\"column\" data-e-type=\"column\">\n\t\t\t<div class=\"elementor-widget-wrap elementor-element-populated\">\n\t\t\t\t\t\t<div class=\"elementor-element elementor-element-f202217 elementor-invisible nuss-elementor-loading nuss-slide-in-right elementor-widget elementor-widget-image\" data-id=\"f202217\" data-element_type=\"widget\" data-e-type=\"widget\" data-settings=\"{&quot;_animation&quot;:&quot;nussSlideInRight&quot;}\" data-widget_type=\"image.default\">\n\t\t\t\t<div class=\"elementor-widget-container\">\n\t\t\t\t\t\t\t\t\t\t\t\t\t\t\t<img loading=\"lazy\" decoding=\"async\" width=\"1280\" height=\"852\" src=\"https:\/\/chimelongspaceshiphotel.com\/wp-content\/uploads\/2025\/05\/Chimelong-Spaceship-Hotel-99.webp\" class=\"attachment-full size-full wp-image-5670\" alt=\"\" srcset=\"https:\/\/chimelongspaceshiphotel.com\/wp-content\/uploads\/2025\/05\/Chimelong-Spaceship-Hotel-99.webp 1280w, https:\/\/chimelongspaceshiphotel.com\/wp-content\/uploads\/2025\/05\/Chimelong-Spaceship-Hotel-99-300x200.webp 300w, https:\/\/chimelongspaceshiphotel.com\/wp-content\/uploads\/2025\/05\/Chimelong-Spaceship-Hotel-99-1024x682.webp 1024w, https:\/\/chimelongspaceshiphotel.com\/wp-content\/uploads\/2025\/05\/Chimelong-Spaceship-Hotel-99-768x511.webp 768w\" sizes=\"(max-width: 1280px) 100vw, 1280px\" \/>\t\t\t\t\t\t\t\t\t\t\t\t\t\t\t<\/div>\n\t\t\t\t<\/div>\n\t\t\t\t\t<\/div>\n\t\t<\/div>\n\t\t\t\t<div class=\"elementor-column elementor-col-50 elementor-top-column elementor-element elementor-element-0d2b854\" data-id=\"0d2b854\" data-element_type=\"column\" data-e-type=\"column\">\n\t\t\t<div class=\"elementor-widget-wrap elementor-element-populated\">\n\t\t\t\t\t\t<div class=\"elementor-element elementor-element-d68355f elementor-invisible elementor-widget elementor-widget-text-editor\" data-id=\"d68355f\" data-element_type=\"widget\" data-e-type=\"widget\" data-settings=\"{&quot;_animation&quot;:&quot;nussFadeInUp&quot;}\" data-widget_type=\"text-editor.default\">\n\t\t\t\t<div class=\"elementor-widget-container\">\n\t\t\t\t\t\t\t\t\t<p>M\u00e1s all\u00e1 de <strong>Booking.com<\/strong>En el hotel, donde ostenta una excelente calificaci\u00f3n de 9,3 sobre 10, los comentarios reflejan sentimientos similares de asombro y deleite. Los hu\u00e9spedes elogian con frecuencia las comodidades innovadoras, como los sistemas de control inteligente en las habitaciones, que permiten personalizar f\u00e1cilmente la iluminaci\u00f3n y la temperatura. Una rese\u00f1a reciente afirmaba: \u00abLa Suite Space super\u00f3 mis expectativas: dormir en una cama king bajo un cielo estrellado fue una experiencia surrealista. Los art\u00edculos de ba\u00f1o eran de primera calidad y la vista al Mar de China Meridional era impresionante\u00bb. La oferta gastron\u00f3mica del hotel tambi\u00e9n recibe grandes elogios, con varios restaurantes que ofrecen una cocina diversa que satisface los gustos internacionales. Algunos comentarios constructivos se\u00f1alan ocasionalmente barreras ling\u00fc\u00edsticas con el personal, aunque la mayor\u00eda describe la hospitalidad general como de primera clase.<\/p>\t\t\t\t\t\t\t\t<\/div>\n\t\t\t\t<\/div>\n\t\t\t\t\t<\/div>\n\t\t<\/div>\n\t\t\t\t\t<\/div>\n\t\t<\/section>\n\t\t\t\t<section class=\"elementor-section elementor-top-section elementor-element elementor-element-3a6482e elementor-section-gap-beside-no elementor-section-boxed elementor-section-height-default elementor-section-height-default elementor-section-column-vertical-align-stretch\" data-id=\"3a6482e\" data-element_type=\"section\" data-e-type=\"section\">\n\t\t\t\t\t\t<div class=\"elementor-container elementor-column-gap-extended\">\n\t\t\t\t\t<div class=\"elementor-column elementor-col-50 elementor-top-column elementor-element elementor-element-885ce92\" data-id=\"885ce92\" data-element_type=\"column\" data-e-type=\"column\">\n\t\t\t<div class=\"elementor-widget-wrap elementor-element-populated\">\n\t\t\t\t\t\t<div class=\"elementor-element elementor-element-e824b2d elementor-invisible nuss-elementor-loading nuss-slide-in-right elementor-widget elementor-widget-image\" data-id=\"e824b2d\" data-element_type=\"widget\" data-e-type=\"widget\" data-settings=\"{&quot;_animation&quot;:&quot;nussSlideInRight&quot;}\" data-widget_type=\"image.default\">\n\t\t\t\t<div class=\"elementor-widget-container\">\n\t\t\t\t\t\t\t\t\t\t\t\t\t\t\t<img loading=\"lazy\" decoding=\"async\" width=\"2100\" height=\"1399\" src=\"https:\/\/chimelongspaceshiphotel.com\/wp-content\/uploads\/2025\/05\/ChimelongSpaceshipHotel_banner.jpg\" class=\"attachment-full size-full wp-image-5495\" alt=\"\" srcset=\"https:\/\/chimelongspaceshiphotel.com\/wp-content\/uploads\/2025\/05\/ChimelongSpaceshipHotel_banner.jpg 2100w, https:\/\/chimelongspaceshiphotel.com\/wp-content\/uploads\/2025\/05\/ChimelongSpaceshipHotel_banner-300x200.jpg 300w, https:\/\/chimelongspaceshiphotel.com\/wp-content\/uploads\/2025\/05\/ChimelongSpaceshipHotel_banner-1024x682.jpg 1024w, https:\/\/chimelongspaceshiphotel.com\/wp-content\/uploads\/2025\/05\/ChimelongSpaceshipHotel_banner-768x512.jpg 768w, https:\/\/chimelongspaceshiphotel.com\/wp-content\/uploads\/2025\/05\/ChimelongSpaceshipHotel_banner-1536x1023.jpg 1536w, https:\/\/chimelongspaceshiphotel.com\/wp-content\/uploads\/2025\/05\/ChimelongSpaceshipHotel_banner-2048x1364.jpg 2048w\" sizes=\"(max-width: 2100px) 100vw, 2100px\" \/>\t\t\t\t\t\t\t\t\t\t\t\t\t\t\t<\/div>\n\t\t\t\t<\/div>\n\t\t\t\t\t<\/div>\n\t\t<\/div>\n\t\t\t\t<div class=\"elementor-column elementor-col-50 elementor-top-column elementor-element elementor-element-1addd1f\" data-id=\"1addd1f\" data-element_type=\"column\" data-e-type=\"column\">\n\t\t\t<div class=\"elementor-widget-wrap elementor-element-populated\">\n\t\t\t\t\t\t<div class=\"elementor-element elementor-element-a113780 elementor-invisible elementor-widget elementor-widget-text-editor\" data-id=\"a113780\" data-element_type=\"widget\" data-e-type=\"widget\" data-settings=\"{&quot;_animation&quot;:&quot;nussFadeInUp&quot;}\" data-widget_type=\"text-editor.default\">\n\t\t\t\t<div class=\"elementor-widget-container\">\n\t\t\t\t\t\t\t\t\t<p><strong>Agoda.com<\/strong> Los usuarios, que le otorgan al hotel una puntuaci\u00f3n media de 9,2 sobre 10, suelen destacar la relaci\u00f3n calidad-precio y la experiencia \u00fanica que distingue al Chimelong Spaceship Hotel de los alojamientos de lujo tradicionales. Un hu\u00e9sped coment\u00f3: \u00abEste no es solo un lugar para dormir; es una aventura. La tem\u00e1tica espacial est\u00e1 impecablemente lograda, desde los sistemas de entretenimiento interactivos hasta los sonidos ambientales de una nave espacial en los pasillos. \u00a1Vale cada c\u00e9ntimo!\u00bb. Las familias y los grupos aprecian especialmente las amplias opciones de habitaciones y las instalaciones adaptadas para ni\u00f1os, mientras que quienes viajan solos y las parejas destacan el ambiente tranquilo de ciertas zonas, perfecto para relajarse tras un d\u00eda de exploraci\u00f3n. Algunas rese\u00f1as mencionan que la conexi\u00f3n wifi puede ser inestable en algunas zonas, pero estos comentarios son poco frecuentes entre la avalancha de testimonios elogiosos.<\/p><p>En otras plataformas como <strong>Expedia<\/strong> y <strong>Hoteles.com<\/strong>La narrativa se mantiene abrumadoramente positiva, con calificaciones que oscilan constantemente entre 4,7 y 4,9 sobre 5. Los hu\u00e9spedes suelen mencionar la capacidad del hotel para satisfacer una amplia gama de necesidades, ya sea brindando una experiencia m\u00e1gica para ni\u00f1os o ofreciendo espacios sofisticados para viajeros de negocios. El gimnasio, la piscina y los servicios de spa se destacan con frecuencia como excelentes complementos a la estancia, mientras que los eventos y actividades tem\u00e1ticas que organiza el hotel, a menudo relacionados con el espacio, a\u00f1aden un toque extra de emoci\u00f3n. Un usuario de Expedia resumi\u00f3 esta opini\u00f3n a la perfecci\u00f3n: \u00abEl Chimelong Spaceship Hotel no solo cumple con las expectativas, sino que las pone en \u00f3rbita. Nunca me he alojado en un lugar como este y estoy deseando volver\u00bb.<\/p>\t\t\t\t\t\t\t\t<\/div>\n\t\t\t\t<\/div>\n\t\t\t\t\t<\/div>\n\t\t<\/div>\n\t\t\t\t\t<\/div>\n\t\t<\/section>\n\t\t<div class=\"elementor-element elementor-element-dc41815 e-flex e-con-boxed e-con e-parent\" data-id=\"dc41815\" data-element_type=\"container\" data-e-type=\"container\">\n\t\t\t\t\t<div class=\"e-con-inner\">\n\t\t\t\t<div class=\"elementor-element elementor-element-1984a37 elementor-widget elementor-widget-text-editor\" data-id=\"1984a37\" data-element_type=\"widget\" data-e-type=\"widget\" data-widget_type=\"text-editor.default\">\n\t\t\t\t<div class=\"elementor-widget-container\">\n\t\t\t\t\t\t\t\t\t<p>M\u00e1s all\u00e1 de las cifras y las calificaciones de estrellas, las historias individuales de los hu\u00e9spedes revelan el impacto emocional de una estancia en el Hotel Chimelong Spaceship. Los padres describen la alegr\u00eda en los rostros de sus hijos al explorar habitaciones dise\u00f1adas como c\u00e1psulas espaciales, mientras que las parejas recuerdan las veladas rom\u00e1nticas que pasaron bajo cielos estrellados simulados. Los viajeros de negocios aprecian las modernas instalaciones para conferencias que se combinan con un entorno que fomenta la creatividad. Incluso las cr\u00edticas ocasionales, como los tiempos de espera en temporada alta o peque\u00f1os problemas de mantenimiento, suelen estar enmarcadas en la comprensi\u00f3n de que la gran ambici\u00f3n del concepto del hotel lo convierte en un referente en la industria hotelera.<\/p><p>En resumen, las experiencias de los clientes en el Hotel Chimelong Spaceship, reflejadas en rese\u00f1as de agencias de viajes online y relatos personales, ofrecen la imagen de un destino que trasciende lo com\u00fan. Con una calificaci\u00f3n promedio de 9,4\/10 en m\u00e1s de 13\u00a0000 rese\u00f1as, es evidente que este hotel domina el arte de combinar la inmersi\u00f3n tem\u00e1tica con el lujo y la comodidad. Ya sea por su dise\u00f1o innovador, su excepcional servicio o su m\u00e1gica proximidad a uno de los parques tem\u00e1ticos m\u00e1s importantes de Asia, los hu\u00e9spedes coinciden en que alojarse aqu\u00ed es una aut\u00e9ntica aventura. Para quienes est\u00e9n considerando visitarlo, la opini\u00f3n general es clara: prep\u00e1rense para sorprenderse, inspirarse y transportarse a un reino donde los l\u00edmites de la Tierra se desvanecen y las maravillas del cosmos cobran vida. El Hotel Chimelong Spaceship no es solo un lugar para alojarse, sino una plataforma para crear recuerdos inolvidables.<\/p>\t\t\t\t\t\t\t\t<\/div>\n\t\t\t\t<\/div>\n\t\t\t\t\t<\/div>\n\t\t\t\t<\/div>\n\t\t\t\t<\/div>","protected":false},"excerpt":{"rendered":"<p>A Galactic Journey Through Guest Feedback Embark on a voyage through the stars without ever leaving Earth at Chimelong Spaceship Hotel, a one-of-a-kind destination in Zhuhai, China, where futuristic design meets unparalleled luxury. Nestled in the heart of the Chimelong Tourist Resort, this 5-star marvel has captivated the imaginations of travelers from around the globe [&hellip;]<\/p>\n","protected":false},"author":1,"featured_media":0,"parent":0,"menu_order":0,"comment_status":"closed","ping_status":"closed","template":"","meta":{"footnotes":""},"class_list":["post-2106","page","type-page","status-publish","hentry","post-no-thumbnail"],"_links":{"self":[{"href":"https:\/\/chimelongspaceshiphotel.com\/es\/wp-json\/wp\/v2\/pages\/2106","targetHints":{"allow":["GET"]}}],"collection":[{"href":"https:\/\/chimelongspaceshiphotel.com\/es\/wp-json\/wp\/v2\/pages"}],"about":[{"href":"https:\/\/chimelongspaceshiphotel.com\/es\/wp-json\/wp\/v2\/types\/page"}],"author":[{"embeddable":true,"href":"https:\/\/chimelongspaceshiphotel.com\/es\/wp-json\/wp\/v2\/users\/1"}],"replies":[{"embeddable":true,"href":"https:\/\/chimelongspaceshiphotel.com\/es\/wp-json\/wp\/v2\/comments?post=2106"}],"version-history":[{"count":0,"href":"https:\/\/chimelongspaceshiphotel.com\/es\/wp-json\/wp\/v2\/pages\/2106\/revisions"}],"wp:attachment":[{"href":"https:\/\/chimelongspaceshiphotel.com\/es\/wp-json\/wp\/v2\/media?parent=2106"}],"curies":[{"name":"gracias","href":"https:\/\/api.w.org\/{rel}","templated":true}]}}