{"id":612,"date":"2021-03-26T10:04:13","date_gmt":"2021-03-26T10:04:13","guid":{"rendered":"http:\/\/localhost\/nuss\/?page_id=612"},"modified":"2025-05-07T13:14:43","modified_gmt":"2025-05-07T13:14:43","slug":"restaurant","status":"publish","type":"page","link":"https:\/\/chimelongspaceshiphotel.com\/de\/restaurant\/","title":{"rendered":"Restaurant"},"content":{"rendered":"<div data-elementor-type=\"wp-page\" data-elementor-id=\"612\" class=\"elementor elementor-612\">\n\t\t\t\t\t\t<section class=\"elementor-section elementor-top-section elementor-element elementor-element-e2effe8 elementor-section-boxed elementor-section-gap-beside-yes elementor-section-height-default elementor-section-height-default elementor-section-column-vertical-align-stretch\" data-id=\"e2effe8\" data-element_type=\"section\" data-e-type=\"section\">\n\t\t\t\t\t\t<div class=\"elementor-container elementor-column-gap-extended\">\n\t\t\t\t\t<div class=\"elementor-column elementor-col-100 elementor-top-column elementor-element elementor-element-e18f688\" data-id=\"e18f688\" data-element_type=\"column\" data-e-type=\"column\">\n\t\t\t<div class=\"elementor-widget-wrap elementor-element-populated\">\n\t\t\t\t\t\t<div class=\"elementor-element elementor-element-6db146d elementor-widget__width-initial elementor-invisible elementor-widget elementor-widget-text-editor\" data-id=\"6db146d\" data-element_type=\"widget\" data-e-type=\"widget\" data-settings=\"{&quot;_animation&quot;:&quot;nussFadeInUp&quot;}\" data-widget_type=\"text-editor.default\">\n\t\t\t\t<div class=\"elementor-widget-container\">\n\t\t\t\t\t\t\t\t\t<p>Begeben Sie sich auf eine kulinarische Reise der besonderen Art im Chimelong Spaceship Hotel in Guangzhou, China. Hier wird das Essen \u00fcber das Allt\u00e4gliche hinausgehen und zu einem integralen Bestandteil Ihres interstellaren Abenteuers. Eingebettet in die futuristische Architektur dieses legend\u00e4ren Hotels, Teil des weitl\u00e4ufigen Chimelong Tourist Resorts, sind die Restaurants und das Speisenangebot darauf ausgelegt, Ihren Gaumen zu verw\u00f6hnen und Sie in eine Welt voller Science-Fiction-Wunder einzutauchen. Hier ist jede Mahlzeit eine Mission, jeder Bissen eine Entdeckung, denn das Hotel definiert Gastronomie mit einem kosmischen Touch neu.<\/p>\t\t\t\t\t\t\t\t<\/div>\n\t\t\t\t<\/div>\n\t\t\t\t\t<\/div>\n\t\t<\/div>\n\t\t\t\t\t<\/div>\n\t\t<\/section>\n\t\t<div class=\"elementor-element elementor-element-44fc7cb e-flex e-con-boxed e-con e-parent\" data-id=\"44fc7cb\" data-element_type=\"container\" data-e-type=\"container\">\n\t\t\t\t\t<div class=\"e-con-inner\">\n\t\t<div class=\"elementor-element elementor-element-5738bc7 e-con-full e-flex e-con e-child\" data-id=\"5738bc7\" data-element_type=\"container\" data-e-type=\"container\">\n\t\t\t\t<div class=\"elementor-element elementor-element-42d0e5a elementor-widget elementor-widget-image\" data-id=\"42d0e5a\" data-element_type=\"widget\" data-e-type=\"widget\" data-widget_type=\"image.default\">\n\t\t\t\t<div class=\"elementor-widget-container\">\n\t\t\t\t\t\t\t\t\t\t\t\t\t\t\t<img fetchpriority=\"high\" decoding=\"async\" width=\"1280\" height=\"853\" src=\"https:\/\/chimelongspaceshiphotel.com\/wp-content\/uploads\/2025\/05\/Chimelong-Spaceship-Hotel-100.webp\" class=\"attachment-full size-full wp-image-5603\" alt=\"\" srcset=\"https:\/\/chimelongspaceshiphotel.com\/wp-content\/uploads\/2025\/05\/Chimelong-Spaceship-Hotel-100.webp 1280w, https:\/\/chimelongspaceshiphotel.com\/wp-content\/uploads\/2025\/05\/Chimelong-Spaceship-Hotel-100-300x200.webp 300w, https:\/\/chimelongspaceshiphotel.com\/wp-content\/uploads\/2025\/05\/Chimelong-Spaceship-Hotel-100-1024x682.webp 1024w, https:\/\/chimelongspaceshiphotel.com\/wp-content\/uploads\/2025\/05\/Chimelong-Spaceship-Hotel-100-768x512.webp 768w\" sizes=\"(max-width: 1280px) 100vw, 1280px\" \/>\t\t\t\t\t\t\t\t\t\t\t\t\t\t\t<\/div>\n\t\t\t\t<\/div>\n\t\t\t\t<\/div>\n\t\t<div class=\"elementor-element elementor-element-78510d7 e-con-full e-flex e-con e-child\" data-id=\"78510d7\" data-element_type=\"container\" data-e-type=\"container\">\n\t\t\t\t<div class=\"elementor-element elementor-element-58d7e77 elementor-widget elementor-widget-text-editor\" data-id=\"58d7e77\" data-element_type=\"widget\" data-e-type=\"widget\" data-widget_type=\"text-editor.default\">\n\t\t\t\t<div class=\"elementor-widget-container\">\n\t\t\t\t\t\t\t\t\t<p>Beim Betreten der Speiser\u00e4ume des Chimelong Spaceship Hotels werden Sie sofort in eine Umgebung versetzt, die die Pracht einer Raumschiffk\u00fcche oder eines Festsaals einer fremden Welt widerspiegelt. Das Dekor mit seinen eleganten Metallakzenten, dem stimmungsvollen Neonlicht und der weltraumbezogenen Kunst schafft die Voraussetzungen f\u00fcr ein unvergessliches Erlebnis. Ob im Hauptrestaurant, einem gem\u00fctlichen Lokal oder einem Spezialit\u00e4tenrestaurant \u2013 die Atmosph\u00e4re ist ebenso Teil des Essens wie das Essen selbst und l\u00e4sst jeden Moment wie eine Szene aus einem Blockbuster-Weltraumepos wirken.<\/p><p>Das kulinarische Angebot des Hotels ist so vielf\u00e4ltig wie die Galaxien dahinter und bietet f\u00fcr jeden Geschmack und Geschmack etwas. Von Gourmet-Gerichten im interstellaren Stil, die internationale Aromen mit avantgardistischer Pr\u00e4sentation verbinden, bis hin zu bekannten Hausmannskost-Gerichten, die mit futuristischem Flair neu interpretiert werden \u2013 die Men\u00fcs \u00fcberraschen und begeistern. Genie\u00dfen Sie einzigartige Kreationen wie \u201eGalaktische Meeresfr\u00fcchteplatten\u201c mit dem frischesten Fang aus den umliegenden Gew\u00e4ssern oder g\u00f6nnen Sie sich \u201eKosmische Cocktails\u201c, die mit essbarem Glitzer und au\u00dferirdischen Farben schimmern. F\u00fcr Familien gibt es kinderfreundliche Optionen mit verspielten Themen, die selbst die w\u00e4hlerischsten Esser zu begeisterten Weltraumforschern machen.<\/p>\t\t\t\t\t\t\t\t<\/div>\n\t\t\t\t<\/div>\n\t\t\t\t<\/div>\n\t\t\t\t\t<\/div>\n\t\t\t\t<\/div>\n\t\t<div class=\"elementor-element elementor-element-07115d6 e-flex e-con-boxed e-con e-parent\" data-id=\"07115d6\" data-element_type=\"container\" data-e-type=\"container\">\n\t\t\t\t\t<div class=\"e-con-inner\">\n\t\t<div class=\"elementor-element elementor-element-8ea159b e-con-full e-flex e-con e-child\" data-id=\"8ea159b\" data-element_type=\"container\" data-e-type=\"container\">\n\t\t\t\t<div class=\"elementor-element elementor-element-308762f elementor-widget elementor-widget-text-editor\" data-id=\"308762f\" data-element_type=\"widget\" data-e-type=\"widget\" data-widget_type=\"text-editor.default\">\n\t\t\t\t<div class=\"elementor-widget-container\">\n\t\t\t\t\t\t\t\t\t<p>Das Chimelong Spaceship Hotel verf\u00fcgt \u00fcber mehrere Restaurants, jedes mit seinem eigenen, einzigartigen Charakter. Das Hauptrestaurant bildet das Herzst\u00fcck des kulinarischen Universums des Hotels und bietet Buffets und \u00c0-la-carte-Gerichte, die sowohl lokale kantonesische K\u00f6stlichkeiten als auch internationale Gerichte pr\u00e4sentieren und dabei einen Panoramablick auf das Chimelong Ocean Kingdom oder das S\u00fcdchinesische Meer bieten. F\u00fcr ein entspannteres Erlebnis sorgen Schnellimbisse und Themen-Snackbars im gesamten Hotel, damit Abenteurer unterwegs jederzeit neue Energie tanken k\u00f6nnen. Besondere kulinarische Events wie Themenabendessen oder Chef&#039;s Table-Erlebnisse runden das kulinarische Erlebnis ab und erm\u00f6glichen es den G\u00e4sten, die Kreativit\u00e4t hinter jedem Gericht hautnah zu erleben.<\/p><p>\u00dcber das Essen hinaus wird der Service in den Restaurants des Chimelong Spaceship Hotels mit der Herzlichkeit und Pr\u00e4zision einer gut ausgebildeten Crew serviert, sodass sich jeder Gast wie der Kapit\u00e4n seines eigenen Raumschiffs f\u00fchlt. Ob Sie ein romantisches Abendessen unter k\u00fcnstlichem Sternenlicht, ein Familienfestmahl nach einem Tag voller Nervenkitzel im Park oder einen schnellen Happen vor Ihrem n\u00e4chsten Abenteuer suchen, die kulinarischen Erlebnisse hier sind darauf zugeschnitten, dass Sie sich wie zu Hause f\u00fchlen \u2013 Millionen von Lichtjahren entfernt vom Allt\u00e4glichen.<\/p>\t\t\t\t\t\t\t\t<\/div>\n\t\t\t\t<\/div>\n\t\t\t\t<\/div>\n\t\t<div class=\"elementor-element elementor-element-b3f049c e-con-full e-flex e-con e-child\" data-id=\"b3f049c\" data-element_type=\"container\" data-e-type=\"container\">\n\t\t\t\t<div class=\"elementor-element elementor-element-8a2ef27 elementor-widget elementor-widget-image\" data-id=\"8a2ef27\" data-element_type=\"widget\" data-e-type=\"widget\" data-widget_type=\"image.default\">\n\t\t\t\t<div class=\"elementor-widget-container\">\n\t\t\t\t\t\t\t\t\t\t\t\t\t\t\t<img decoding=\"async\" width=\"1024\" height=\"682\" src=\"https:\/\/chimelongspaceshiphotel.com\/wp-content\/uploads\/2025\/05\/Chimelong-Spaceship-Hotel-43-1024x682.webp\" class=\"attachment-large size-large wp-image-5599\" alt=\"\" srcset=\"https:\/\/chimelongspaceshiphotel.com\/wp-content\/uploads\/2025\/05\/Chimelong-Spaceship-Hotel-43-1024x682.webp 1024w, https:\/\/chimelongspaceshiphotel.com\/wp-content\/uploads\/2025\/05\/Chimelong-Spaceship-Hotel-43-300x200.webp 300w, https:\/\/chimelongspaceshiphotel.com\/wp-content\/uploads\/2025\/05\/Chimelong-Spaceship-Hotel-43-768x512.webp 768w, https:\/\/chimelongspaceshiphotel.com\/wp-content\/uploads\/2025\/05\/Chimelong-Spaceship-Hotel-43.webp 1280w\" sizes=\"(max-width: 1024px) 100vw, 1024px\" \/>\t\t\t\t\t\t\t\t\t\t\t\t\t\t\t<\/div>\n\t\t\t\t<\/div>\n\t\t\t\t<\/div>\n\t\t\t\t\t<\/div>\n\t\t\t\t<\/div>\n\t\t<div class=\"elementor-element elementor-element-b62d376 e-flex e-con-boxed e-con e-parent\" data-id=\"b62d376\" data-element_type=\"container\" data-e-type=\"container\">\n\t\t\t\t\t<div class=\"e-con-inner\">\n\t\t\t\t<div class=\"elementor-element elementor-element-5e796b5 elementor-widget elementor-widget-text-editor\" data-id=\"5e796b5\" data-element_type=\"widget\" data-e-type=\"widget\" data-widget_type=\"text-editor.default\">\n\t\t\t\t<div class=\"elementor-widget-container\">\n\t\t\t\t\t\t\t\t\t<div class=\"markdown-SpwdOz __markdown\" dir=\"auto\"><p>Willkommen an der gastronomischen Grenze des Chimelong Spaceship Hotels, wo Aromen auf Fantasie treffen und jede Mahlzeit ein Sprungbrett zu neuen kulinarischen H\u00f6hen ist. Bereiten Sie Ihre Sinne auf eine Reise durch Geschmack und Ambiente vor, die wahrhaftig nicht von dieser Welt ist.<\/p><\/div>\t\t\t\t\t\t\t\t<\/div>\n\t\t\t\t<\/div>\n\t\t\t\t\t<\/div>\n\t\t\t\t<\/div>\n\t\t\t\t<section class=\"elementor-section elementor-top-section elementor-element elementor-element-5da3c49f elementor-section-stretched elementor-section-boxed elementor-section-gap-beside-yes elementor-section-height-default elementor-section-height-default elementor-section-column-vertical-align-stretch\" data-id=\"5da3c49f\" data-element_type=\"section\" data-e-type=\"section\" data-settings=\"{&quot;background_background&quot;:&quot;classic&quot;,&quot;stretch_section&quot;:&quot;section-stretched&quot;}\">\n\t\t\t\t\t\t<div class=\"elementor-container elementor-column-gap-extended\">\n\t\t\t\t\t<div class=\"elementor-column elementor-col-100 elementor-top-column elementor-element elementor-element-5d86b9d3\" data-id=\"5d86b9d3\" data-element_type=\"column\" data-e-type=\"column\">\n\t\t\t<div class=\"elementor-widget-wrap elementor-element-populated\">\n\t\t\t\t\t\t<div class=\"elementor-element elementor-element-299f29d elementor-widget elementor-widget-heading\" data-id=\"299f29d\" data-element_type=\"widget\" data-e-type=\"widget\" data-widget_type=\"heading.default\">\n\t\t\t\t<div class=\"elementor-widget-container\">\n\t\t\t\t\t<h2 class=\"elementor-heading-title elementor-size-default\">Verf\u00fcgbarkeit pr\u00fcfen <\/h2>\t\t\t\t<\/div>\n\t\t\t\t<\/div>\n\t\t\t\t<div class=\"elementor-element elementor-element-1b9b082e elementor-widget elementor-widget-text-editor\" data-id=\"1b9b082e\" data-element_type=\"widget\" data-e-type=\"widget\" data-widget_type=\"text-editor.default\">\n\t\t\t\t<div class=\"elementor-widget-container\">\n\t\t\t\t\t\t\t\t\t<iframe border=\"0\" src=\"https:\/\/www.trip.com\/partners\/ad\/S3465275?Allianceid=5415915&#038;SID=204953624&#038;trip_sub1=\" style=\"width:900px;height:200px\" frameborder=\"0\" scrolling=\"no\" id=\"S3465275\"><\/iframe>\t\t\t\t\t\t\t\t<\/div>\n\t\t\t\t<\/div>\n\t\t\t\t\t<\/div>\n\t\t<\/div>\n\t\t\t\t\t<\/div>\n\t\t<\/section>\n\t\t<div class=\"elementor-element elementor-element-07413d8 e-flex e-con-boxed e-con e-parent\" data-id=\"07413d8\" data-element_type=\"container\" data-e-type=\"container\">\n\t\t\t\t\t<div class=\"e-con-inner\">\n\t\t\t\t<div class=\"elementor-element elementor-element-fd59a08 elementor-widget elementor-widget-heading\" data-id=\"fd59a08\" data-element_type=\"widget\" data-e-type=\"widget\" data-widget_type=\"heading.default\">\n\t\t\t\t<div class=\"elementor-widget-container\">\n\t\t\t\t\t<h2 class=\"elementor-heading-title elementor-size-default\">Essen im Chimelong Spaceship Hotel: 3 Restaurants vor Ort\n\n<\/h2>\t\t\t\t<\/div>\n\t\t\t\t<\/div>\n\t\t\t\t<div class=\"elementor-element elementor-element-4762638 elementor-widget elementor-widget-text-editor\" data-id=\"4762638\" data-element_type=\"widget\" data-e-type=\"widget\" data-widget_type=\"text-editor.default\">\n\t\t\t\t<div class=\"elementor-widget-container\">\n\t\t\t\t\t\t\t\t\t<p>Das Chimelong Spaceship Hotel bietet mit seinen drei Themenrestaurants ein herausragendes kulinarisches Erlebnis. Hier finden Sie eine \u00dcbersicht \u00fcber die verf\u00fcgbaren Speisem\u00f6glichkeiten:<\/p><hr \/><p><strong>1. Sailor Buffet Restaurant (\u6c34\u624b\u81ea\u52a9\u9910\u5385)<\/strong><\/p><ul><li><strong>Stil<\/strong>: B\u00fcfett<\/li><li><strong>K\u00fcche<\/strong>: Asiatisch &amp; Chinesisch<\/li><li><strong>Std<\/strong>: Fr\u00fchst\u00fcck (7:00\u201310:30 Uhr) | Abendessen (17:30\u201321:30 Uhr)<\/li><li><strong>Ambiente<\/strong>: Modern und lebendig, perfekt f\u00fcr Familien und zwangloses Essen.<\/li><li><strong>Highlights<\/strong>: Ideal f\u00fcr herzhafte Mahlzeiten mit einer gro\u00dfen Auswahl an Gerichten. G\u00e4ste loben oft das Fr\u00fchst\u00fccksangebot und die Auswahl beim Abendessen.<\/li><\/ul><hr \/><p><strong>2. Coral Restaurant (\u73ca\u745a\u9910\u5385)<\/strong><\/p><ul><li><strong>Stil<\/strong>: B\u00fcfett<\/li><li><strong>K\u00fcche<\/strong>: International (genaue Spezialit\u00e4ten nicht angegeben)<\/li><li><strong>Std<\/strong>: Mittagessen (11:30\u201314:30 Uhr)<\/li><li><strong>Ambiente<\/strong>: Romantisch und ruhig, ideal f\u00fcr ein entspanntes Mittagessen.<\/li><li><strong>Highlights<\/strong>: Eine ruhigere Option f\u00fcr das Mittagessen, die frische und schmackhafte Gerichte in einem eleganten Ambiente bietet.<\/li><\/ul><hr \/><p><strong>3. Infinity Pool Restaurant (\u65e0\u8fb9\u9645\u6cf3\u6c60\u9910\u5385)<\/strong><\/p><ul><li><strong>Stil<\/strong>: \u00c0 la carte<\/li><li><strong>K\u00fcche<\/strong>: Nicht angegeben (wahrscheinlich international oder Fusion)<\/li><li><strong>Std<\/strong>: Abendessen (17:30\u201321:30 Uhr)<\/li><li><strong>Ambiente<\/strong>: Modern mit Blick auf den Pool, eine Mischung aus Eleganz und Entspannung.<\/li><li><strong>Highlights<\/strong>: Genie\u00dfen Sie einen unvergesslichen Abend am Infinity-Pool. Perfekt f\u00fcr Paare oder alle, die ein stilvolles Abendessen genie\u00dfen m\u00f6chten.<\/li><\/ul><hr \/><p><strong>G\u00e4ste-Feedback<\/strong>: Besucher erw\u00e4hnen h\u00e4ufig die k\u00f6stlichen Buffets und die gro\u00dfe Auswahl an Speisen im Hotel. W\u00e4hrend die Fr\u00fchst\u00fccks- und Abendbuffets f\u00fcr ihre Vielfalt gelobt werden, weisen einige darauf hin, dass zus\u00e4tzliche internationale Gerichte das Erlebnis noch weiter verbessern k\u00f6nnten.<\/p><p>Egal, ob Sie f\u00fcr einen Tag in den Chimelong Parks Kraft tanken oder nach Abenteuern entspannen m\u00f6chten, diese Restaurants bieten f\u00fcr jeden Geschmack und jede Stimmung etwas! \ud83d\ude80\ud83c\udf7d\ufe0f<\/p>\t\t\t\t\t\t\t\t<\/div>\n\t\t\t\t<\/div>\n\t\t\t\t\t<\/div>\n\t\t\t\t<\/div>\n\t\t<div class=\"elementor-element elementor-element-e1a73dc e-flex e-con-boxed e-con e-parent\" data-id=\"e1a73dc\" data-element_type=\"container\" data-e-type=\"container\">\n\t\t\t\t\t<div class=\"e-con-inner\">\n\t\t\t\t<div class=\"elementor-element elementor-element-324893e elementor-widget elementor-widget-nuss-image-gallery\" data-id=\"324893e\" data-element_type=\"widget\" data-e-type=\"widget\" data-widget_type=\"nuss-image-gallery.default\">\n\t\t\t\t<div class=\"elementor-widget-container\">\n\t\t\t\t\t\t\t<div class=\"nuss-grid-wrapper\" data-grid=\"{&quot;type&quot;:&quot;grid&quot;,&quot;ratio&quot;:null,&quot;columns&quot;:3,&quot;gutter&quot;:30}\">\r\n\t\t\t<div class=\"nuss-grid lazy-grid\">\r\n\t\t\t\t<div class=\"grid-sizer\"><\/div>\r\n\r\n\t\t\t\t\t\t\t\t\t\t\t\t<div class=\"grid-item\">\r\n\t\t\t\t\t\t<div class=\"nuss-box\">\t\t<div class=\"nuss-image image\">\r\n\t\t\t<img decoding=\"async\"  src=\"https:\/\/chimelongspaceshiphotel.com\/wp-content\/uploads\/2025\/05\/Chimelong-Spaceship-Hotel-103.webp\" alt=\"Chimelong Spaceship Hotel (103)\" \/>\t\t<\/div>\r\n\t\t\t\t<\/div>\t\t\t\t\t<\/div>\r\n\t\t\t\t\t\t<div class=\"grid-item\">\r\n\t\t\t\t\t\t<div class=\"nuss-box\">\t\t<div class=\"nuss-image image\">\r\n\t\t\t<img decoding=\"async\"  src=\"https:\/\/chimelongspaceshiphotel.com\/wp-content\/uploads\/2025\/05\/Chimelong-Spaceship-Hotel-87.webp\" alt=\"Chimelong Raumschiff Hotel (87)\" \/>\t\t<\/div>\r\n\t\t\t\t<\/div>\t\t\t\t\t<\/div>\r\n\t\t\t\t\t\t<div class=\"grid-item\">\r\n\t\t\t\t\t\t<div class=\"nuss-box\">\t\t<div class=\"nuss-image image\">\r\n\t\t\t<img decoding=\"async\"  src=\"https:\/\/chimelongspaceshiphotel.com\/wp-content\/uploads\/2025\/05\/Chimelong-Spaceship-Hotel-78.webp\" alt=\"Chimelong Raumschiff Hotel (78)\" \/>\t\t<\/div>\r\n\t\t\t\t<\/div>\t\t\t\t\t<\/div>\r\n\t\t\t\t\t\t<div class=\"grid-item\">\r\n\t\t\t\t\t\t<div class=\"nuss-box\">\t\t<div class=\"nuss-image image\">\r\n\t\t\t<img decoding=\"async\"  src=\"https:\/\/chimelongspaceshiphotel.com\/wp-content\/uploads\/2025\/05\/Chimelong-Spaceship-Hotel-68.webp\" alt=\"Chimelong Raumschiff Hotel (68)\" \/>\t\t<\/div>\r\n\t\t\t\t<\/div>\t\t\t\t\t<\/div>\r\n\t\t\t\t\t\t<div class=\"grid-item\">\r\n\t\t\t\t\t\t<div class=\"nuss-box\">\t\t<div class=\"nuss-image image\">\r\n\t\t\t<img decoding=\"async\"  src=\"https:\/\/chimelongspaceshiphotel.com\/wp-content\/uploads\/2025\/05\/Chimelong-Spaceship-Hotel-65.webp\" alt=\"Chimelong Raumschiff Hotel (65)\" \/>\t\t<\/div>\r\n\t\t\t\t<\/div>\t\t\t\t\t<\/div>\r\n\t\t\t\t\t\t<div class=\"grid-item\">\r\n\t\t\t\t\t\t<div class=\"nuss-box\">\t\t<div class=\"nuss-image image\">\r\n\t\t\t<img decoding=\"async\"  src=\"https:\/\/chimelongspaceshiphotel.com\/wp-content\/uploads\/2025\/05\/Chimelong-Spaceship-Hotel-63.webp\" alt=\"Chimelong Raumschiff Hotel (63)\" \/>\t\t<\/div>\r\n\t\t\t\t<\/div>\t\t\t\t\t<\/div>\r\n\t\t\t\t\t\t<div class=\"grid-item\">\r\n\t\t\t\t\t\t<div class=\"nuss-box\">\t\t<div class=\"nuss-image image\">\r\n\t\t\t<img decoding=\"async\"  src=\"https:\/\/chimelongspaceshiphotel.com\/wp-content\/uploads\/2025\/05\/Chimelong-Spaceship-Hotel-52.webp\" alt=\"Chimelong Raumschiff Hotel (52)\" \/>\t\t<\/div>\r\n\t\t\t\t<\/div>\t\t\t\t\t<\/div>\r\n\t\t\t\t\t\t<div class=\"grid-item\">\r\n\t\t\t\t\t\t<div class=\"nuss-box\">\t\t<div class=\"nuss-image image\">\r\n\t\t\t<img decoding=\"async\"  src=\"https:\/\/chimelongspaceshiphotel.com\/wp-content\/uploads\/2025\/05\/Chimelong-Spaceship-Hotel-48.webp\" alt=\"Chimelong Raumschiff Hotel (48)\" \/>\t\t<\/div>\r\n\t\t\t\t<\/div>\t\t\t\t\t<\/div>\r\n\t\t\t\t\t\t<div class=\"grid-item\">\r\n\t\t\t\t\t\t<div class=\"nuss-box\">\t\t<div class=\"nuss-image image\">\r\n\t\t\t<img decoding=\"async\"  src=\"https:\/\/chimelongspaceshiphotel.com\/wp-content\/uploads\/2025\/05\/Chimelong-Spaceship-Hotel-30.webp\" alt=\"Chimelong Raumschiff Hotel (30)\" \/>\t\t<\/div>\r\n\t\t\t\t<\/div>\t\t\t\t\t<\/div>\r\n\t\t\t\t\t\t<div class=\"grid-item\">\r\n\t\t\t\t\t\t<div class=\"nuss-box\">\t\t<div class=\"nuss-image image\">\r\n\t\t\t<img decoding=\"async\"  src=\"https:\/\/chimelongspaceshiphotel.com\/wp-content\/uploads\/2025\/05\/Chimelong-Spaceship-Hotel-20.webp\" alt=\"Chimelong Raumschiff Hotel (20)\" \/>\t\t<\/div>\r\n\t\t\t\t<\/div>\t\t\t\t\t<\/div>\r\n\t\t\t\t\t\t<div class=\"grid-item\">\r\n\t\t\t\t\t\t<div class=\"nuss-box\">\t\t<div class=\"nuss-image image\">\r\n\t\t\t<img decoding=\"async\"  src=\"https:\/\/chimelongspaceshiphotel.com\/wp-content\/uploads\/2025\/05\/Chimelong-Spaceship-Hotel-67.webp\" alt=\"Chimelong Raumschiff Hotel (67)\" \/>\t\t<\/div>\r\n\t\t\t\t<\/div>\t\t\t\t\t<\/div>\r\n\t\t\t\t\t\t<div class=\"grid-item\">\r\n\t\t\t\t\t\t<div class=\"nuss-box\">\t\t<div class=\"nuss-image image\">\r\n\t\t\t<img decoding=\"async\"  src=\"https:\/\/chimelongspaceshiphotel.com\/wp-content\/uploads\/2025\/05\/Chimelong-Spaceship-Hotel-62.webp\" alt=\"Chimelong Raumschiff Hotel (62)\" \/>\t\t<\/div>\r\n\t\t\t\t<\/div>\t\t\t\t\t<\/div>\r\n\t\t\t\t\t\t<div class=\"grid-item\">\r\n\t\t\t\t\t\t<div class=\"nuss-box\">\t\t<div class=\"nuss-image image\">\r\n\t\t\t<img decoding=\"async\"  src=\"https:\/\/chimelongspaceshiphotel.com\/wp-content\/uploads\/2025\/05\/Chimelong-Spaceship-Hotel-51.webp\" alt=\"Chimelong Raumschiff Hotel (51)\" \/>\t\t<\/div>\r\n\t\t\t\t<\/div>\t\t\t\t\t<\/div>\r\n\t\t\t\t\t\t<div class=\"grid-item\">\r\n\t\t\t\t\t\t<div class=\"nuss-box\">\t\t<div class=\"nuss-image image\">\r\n\t\t\t<img decoding=\"async\"  src=\"https:\/\/chimelongspaceshiphotel.com\/wp-content\/uploads\/2025\/05\/Chimelong-Spaceship-Hotel-43.webp\" alt=\"Chimelong Raumschiff Hotel (43)\" \/>\t\t<\/div>\r\n\t\t\t\t<\/div>\t\t\t\t\t<\/div>\r\n\t\t\t\t\t\t<div class=\"grid-item\">\r\n\t\t\t\t\t\t<div class=\"nuss-box\">\t\t<div class=\"nuss-image image\">\r\n\t\t\t<img decoding=\"async\"  src=\"https:\/\/chimelongspaceshiphotel.com\/wp-content\/uploads\/2025\/05\/Chimelong-Spaceship-Hotel-37.webp\" alt=\"Chimelong Raumschiff Hotel (37)\" \/>\t\t<\/div>\r\n\t\t\t\t<\/div>\t\t\t\t\t<\/div>\r\n\t\t\t\t\t\t<div class=\"grid-item\">\r\n\t\t\t\t\t\t<div class=\"nuss-box\">\t\t<div class=\"nuss-image image\">\r\n\t\t\t<img decoding=\"async\"  src=\"https:\/\/chimelongspaceshiphotel.com\/wp-content\/uploads\/2025\/05\/Chimelong-Spaceship-Hotel-21.webp\" alt=\"Chimelong Raumschiff Hotel (21)\" \/>\t\t<\/div>\r\n\t\t\t\t<\/div>\t\t\t\t\t<\/div>\r\n\t\t\t\t\t\t<div class=\"grid-item\">\r\n\t\t\t\t\t\t<div class=\"nuss-box\">\t\t<div class=\"nuss-image image\">\r\n\t\t\t<img decoding=\"async\"  src=\"https:\/\/chimelongspaceshiphotel.com\/wp-content\/uploads\/2025\/05\/Chimelong-Spaceship-Hotel-13.webp\" alt=\"Chimelong Raumschiff Hotel (13)\" \/>\t\t<\/div>\r\n\t\t\t\t<\/div>\t\t\t\t\t<\/div>\r\n\t\t\t\t\t\t<div class=\"grid-item\">\r\n\t\t\t\t\t\t<div class=\"nuss-box\">\t\t<div class=\"nuss-image image\">\r\n\t\t\t<img decoding=\"async\"  src=\"https:\/\/chimelongspaceshiphotel.com\/wp-content\/uploads\/2025\/05\/Chimelong-Spaceship-Hotel-96.webp\" alt=\"Chimelong Raumschiff Hotel (96)\" \/>\t\t<\/div>\r\n\t\t\t\t<\/div>\t\t\t\t\t<\/div>\r\n\t\t\t\t\t\t\t\r\n\t\t\t<\/div>\r\n\t\t<\/div>\r\n\t\t\t\t\t\t<\/div>\n\t\t\t\t<\/div>\n\t\t\t\t\t<\/div>\n\t\t\t\t<\/div>\n\t\t\t\t<\/div>","protected":false},"excerpt":{"rendered":"<p>Embark on a culinary voyage unlike any other at the Chimelong Spaceship Hotel in Guangzhou, China, where dining transcends the ordinary and becomes an integral part of your interstellar adventure. Nestled within the futuristic confines of this iconic hotel, part of the sprawling Chimelong Tourist Resort, the restaurants and food offerings are designed to tantalize [&hellip;]<\/p>\n","protected":false},"author":1,"featured_media":0,"parent":0,"menu_order":0,"comment_status":"closed","ping_status":"closed","template":"","meta":{"footnotes":""},"class_list":["post-612","page","type-page","status-publish","hentry","post-no-thumbnail"],"_links":{"self":[{"href":"https:\/\/chimelongspaceshiphotel.com\/de\/wp-json\/wp\/v2\/pages\/612","targetHints":{"allow":["GET"]}}],"collection":[{"href":"https:\/\/chimelongspaceshiphotel.com\/de\/wp-json\/wp\/v2\/pages"}],"about":[{"href":"https:\/\/chimelongspaceshiphotel.com\/de\/wp-json\/wp\/v2\/types\/page"}],"author":[{"embeddable":true,"href":"https:\/\/chimelongspaceshiphotel.com\/de\/wp-json\/wp\/v2\/users\/1"}],"replies":[{"embeddable":true,"href":"https:\/\/chimelongspaceshiphotel.com\/de\/wp-json\/wp\/v2\/comments?post=612"}],"version-history":[{"count":0,"href":"https:\/\/chimelongspaceshiphotel.com\/de\/wp-json\/wp\/v2\/pages\/612\/revisions"}],"wp:attachment":[{"href":"https:\/\/chimelongspaceshiphotel.com\/de\/wp-json\/wp\/v2\/media?parent=612"}],"curies":[{"name":"wp","href":"https:\/\/api.w.org\/{rel}","templated":true}]}}