{"id":2106,"date":"2021-03-25T04:08:26","date_gmt":"2021-03-25T04:08:26","guid":{"rendered":"http:\/\/localhost\/nuss\/?page_id=298"},"modified":"2025-12-04T15:08:35","modified_gmt":"2025-12-04T15:08:35","slug":"erlebnisse","status":"publish","type":"page","link":"https:\/\/chimelongspaceshiphotel.com\/de\/erlebnisse\/","title":{"rendered":"Erlebnisse"},"content":{"rendered":"<div data-elementor-type=\"wp-page\" data-elementor-id=\"2106\" class=\"elementor elementor-2106\">\n\t\t\t\t\t\t<section class=\"elementor-section elementor-top-section elementor-element elementor-element-1954ffc elementor-section-boxed elementor-section-gap-beside-yes elementor-section-height-default elementor-section-height-default elementor-section-column-vertical-align-stretch\" data-id=\"1954ffc\" data-element_type=\"section\" data-e-type=\"section\">\n\t\t\t\t\t\t<div class=\"elementor-container elementor-column-gap-extended\">\n\t\t\t\t\t<div class=\"elementor-column elementor-col-100 elementor-top-column elementor-element elementor-element-86aebc5\" data-id=\"86aebc5\" data-element_type=\"column\" data-e-type=\"column\">\n\t\t\t<div class=\"elementor-widget-wrap elementor-element-populated\">\n\t\t\t\t\t\t<div class=\"elementor-element elementor-element-11803d1 elementor-widget__width-initial elementor-invisible elementor-widget elementor-widget-text-editor\" data-id=\"11803d1\" data-element_type=\"widget\" data-e-type=\"widget\" data-settings=\"{&quot;_animation&quot;:&quot;nussFadeInUp&quot;}\" data-widget_type=\"text-editor.default\">\n\t\t\t\t<div class=\"elementor-widget-container\">\n\t\t\t\t\t\t\t\t\t<h3>Eine galaktische Reise durch G\u00e4stefeedback<\/h3>\t\t\t\t\t\t\t\t<\/div>\n\t\t\t\t<\/div>\n\t\t\t\t\t<\/div>\n\t\t<\/div>\n\t\t\t\t\t<\/div>\n\t\t<\/section>\n\t\t\t\t<section class=\"elementor-section elementor-top-section elementor-element elementor-element-b2344ff elementor-section-gap-beside-no elementor-section-boxed elementor-section-height-default elementor-section-height-default elementor-section-column-vertical-align-stretch\" data-id=\"b2344ff\" data-element_type=\"section\" data-e-type=\"section\">\n\t\t\t\t\t\t<div class=\"elementor-container elementor-column-gap-extended\">\n\t\t\t\t\t<div class=\"elementor-column elementor-col-50 elementor-top-column elementor-element elementor-element-4698ec8\" data-id=\"4698ec8\" data-element_type=\"column\" data-e-type=\"column\">\n\t\t\t<div class=\"elementor-widget-wrap elementor-element-populated\">\n\t\t\t\t\t\t<div class=\"elementor-element elementor-element-88e5290 elementor-invisible nuss-elementor-loading nuss-slide-in-right elementor-widget elementor-widget-image\" data-id=\"88e5290\" data-element_type=\"widget\" data-e-type=\"widget\" data-settings=\"{&quot;_animation&quot;:&quot;nussSlideInRight&quot;}\" data-widget_type=\"image.default\">\n\t\t\t\t<div class=\"elementor-widget-container\">\n\t\t\t\t\t\t\t\t\t\t\t\t\t\t\t<img fetchpriority=\"high\" decoding=\"async\" width=\"1138\" height=\"853\" src=\"https:\/\/chimelongspaceshiphotel.com\/wp-content\/uploads\/2025\/05\/Chimelong-Spaceship-Hotel-101.webp\" class=\"attachment-full size-full wp-image-5655\" alt=\"\" srcset=\"https:\/\/chimelongspaceshiphotel.com\/wp-content\/uploads\/2025\/05\/Chimelong-Spaceship-Hotel-101.webp 1138w, https:\/\/chimelongspaceshiphotel.com\/wp-content\/uploads\/2025\/05\/Chimelong-Spaceship-Hotel-101-300x225.webp 300w, https:\/\/chimelongspaceshiphotel.com\/wp-content\/uploads\/2025\/05\/Chimelong-Spaceship-Hotel-101-1024x768.webp 1024w, https:\/\/chimelongspaceshiphotel.com\/wp-content\/uploads\/2025\/05\/Chimelong-Spaceship-Hotel-101-768x576.webp 768w\" sizes=\"(max-width: 1138px) 100vw, 1138px\" \/>\t\t\t\t\t\t\t\t\t\t\t\t\t\t\t<\/div>\n\t\t\t\t<\/div>\n\t\t\t\t\t<\/div>\n\t\t<\/div>\n\t\t\t\t<div class=\"elementor-column elementor-col-50 elementor-top-column elementor-element elementor-element-4b9e677\" data-id=\"4b9e677\" data-element_type=\"column\" data-e-type=\"column\">\n\t\t\t<div class=\"elementor-widget-wrap elementor-element-populated\">\n\t\t\t\t\t\t<div class=\"elementor-element elementor-element-bc0b7e2 elementor-invisible elementor-widget elementor-widget-text-editor\" data-id=\"bc0b7e2\" data-element_type=\"widget\" data-e-type=\"widget\" data-settings=\"{&quot;_animation&quot;:&quot;nussFadeInUp&quot;}\" data-widget_type=\"text-editor.default\">\n\t\t\t\t<div class=\"elementor-widget-container\">\n\t\t\t\t\t\t\t\t\t<p>Begeben Sie sich auf eine Reise zu den Sternen, ohne die Erde zu verlassen, im Chimelong Spaceship Hotel, einem einzigartigen Reiseziel in Zhuhai, China, wo futuristisches Design auf unvergleichlichen Luxus trifft. Eingebettet im Herzen des Chimelong Tourist Resorts, befl\u00fcgelt dieses 5-Sterne-Wunder seit seiner Er\u00f6ffnung im Jahr 2021 die Fantasie von Reisenden aus aller Welt. Mit seiner beeindruckenden Raumschiffarchitektur, dem immersiven Weltraum-Interieur und der N\u00e4he zum weltber\u00fchmten Chimelong Ocean Kingdom verspricht das Hotel ein au\u00dfergew\u00f6hnliches Erlebnis, das Abenteuer, Entspannung und Innovation vereint. Doch was denken G\u00e4ste wirklich \u00fcber ihren Aufenthalt in diesem kosmischen Refugium? Lassen Sie uns tief in die Kundenbewertungen eintauchen, die ein lebendiges Bild des Lebens an Bord dieses au\u00dfergew\u00f6hnlichen Raumschiffs zeichnen.<\/p>\t\t\t\t\t\t\t\t<\/div>\n\t\t\t\t<\/div>\n\t\t\t\t\t<\/div>\n\t\t<\/div>\n\t\t\t\t\t<\/div>\n\t\t<\/section>\n\t\t\t\t<section class=\"elementor-section elementor-top-section elementor-element elementor-element-575fc68 elementor-section-gap-beside-no elementor-section-boxed elementor-section-height-default elementor-section-height-default elementor-section-column-vertical-align-stretch\" data-id=\"575fc68\" data-element_type=\"section\" data-e-type=\"section\">\n\t\t\t\t\t\t<div class=\"elementor-container elementor-column-gap-extended\">\n\t\t\t\t\t<div class=\"elementor-column elementor-col-50 elementor-top-column elementor-element elementor-element-dd03a56\" data-id=\"dd03a56\" data-element_type=\"column\" data-e-type=\"column\">\n\t\t\t<div class=\"elementor-widget-wrap elementor-element-populated\">\n\t\t\t\t\t\t<div class=\"elementor-element elementor-element-78ab5be elementor-invisible nuss-elementor-loading nuss-slide-in-right elementor-widget elementor-widget-image\" data-id=\"78ab5be\" data-element_type=\"widget\" data-e-type=\"widget\" data-settings=\"{&quot;_animation&quot;:&quot;nussSlideInRight&quot;}\" data-widget_type=\"image.default\">\n\t\t\t\t<div class=\"elementor-widget-container\">\n\t\t\t\t\t\t\t\t\t\t\t\t\t\t\t<img decoding=\"async\" width=\"1280\" height=\"853\" src=\"https:\/\/chimelongspaceshiphotel.com\/wp-content\/uploads\/2025\/05\/Chimelong-Spaceship-Hotel-92.webp\" class=\"attachment-full size-full wp-image-5653\" alt=\"\" srcset=\"https:\/\/chimelongspaceshiphotel.com\/wp-content\/uploads\/2025\/05\/Chimelong-Spaceship-Hotel-92.webp 1280w, https:\/\/chimelongspaceshiphotel.com\/wp-content\/uploads\/2025\/05\/Chimelong-Spaceship-Hotel-92-300x200.webp 300w, https:\/\/chimelongspaceshiphotel.com\/wp-content\/uploads\/2025\/05\/Chimelong-Spaceship-Hotel-92-1024x682.webp 1024w, https:\/\/chimelongspaceshiphotel.com\/wp-content\/uploads\/2025\/05\/Chimelong-Spaceship-Hotel-92-768x512.webp 768w\" sizes=\"(max-width: 1280px) 100vw, 1280px\" \/>\t\t\t\t\t\t\t\t\t\t\t\t\t\t\t<\/div>\n\t\t\t\t<\/div>\n\t\t\t\t\t<\/div>\n\t\t<\/div>\n\t\t\t\t<div class=\"elementor-column elementor-col-50 elementor-top-column elementor-element elementor-element-364a6b2\" data-id=\"364a6b2\" data-element_type=\"column\" data-e-type=\"column\">\n\t\t\t<div class=\"elementor-widget-wrap elementor-element-populated\">\n\t\t\t\t\t\t<div class=\"elementor-element elementor-element-ccbb94d elementor-invisible elementor-widget elementor-widget-text-editor\" data-id=\"ccbb94d\" data-element_type=\"widget\" data-e-type=\"widget\" data-settings=\"{&quot;_animation&quot;:&quot;nussFadeInUp&quot;}\" data-widget_type=\"text-editor.default\">\n\t\t\t\t<div class=\"elementor-widget-container\">\n\t\t\t\t\t\t\t\t\t<p>Das G\u00e4stefeedback des Chimelong Spaceship Hotels l\u00e4sst ein wiederkehrendes Thema erkennen: Dies ist nicht nur ein Hotel, sondern ein Reiseziel, das Gastfreundschaft durch Kreativit\u00e4t und Liebe zum Detail neu definiert. Mit \u00fcber 1.250 Zimmern und Suiten, die alle so gestaltet sind, dass sie Besucher in die Tiefen des Universums entf\u00fchren, hat das Hotel Tausende von Bewertungen auf den wichtigsten Online-Reiseplattformen (OTA) wie Trip.com, Booking.com, Agoda.com und anderen erhalten. Mit einer beeindruckenden Gesamtbewertung von 9,4 von 10 Punkten basierend auf \u00fcber 13.000 Bewertungen ist klar, dass dieser interstellare R\u00fcckzugsort einen unausl\u00f6schlichen Eindruck bei seinen Besuchern hinterlassen hat. G\u00e4ste beschreiben ihren Aufenthalt h\u00e4ufig als \u201eeine Reise jenseits aller Vorstellungskraft\u201c und loben die nahtlose Verschmelzung thematischer Wunder mit dem Komfort eines Luxusresorts. Ob Familien auf der Suche nach einem magischen Kurzurlaub, Paare auf romantischer Flucht oder Alleinreisende auf der Suche nach etwas Au\u00dfergew\u00f6hnlichem \u2013 die Bewertungen spiegeln ein nahezu universelles Gef\u00fchl von Ehrfurcht und Zufriedenheit wider.<\/p>\t\t\t\t\t\t\t\t<\/div>\n\t\t\t\t<\/div>\n\t\t\t\t\t<\/div>\n\t\t<\/div>\n\t\t\t\t\t<\/div>\n\t\t<\/section>\n\t\t\t\t<section class=\"elementor-section elementor-top-section elementor-element elementor-element-7853fd5 elementor-section-gap-beside-no elementor-section-boxed elementor-section-height-default elementor-section-height-default elementor-section-column-vertical-align-stretch\" data-id=\"7853fd5\" data-element_type=\"section\" data-e-type=\"section\">\n\t\t\t\t\t\t<div class=\"elementor-container elementor-column-gap-extended\">\n\t\t\t\t\t<div class=\"elementor-column elementor-col-50 elementor-top-column elementor-element elementor-element-9a8fa64\" data-id=\"9a8fa64\" data-element_type=\"column\" data-e-type=\"column\">\n\t\t\t<div class=\"elementor-widget-wrap elementor-element-populated\">\n\t\t\t\t\t\t<div class=\"elementor-element elementor-element-6f7d3f1 elementor-invisible nuss-elementor-loading nuss-slide-in-right elementor-widget elementor-widget-image\" data-id=\"6f7d3f1\" data-element_type=\"widget\" data-e-type=\"widget\" data-settings=\"{&quot;_animation&quot;:&quot;nussSlideInRight&quot;}\" data-widget_type=\"image.default\">\n\t\t\t\t<div class=\"elementor-widget-container\">\n\t\t\t\t\t\t\t\t\t\t\t\t\t\t\t<img decoding=\"async\" width=\"1280\" height=\"853\" src=\"https:\/\/chimelongspaceshiphotel.com\/wp-content\/uploads\/2025\/05\/Chimelong-Spaceship-Hotel-103.webp\" class=\"attachment-full size-full wp-image-5613\" alt=\"\" srcset=\"https:\/\/chimelongspaceshiphotel.com\/wp-content\/uploads\/2025\/05\/Chimelong-Spaceship-Hotel-103.webp 1280w, https:\/\/chimelongspaceshiphotel.com\/wp-content\/uploads\/2025\/05\/Chimelong-Spaceship-Hotel-103-300x200.webp 300w, https:\/\/chimelongspaceshiphotel.com\/wp-content\/uploads\/2025\/05\/Chimelong-Spaceship-Hotel-103-1024x682.webp 1024w, https:\/\/chimelongspaceshiphotel.com\/wp-content\/uploads\/2025\/05\/Chimelong-Spaceship-Hotel-103-768x512.webp 768w\" sizes=\"(max-width: 1280px) 100vw, 1280px\" \/>\t\t\t\t\t\t\t\t\t\t\t\t\t\t\t<\/div>\n\t\t\t\t<\/div>\n\t\t\t\t\t<\/div>\n\t\t<\/div>\n\t\t\t\t<div class=\"elementor-column elementor-col-50 elementor-top-column elementor-element elementor-element-abd874b\" data-id=\"abd874b\" data-element_type=\"column\" data-e-type=\"column\">\n\t\t\t<div class=\"elementor-widget-wrap elementor-element-populated\">\n\t\t\t\t\t\t<div class=\"elementor-element elementor-element-a80ff28 elementor-invisible elementor-widget elementor-widget-text-editor\" data-id=\"a80ff28\" data-element_type=\"widget\" data-e-type=\"widget\" data-settings=\"{&quot;_animation&quot;:&quot;nussFadeInUp&quot;}\" data-widget_type=\"text-editor.default\">\n\t\t\t\t<div class=\"elementor-widget-container\">\n\t\t\t\t\t\t\t\t\t<p>An <strong>Trip.com<\/strong>, wo das Hotel oft \u00fcber 9,4 von 10 Punkten erreicht, schw\u00e4rmen Reisende von der sorgf\u00e4ltigen Weltraumeinrichtung, die jeden Winkel des Anwesens durchdringt. Ein Rezensent bemerkte: \u201eSobald man die Lobby betritt, f\u00fchlt es sich an, als w\u00fcrde man ein Raumschiff auf dem Weg zu den Sternen betreten. Die Liebe zum Detail in den Zimmern, mit von der Galaxie inspirierter Beleuchtung und futuristischen Ger\u00e4ten, gaben meinen Kindern das Gef\u00fchl, echte Astronauten zu sein!\u201c Viele heben auch den au\u00dfergew\u00f6hnlichen Service hervor, wobei das Personal als \u201eherzlich, aufmerksam und immer hilfsbereit\u201c beschrieben wird und sicherstellt, dass die Mission jedes Gastes ein Erfolg wird. Die N\u00e4he zum Chimelong Ocean Kingdom ist ein weiteres wiederkehrendes Highlight, und Familien sch\u00e4tzen die Leichtigkeit, ein Abenteuer in einem Themenpark mit einem luxuri\u00f6sen Aufenthalt zu verbinden. Einige wenige Bewertungen erw\u00e4hnen jedoch, dass es zu Spitzenzeiten beim Check-in \u00fcberf\u00fcllt ist, die meisten sind sich jedoch einig, dass sich das Warten definitiv lohnt.<\/p>\t\t\t\t\t\t\t\t<\/div>\n\t\t\t\t<\/div>\n\t\t\t\t\t<\/div>\n\t\t<\/div>\n\t\t\t\t\t<\/div>\n\t\t<\/section>\n\t\t\t\t<section class=\"elementor-section elementor-top-section elementor-element elementor-element-98e8321 elementor-section-gap-beside-no elementor-section-boxed elementor-section-height-default elementor-section-height-default elementor-section-column-vertical-align-stretch\" data-id=\"98e8321\" data-element_type=\"section\" data-e-type=\"section\">\n\t\t\t\t\t\t<div class=\"elementor-container elementor-column-gap-extended\">\n\t\t\t\t\t<div class=\"elementor-column elementor-col-50 elementor-top-column elementor-element elementor-element-b761801\" data-id=\"b761801\" data-element_type=\"column\" data-e-type=\"column\">\n\t\t\t<div class=\"elementor-widget-wrap elementor-element-populated\">\n\t\t\t\t\t\t<div class=\"elementor-element elementor-element-f202217 elementor-invisible nuss-elementor-loading nuss-slide-in-right elementor-widget elementor-widget-image\" data-id=\"f202217\" data-element_type=\"widget\" data-e-type=\"widget\" data-settings=\"{&quot;_animation&quot;:&quot;nussSlideInRight&quot;}\" data-widget_type=\"image.default\">\n\t\t\t\t<div class=\"elementor-widget-container\">\n\t\t\t\t\t\t\t\t\t\t\t\t\t\t\t<img loading=\"lazy\" decoding=\"async\" width=\"1280\" height=\"852\" src=\"https:\/\/chimelongspaceshiphotel.com\/wp-content\/uploads\/2025\/05\/Chimelong-Spaceship-Hotel-99.webp\" class=\"attachment-full size-full wp-image-5670\" alt=\"\" srcset=\"https:\/\/chimelongspaceshiphotel.com\/wp-content\/uploads\/2025\/05\/Chimelong-Spaceship-Hotel-99.webp 1280w, https:\/\/chimelongspaceshiphotel.com\/wp-content\/uploads\/2025\/05\/Chimelong-Spaceship-Hotel-99-300x200.webp 300w, https:\/\/chimelongspaceshiphotel.com\/wp-content\/uploads\/2025\/05\/Chimelong-Spaceship-Hotel-99-1024x682.webp 1024w, https:\/\/chimelongspaceshiphotel.com\/wp-content\/uploads\/2025\/05\/Chimelong-Spaceship-Hotel-99-768x511.webp 768w\" sizes=\"(max-width: 1280px) 100vw, 1280px\" \/>\t\t\t\t\t\t\t\t\t\t\t\t\t\t\t<\/div>\n\t\t\t\t<\/div>\n\t\t\t\t\t<\/div>\n\t\t<\/div>\n\t\t\t\t<div class=\"elementor-column elementor-col-50 elementor-top-column elementor-element elementor-element-0d2b854\" data-id=\"0d2b854\" data-element_type=\"column\" data-e-type=\"column\">\n\t\t\t<div class=\"elementor-widget-wrap elementor-element-populated\">\n\t\t\t\t\t\t<div class=\"elementor-element elementor-element-d68355f elementor-invisible elementor-widget elementor-widget-text-editor\" data-id=\"d68355f\" data-element_type=\"widget\" data-e-type=\"widget\" data-settings=\"{&quot;_animation&quot;:&quot;nussFadeInUp&quot;}\" data-widget_type=\"text-editor.default\">\n\t\t\t\t<div class=\"elementor-widget-container\">\n\t\t\t\t\t\t\t\t\t<p>\u00dcber auf <strong>Booking.com<\/strong>, wo das Hotel eine hervorragende Bewertung von 9,3 von 10 Punkten hat, spiegeln die R\u00fcckmeldungen \u00e4hnliche Gef\u00fchle des Staunens und der Freude wider. G\u00e4ste loben h\u00e4ufig die innovativen Annehmlichkeiten, wie etwa die intelligenten Steuerungssysteme in den Zimmern, mit denen sich Beleuchtung und Temperatur m\u00fchelos anpassen lassen. In einer aktuellen Bewertung hie\u00df es: \u201eDie Space Suite hat meine Erwartungen \u00fcbertroffen \u2013 in einem Kingsize-Bett unter einem Sternenhimmel zu schlafen, f\u00fchlte sich surreal an. Die Badezimmerausstattung war erstklassig und die Aussicht auf das S\u00fcdchinesische Meer atemberaubend.\u201c Auch die Speisem\u00f6glichkeiten des Hotels werden hoch gelobt. Mehrere Restaurants vor Ort bieten abwechslungsreiche K\u00fcche f\u00fcr den internationalen Geschmack. Einige konstruktive R\u00fcckmeldungen weisen auf gelegentliche Sprachbarrieren mit dem Personal hin, obwohl die allgemeine Gastfreundschaft von der Mehrheit als \u201eWeltklasse\u201c beschrieben wird.<\/p>\t\t\t\t\t\t\t\t<\/div>\n\t\t\t\t<\/div>\n\t\t\t\t\t<\/div>\n\t\t<\/div>\n\t\t\t\t\t<\/div>\n\t\t<\/section>\n\t\t\t\t<section class=\"elementor-section elementor-top-section elementor-element elementor-element-3a6482e elementor-section-gap-beside-no elementor-section-boxed elementor-section-height-default elementor-section-height-default elementor-section-column-vertical-align-stretch\" data-id=\"3a6482e\" data-element_type=\"section\" data-e-type=\"section\">\n\t\t\t\t\t\t<div class=\"elementor-container elementor-column-gap-extended\">\n\t\t\t\t\t<div class=\"elementor-column elementor-col-50 elementor-top-column elementor-element elementor-element-885ce92\" data-id=\"885ce92\" data-element_type=\"column\" data-e-type=\"column\">\n\t\t\t<div class=\"elementor-widget-wrap elementor-element-populated\">\n\t\t\t\t\t\t<div class=\"elementor-element elementor-element-e824b2d elementor-invisible nuss-elementor-loading nuss-slide-in-right elementor-widget elementor-widget-image\" data-id=\"e824b2d\" data-element_type=\"widget\" data-e-type=\"widget\" data-settings=\"{&quot;_animation&quot;:&quot;nussSlideInRight&quot;}\" data-widget_type=\"image.default\">\n\t\t\t\t<div class=\"elementor-widget-container\">\n\t\t\t\t\t\t\t\t\t\t\t\t\t\t\t<img loading=\"lazy\" decoding=\"async\" width=\"2100\" height=\"1399\" src=\"https:\/\/chimelongspaceshiphotel.com\/wp-content\/uploads\/2025\/05\/ChimelongSpaceshipHotel_banner.jpg\" class=\"attachment-full size-full wp-image-5495\" alt=\"\" srcset=\"https:\/\/chimelongspaceshiphotel.com\/wp-content\/uploads\/2025\/05\/ChimelongSpaceshipHotel_banner.jpg 2100w, https:\/\/chimelongspaceshiphotel.com\/wp-content\/uploads\/2025\/05\/ChimelongSpaceshipHotel_banner-300x200.jpg 300w, https:\/\/chimelongspaceshiphotel.com\/wp-content\/uploads\/2025\/05\/ChimelongSpaceshipHotel_banner-1024x682.jpg 1024w, https:\/\/chimelongspaceshiphotel.com\/wp-content\/uploads\/2025\/05\/ChimelongSpaceshipHotel_banner-768x512.jpg 768w, https:\/\/chimelongspaceshiphotel.com\/wp-content\/uploads\/2025\/05\/ChimelongSpaceshipHotel_banner-1536x1023.jpg 1536w, https:\/\/chimelongspaceshiphotel.com\/wp-content\/uploads\/2025\/05\/ChimelongSpaceshipHotel_banner-2048x1364.jpg 2048w\" sizes=\"(max-width: 2100px) 100vw, 2100px\" \/>\t\t\t\t\t\t\t\t\t\t\t\t\t\t\t<\/div>\n\t\t\t\t<\/div>\n\t\t\t\t\t<\/div>\n\t\t<\/div>\n\t\t\t\t<div class=\"elementor-column elementor-col-50 elementor-top-column elementor-element elementor-element-1addd1f\" data-id=\"1addd1f\" data-element_type=\"column\" data-e-type=\"column\">\n\t\t\t<div class=\"elementor-widget-wrap elementor-element-populated\">\n\t\t\t\t\t\t<div class=\"elementor-element elementor-element-a113780 elementor-invisible elementor-widget elementor-widget-text-editor\" data-id=\"a113780\" data-element_type=\"widget\" data-e-type=\"widget\" data-settings=\"{&quot;_animation&quot;:&quot;nussFadeInUp&quot;}\" data-widget_type=\"text-editor.default\">\n\t\t\t\t<div class=\"elementor-widget-container\">\n\t\t\t\t\t\t\t\t\t<p><strong>Agoda.com<\/strong> Nutzer, die dem Hotel durchschnittlich 9,2 von 10 Punkten geben, betonen oft das Preis-Leistungs-Verh\u00e4ltnis und das einzigartige Erlebnis, das das Chimelong Spaceship Hotel von traditionellen Luxusunterk\u00fcnften unterscheidet. Ein Gast meinte: \u201eDas ist nicht nur ein Ort zum Schlafen, es ist ein Abenteuer. Das Weltraumthema ist so gut umgesetzt, von den interaktiven Unterhaltungssystemen bis zu den Umgebungsger\u00e4uschen eines Raumschiffs in den Fluren. Es ist jeden Cent wert!\u201c Familien und Gruppen sch\u00e4tzen besonders die ger\u00e4umigen Zimmer und die kinderfreundlichen Einrichtungen, w\u00e4hrend Alleinreisende und Paare die ruhige Atmosph\u00e4re bestimmter Bereiche hervorheben, die sich perfekt zum Entspannen nach einem Tag voller Entdeckungen eignen. In einigen Bewertungen wird erw\u00e4hnt, dass die WLAN-Verbindung in einigen Bereichen unzuverl\u00e4ssig sein kann, aber solche Kommentare sind inmitten der Flut an begeisterten Erfahrungsberichten selten.<\/p><p>\u00dcber andere Plattformen wie <strong>Expedia<\/strong> Und <strong>Hotels.com<\/strong>Die Bewertungen bleiben durchweg positiv, die Bewertungen liegen konstant zwischen 4,7 und 4,9 von 5 Punkten. G\u00e4ste erw\u00e4hnen oft die F\u00e4higkeit des Hotels, auf eine breite Palette von Bed\u00fcrfnissen einzugehen, sei es ein zauberhaftes Erlebnis f\u00fcr Kinder oder die Bereitstellung eleganter R\u00e4umlichkeiten f\u00fcr Gesch\u00e4ftsreisende. Das Fitnesscenter, der Swimmingpool und die Spa-Angebote werden h\u00e4ufig als hervorragende Erg\u00e4nzungen des Aufenthalts hervorgehoben, w\u00e4hrend die vom Hotel veranstalteten Themenveranstaltungen und -aktivit\u00e4ten \u2013 oft mit Weltraumbezug \u2013 f\u00fcr zus\u00e4tzliche Spannung sorgen. Ein Expedia-Rezensent brachte es perfekt auf den Punkt: \u201eDas Chimelong Spaceship Hotel erf\u00fcllt nicht nur Erwartungen, es katapultiert sie in die Umlaufbahn. Ich habe noch nie an einem solchen Ort \u00fcbernachtet und kann es kaum erwarten, wiederzukommen.\u201c<\/p>\t\t\t\t\t\t\t\t<\/div>\n\t\t\t\t<\/div>\n\t\t\t\t\t<\/div>\n\t\t<\/div>\n\t\t\t\t\t<\/div>\n\t\t<\/section>\n\t\t<div class=\"elementor-element elementor-element-dc41815 e-flex e-con-boxed e-con e-parent\" data-id=\"dc41815\" data-element_type=\"container\" data-e-type=\"container\">\n\t\t\t\t\t<div class=\"e-con-inner\">\n\t\t\t\t<div class=\"elementor-element elementor-element-1984a37 elementor-widget elementor-widget-text-editor\" data-id=\"1984a37\" data-element_type=\"widget\" data-e-type=\"widget\" data-widget_type=\"text-editor.default\">\n\t\t\t\t<div class=\"elementor-widget-container\">\n\t\t\t\t\t\t\t\t\t<p>\u00dcber die Zahlen und Sternebewertungen hinaus zeigen individuelle Geschichten von G\u00e4sten, welche emotionale Wirkung ein Aufenthalt im Chimelong Spaceship Hotel auf sie hat. Eltern beschreiben die Freude in den Gesichtern ihrer Kinder, wenn diese die wie Raumkapseln gestalteten Zimmer erkunden, w\u00e4hrend Paare von romantischen Abenden unter simuliertem Sternenhimmel berichten. Gesch\u00e4ftsreisende sch\u00e4tzen die modernen Konferenzeinrichtungen in Kombination mit einer Umgebung, die die Kreativit\u00e4t anregt. Selbst gelegentliche Kritik \u2013 wie Wartezeiten in der Hochsaison oder kleinere Wartungsprobleme \u2013 wird oft mit dem Verst\u00e4ndnis formuliert, dass allein das ehrgeizige Konzept des Hotels es zu einem herausragenden Hotel in der Hotelbranche macht.<\/p><p>Zusammenfassend zeichnen die Kundenerfahrungen im Chimelong Spaceship Hotel, wie sie sich in Bewertungen von OTAs und pers\u00f6nlichen Berichten widerspiegeln, das Bild eines Reiseziels, das das Gew\u00f6hnliche \u00fcbersteigt. Mit einer durchschnittlichen Bewertung von 9,4\/10 aus \u00fcber 13.000 Bewertungen ist es offensichtlich, dass dieses Hotel die Kunst beherrscht, thematisches Eintauchen mit Luxus und Komfort zu verbinden. Ob es das innovative Design, der au\u00dfergew\u00f6hnliche Service oder die magische N\u00e4he zu einem der f\u00fchrenden Themenparks Asiens ist \u2013 die G\u00e4ste sind sich einig, dass ein Aufenthalt hier nichts weniger als ein herausragendes Abenteuer ist. F\u00fcr diejenigen, die einen Besuch in Erw\u00e4gung ziehen, ist der Konsens klar: Machen Sie sich bereit, \u00fcberrascht und inspiriert zu werden und in ein Reich entf\u00fchrt zu werden, in dem die Grenzen der Erde verschwinden und die Wunder des Kosmos zum Leben erwachen. Das Chimelong Spaceship Hotel ist nicht nur ein Ort zum \u00dcbernachten \u2013 es ist eine Startrampe f\u00fcr Erinnerungen, die ein Leben lang halten.<\/p>\t\t\t\t\t\t\t\t<\/div>\n\t\t\t\t<\/div>\n\t\t\t\t\t<\/div>\n\t\t\t\t<\/div>\n\t\t\t\t<\/div>","protected":false},"excerpt":{"rendered":"<p>A Galactic Journey Through Guest Feedback Embark on a voyage through the stars without ever leaving Earth at Chimelong Spaceship Hotel, a one-of-a-kind destination in Zhuhai, China, where futuristic design meets unparalleled luxury. Nestled in the heart of the Chimelong Tourist Resort, this 5-star marvel has captivated the imaginations of travelers from around the globe [&hellip;]<\/p>\n","protected":false},"author":1,"featured_media":0,"parent":0,"menu_order":0,"comment_status":"closed","ping_status":"closed","template":"","meta":{"footnotes":""},"class_list":["post-2106","page","type-page","status-publish","hentry","post-no-thumbnail"],"_links":{"self":[{"href":"https:\/\/chimelongspaceshiphotel.com\/de\/wp-json\/wp\/v2\/pages\/2106","targetHints":{"allow":["GET"]}}],"collection":[{"href":"https:\/\/chimelongspaceshiphotel.com\/de\/wp-json\/wp\/v2\/pages"}],"about":[{"href":"https:\/\/chimelongspaceshiphotel.com\/de\/wp-json\/wp\/v2\/types\/page"}],"author":[{"embeddable":true,"href":"https:\/\/chimelongspaceshiphotel.com\/de\/wp-json\/wp\/v2\/users\/1"}],"replies":[{"embeddable":true,"href":"https:\/\/chimelongspaceshiphotel.com\/de\/wp-json\/wp\/v2\/comments?post=2106"}],"version-history":[{"count":0,"href":"https:\/\/chimelongspaceshiphotel.com\/de\/wp-json\/wp\/v2\/pages\/2106\/revisions"}],"wp:attachment":[{"href":"https:\/\/chimelongspaceshiphotel.com\/de\/wp-json\/wp\/v2\/media?parent=2106"}],"curies":[{"name":"wp","href":"https:\/\/api.w.org\/{rel}","templated":true}]}}